{"id":13898,"date":"2025-09-04T19:12:23","date_gmt":"2025-09-04T19:12:23","guid":{"rendered":"https:\/\/liscontentores.com\/?page_id=13898"},"modified":"2025-09-04T19:12:26","modified_gmt":"2025-09-04T19:12:26","slug":"politica-de-cookies","status":"publish","type":"page","link":"https:\/\/liscontentores.com\/index.php\/politica-de-cookies\/","title":{"rendered":"Pol\u00edtica de Cookies"},"content":{"rendered":"\n<p>Utilizamos cookies e ferramentas semelhantes (denominadas coletivamente \u201ccookies\u201d) para os fins descritos a seguir.<\/p>\n\n\n\n<p><strong>Cookies operacionais<\/strong>: utilizamos cookies para fornecer os nossos servi\u00e7os, por exemplo:<\/p>\n\n\n\n<ul class=\"wp-block-list\">\n<li>Solicitar que se identifique ao aceder para utilizar os nossos servi\u00e7os.<\/li>\n\n\n\n<li>Reconhec\u00ea-lo como cliente e fornecer funcionalidades e servi\u00e7os personalizados.<\/li>\n\n\n\n<li>Mostrar recursos, produtos e servi\u00e7os que possam interessar-lhe, incluindo publicidade sobre ofertas e descontos dispon\u00edveis.<\/li>\n\n\n\n<li>Manter o registo dos artigos guardados no seu carrinho.<\/li>\n\n\n\n<li>Prevenir atividades fraudulentas.<\/li>\n\n\n\n<li>Melhorar a seguran\u00e7a.<\/li>\n\n\n\n<li>Guardar as suas prefer\u00eancias, como moeda e idioma.<\/li>\n<\/ul>\n\n\n\n<p>Tamb\u00e9m usamos cookies para compreender como os clientes utilizam os nossos servi\u00e7os, a fim de melhorar a experi\u00eancia. Por exemplo, analisamos quais conte\u00fados, produtos e servi\u00e7os t\u00eam melhor desempenho e onde podem ser aplicados descontos.<\/p>\n\n\n\n<p><strong>Cookies publicit\u00e1rias<\/strong>: utilizamos cookies para apresentar an\u00fancios relevantes, incluindo produtos e servi\u00e7os n\u00e3o dispon\u00edveis com desconto, adaptados aos seus interesses.<\/p>\n\n\n\n<p><strong>Cookies de terceiros<\/strong>: terceiros autorizados (como motores de busca, redes sociais, fornecedores de an\u00e1lise e empresas de publicidade) tamb\u00e9m podem definir cookies quando utiliza os nossos servi\u00e7os. Estes cookies s\u00e3o usados para apresentar conte\u00fado e publicidade relevantes, medir a efic\u00e1cia de campanhas e prestar servi\u00e7os em nome da nossa empresa.<\/p>\n\n\n\n<p>Para saber mais sobre publicidade baseada em interesses, consulte o nosso <strong>Aviso de Publicidade Baseada em Interesses<\/strong>. Pode gerir as suas prefer\u00eancias na p\u00e1gina de <strong>Configura\u00e7\u00f5es de Cookies<\/strong>, onde tamb\u00e9m ver\u00e1 a lista de terceiros autorizados.<\/p>\n\n\n\n<p><strong>Informa\u00e7\u00f5es adicionais<\/strong><\/p>\n\n\n\n<p>As cookies permanecem no seu navegador por at\u00e9 13 meses ap\u00f3s a sua \u00faltima visita, exceto as cookies relacionadas a prefer\u00eancias pessoais (como publicidade), que permanecem at\u00e9 5 anos.<\/p>\n\n\n\n<p>Pode gerir as cookies na p\u00e1gina de configura\u00e7\u00f5es do navegador, incluindo:<\/p>\n\n\n\n<ul class=\"wp-block-list\">\n<li>Bloquear novas cookies<\/li>\n\n\n\n<li>Receber alertas ao receber uma nova cookie<\/li>\n\n\n\n<li>Desativar ou apagar cookies<\/li>\n\n\n\n<li>Ver a data de expira\u00e7\u00e3o das cookies<\/li>\n<\/ul>\n\n\n\n<p><strong>Aten\u00e7\u00e3o<\/strong>: algumas cookies operacionais s\u00e3o essenciais para o funcionamento do site. Se as bloquear, certas funcionalidades (como adicionar artigos ao carrinho ou finalizar compras) poder\u00e3o n\u00e3o funcionar corretamente.<\/p>\n\n\n\n<p><strong>Contacto<\/strong><br>Para qualquer quest\u00e3o sobre a nossa pol\u00edtica de cookies, entre em contacto: <strong><a>contato@liscontentores.com<\/a> \/ <a>liscontentores@gmail.com<\/a><\/strong>.<\/p>\n","protected":false},"excerpt":{"rendered":"<p>Utilizamos cookies e ferramentas semelhantes (denominadas coletivamente \u201ccookies\u201d) para os fins descritos a seguir. Cookies operacionais: utilizamos cookies para fornecer os nossos servi\u00e7os, por exemplo: Tamb\u00e9m usamos cookies para compreender como os clientes utilizam os nossos servi\u00e7os, a fim de melhorar a experi\u00eancia. Por exemplo, analisamos quais conte\u00fados, produtos e servi\u00e7os t\u00eam melhor desempenho e [&hellip;]<\/p>\n","protected":false},"author":1,"featured_media":0,"parent":0,"menu_order":0,"comment_status":"closed","ping_status":"closed","template":"","meta":{"footnotes":""},"class_list":["post-13898","page","type-page","status-publish","hentry"],"_links":{"self":[{"href":"https:\/\/liscontentores.com\/index.php\/wp-json\/wp\/v2\/pages\/13898","targetHints":{"allow":["GET"]}}],"collection":[{"href":"https:\/\/liscontentores.com\/index.php\/wp-json\/wp\/v2\/pages"}],"about":[{"href":"https:\/\/liscontentores.com\/index.php\/wp-json\/wp\/v2\/types\/page"}],"author":[{"embeddable":true,"href":"https:\/\/liscontentores.com\/index.php\/wp-json\/wp\/v2\/users\/1"}],"replies":[{"embeddable":true,"href":"https:\/\/liscontentores.com\/index.php\/wp-json\/wp\/v2\/comments?post=13898"}],"version-history":[{"count":1,"href":"https:\/\/liscontentores.com\/index.php\/wp-json\/wp\/v2\/pages\/13898\/revisions"}],"predecessor-version":[{"id":13899,"href":"https:\/\/liscontentores.com\/index.php\/wp-json\/wp\/v2\/pages\/13898\/revisions\/13899"}],"wp:attachment":[{"href":"https:\/\/liscontentores.com\/index.php\/wp-json\/wp\/v2\/media?parent=13898"}],"curies":[{"name":"wp","href":"https:\/\/api.w.org\/{rel}","templated":true}]}}