{"id":13903,"date":"2025-09-04T19:41:43","date_gmt":"2025-09-04T19:41:43","guid":{"rendered":"https:\/\/liscontentores.com\/?page_id=13903"},"modified":"2025-10-09T13:57:25","modified_gmt":"2025-10-09T13:57:25","slug":"mencao-legal","status":"publish","type":"page","link":"https:\/\/liscontentores.com\/index.php\/mencao-legal\/","title":{"rendered":"Men\u00e7\u00e3o Legal"},"content":{"rendered":"\n<p><strong>Sede social:<\/strong> R. Prof. Machado Vilela 207, 4715-213 Braga &#8211; Portugal<br><strong>CIF\/NIF:<\/strong> 501427767<br><strong>N\u00famero de IVA:<\/strong> PT501427767<br><strong>Atividade:<\/strong> Manuseamento de carga, venda de contentores e acess\u00f3rios<br><strong>Telefone:<\/strong> WhatsApp : (+351) 960 365 930 \/ (+33) 7 80 89 23 97<br><strong>E-mail:<\/strong> <a>contato@liscontentores.com<\/a> \/ <a>liscontentores@gmail.com<\/a><br><strong>Website:<\/strong> <a href=\"https:\/\/liscontentores.com\/index.php?utm_source=chatgpt.com\">https:\/\/liscontentores.com\/index.php<\/a><\/p>\n\n\n\n<hr class=\"wp-block-separator has-alpha-channel-opacity\"\/>\n\n\n\n<p><strong><strong>LISCONT &#8211; OPERADORES DE CONTENTORES, S.A.<\/strong><\/strong> (<strong>CIF\/NIF:<\/strong> 501427767) \u00e9 uma empresa espanhola cuja sede legal se encontra em R. Prof. Machado Vilela 207, 4715-213 Braga &#8211; Portugal, Manuseamento de carga, venda de contentores e acess\u00f3rios.<\/p>\n\n\n\n<hr class=\"wp-block-separator has-alpha-channel-opacity\"\/>\n\n\n\n<p><strong>Fornecedor de hospedagem:<\/strong><br>MYTRUEHOST<br>5831 Walnut Street, 31, Pittsburgh, PA, USA 15232<\/p>\n\n\n\n<hr class=\"wp-block-separator has-alpha-channel-opacity\"\/>\n\n\n\n<p><strong>Propriedade intelectual<\/strong><br>Todos os elementos do site <a href=\"https:\/\/liscontentores.com\/index.php\">https:\/\/liscontentores.com\/index.php<\/a>, sejam visuais ou sonoros, incluindo a tecnologia subjacente, est\u00e3o protegidos por direitos de autor, marcas registadas ou patentes. O utilizador \u00e9 o \u00fanico respons\u00e1vel pela utiliza\u00e7\u00e3o das informa\u00e7\u00f5es acess\u00edveis atrav\u00e9s deste site. O Webmaster do site <a href=\"https:\/\/liscontentores.com\/index.php\">https:\/\/liscontentores.com\/index.php<\/a> reserva-se o direito de modificar os presentes termos a qualquer momento, nomeadamente atrav\u00e9s da atualiza\u00e7\u00e3o deste site.<\/p>\n\n\n\n<p>Estes elementos s\u00e3o propriedade exclusiva nossa. Salvo disposi\u00e7\u00e3o expressa, \u00e9 proibida a reprodu\u00e7\u00e3o, modifica\u00e7\u00e3o, transmiss\u00e3o, publica\u00e7\u00e3o, adapta\u00e7\u00e3o, em qualquer suporte ou por qualquer meio, total ou parcial, do site sem autoriza\u00e7\u00e3o pr\u00e9via por escrito.<\/p>\n\n\n\n<p>\u00c9 estritamente proibido criar qualquer liga\u00e7\u00e3o de hipertexto para o site <a href=\"https:\/\/liscontentores.com\/index.php\">https:\/\/liscontentores.com\/index.php<\/a> e utilizar a t\u00e9cnica de deep linking (\u201cdeep linking\u201d ou \u201cframing\u201d), ou seja, as p\u00e1ginas do site n\u00e3o devem ser incorporadas nas p\u00e1ginas de outro site, devendo ser acess\u00edveis apenas atrav\u00e9s da abertura de uma nova janela.<\/p>\n\n\n\n<p>As informa\u00e7\u00f5es relativas \u00e0 recolha e ao tratamento de dados pessoais (informa\u00e7\u00e3o e declara\u00e7\u00e3o) s\u00e3o fornecidas na <strong>Pol\u00edtica de Prote\u00e7\u00e3o de Dados Pessoais<\/strong> do site.<\/p>\n\n\n\n<hr class=\"wp-block-separator has-alpha-channel-opacity\"\/>\n\n\n\n<p><strong>Pol\u00edtica de Privacidade \u2013 Cookies<\/strong><\/p>\n\n\n\n<p>Pol\u00edtica de Privacidade:<br><a href=\"https:\/\/liscontentores.com\/index.php\/politica-de-privacidade\/?utm_source=chatgpt.com\">https:\/\/liscontentores.com\/index.php\/politica-de-privacidade\/<\/a><\/p>\n\n\n\n<p>Pol\u00edtica de Cookies:<br><a href=\"https:\/\/liscontentores.com\/index.php\/politica-de-cookies\/?utm_source=chatgpt.com\">https:\/\/liscontentores.com\/index.php\/politica-de-cookies\/<\/a><\/p>\n\n\n\n<hr class=\"wp-block-separator has-alpha-channel-opacity\"\/>\n\n\n\n<p><strong>Aceita\u00e7\u00e3o das Condi\u00e7\u00f5es de Utiliza\u00e7\u00e3o<\/strong><br>O acesso e utiliza\u00e7\u00e3o do site implicam a aceita\u00e7\u00e3o plena e sem reservas de todas as disposi\u00e7\u00f5es inclu\u00eddas nesta Men\u00e7\u00e3o Legal.<\/p>\n","protected":false},"excerpt":{"rendered":"<p>Sede social: R. Prof. Machado Vilela 207, 4715-213 Braga &#8211; PortugalCIF\/NIF: 501427767N\u00famero de IVA: PT501427767Atividade: Manuseamento de carga, venda de contentores e acess\u00f3riosTelefone: WhatsApp : (+351) 960 365 930 \/ (+33) 7 80 89 23 97E-mail: contato@liscontentores.com \/ liscontentores@gmail.comWebsite: https:\/\/liscontentores.com\/index.php LISCONT &#8211; OPERADORES DE CONTENTORES, S.A. (CIF\/NIF: 501427767) \u00e9 uma empresa espanhola cuja sede legal [&hellip;]<\/p>\n","protected":false},"author":1,"featured_media":0,"parent":0,"menu_order":0,"comment_status":"closed","ping_status":"closed","template":"","meta":{"footnotes":""},"class_list":["post-13903","page","type-page","status-publish","hentry"],"_links":{"self":[{"href":"https:\/\/liscontentores.com\/index.php\/wp-json\/wp\/v2\/pages\/13903","targetHints":{"allow":["GET"]}}],"collection":[{"href":"https:\/\/liscontentores.com\/index.php\/wp-json\/wp\/v2\/pages"}],"about":[{"href":"https:\/\/liscontentores.com\/index.php\/wp-json\/wp\/v2\/types\/page"}],"author":[{"embeddable":true,"href":"https:\/\/liscontentores.com\/index.php\/wp-json\/wp\/v2\/users\/1"}],"replies":[{"embeddable":true,"href":"https:\/\/liscontentores.com\/index.php\/wp-json\/wp\/v2\/comments?post=13903"}],"version-history":[{"count":3,"href":"https:\/\/liscontentores.com\/index.php\/wp-json\/wp\/v2\/pages\/13903\/revisions"}],"predecessor-version":[{"id":14030,"href":"https:\/\/liscontentores.com\/index.php\/wp-json\/wp\/v2\/pages\/13903\/revisions\/14030"}],"wp:attachment":[{"href":"https:\/\/liscontentores.com\/index.php\/wp-json\/wp\/v2\/media?parent=13903"}],"curies":[{"name":"wp","href":"https:\/\/api.w.org\/{rel}","templated":true}]}}