{"id":13908,"date":"2025-09-04T21:20:33","date_gmt":"2025-09-04T21:20:33","guid":{"rendered":"https:\/\/liscontentores.com\/?page_id=13908"},"modified":"2026-02-28T11:26:27","modified_gmt":"2026-02-28T11:26:27","slug":"condicoes-de-entrega","status":"publish","type":"page","link":"https:\/\/liscontentores.com\/index.php\/condicoes-de-entrega\/","title":{"rendered":"Condi\u00e7\u00f5es de Entrega"},"content":{"rendered":"\n<p><\/p>\n\n\n\n<p>Na <strong>LISCONT &#8211; OPERADORES DE CONTENTORES, S.A.<\/strong>, comprometemo-nos a garantir uma entrega direta, r\u00e1pida e segura dos seus contentores, totalmente gerida pela nossa pr\u00f3pria equipa de transporte.<br>Dessa forma, assumimos toda a log\u00edstica, sem intermedi\u00e1rios, garantindo o cumprimento dos prazos e a qualidade do servi\u00e7o.<\/p>\n\n\n\n<hr class=\"wp-block-separator has-alpha-channel-opacity\"\/>\n\n\n\n<h3 class=\"wp-block-heading\">Prazos de prepara\u00e7\u00e3o e entrega<\/h3>\n\n\n\n<p>Para qualquer encomenda feita em dias \u00fateis, preparamos o seu contentor e organizamos a entrega no prazo de <strong>7 a 15 dias \u00fateis<\/strong>.<br>Assim que a sua encomenda sair do nosso armaz\u00e9m, receber\u00e1 um <strong>n\u00famero de acompanhamento personalizado<\/strong> que lhe permitir\u00e1 seguir o progresso da entrega em tempo real, at\u00e9 ao endere\u00e7o indicado.<\/p>\n\n\n\n<hr class=\"wp-block-separator has-alpha-channel-opacity\"\/>\n\n\n\n<h3 class=\"wp-block-heading\">Tarifas e prazos de entrega<\/h3>\n\n\n\n<figure class=\"wp-block-table\"><table class=\"has-fixed-layout\"><thead><tr><th>N\u00famero de contentores<\/th><th>Prazo de entrega<\/th><th>Tarifa de entrega<\/th><\/tr><\/thead><tbody><tr><td>1 contentor<\/td><td>7 a 15 dias \u00fateis<\/td><td>250 \u20ac<\/td><\/tr><tr><td>2 contentores<\/td><td>7 a 15 dias \u00fateis<\/td><td>500 \u20ac<\/td><\/tr><tr><td>3 contentores<\/td><td>7 a 15 dias \u00fateis<\/td><td>750 \u20ac<\/td><\/tr><tr><td>4 contentores<\/td><td>7 a 15 dias \u00fateis<\/td><td>1 000 \u20ac<\/td><\/tr><\/tbody><\/table><\/figure>\n\n\n\n<hr class=\"wp-block-separator has-alpha-channel-opacity\"\/>\n\n\n\n<h3 class=\"wp-block-heading\">Acompanhamento e assist\u00eancia<\/h3>\n\n\n\n<p>Ao optar por uma entrega realizada pela nossa equipa, beneficia de um acompanhamento direto e preciso.<br>Em caso de imprevistos ou situa\u00e7\u00f5es excecionais, manteremos informado sobre qualquer ajuste necess\u00e1rio.<br>A nossa equipa de transporte \u00e9 especialmente treinada para garantir a seguran\u00e7a das mercadorias em tr\u00e2nsito e assegurar que os seus contentores cheguem <strong>em perfeitas condi\u00e7\u00f5es<\/strong>.<\/p>\n\n\n\n<hr class=\"wp-block-separator has-alpha-channel-opacity\"\/>\n\n\n\n<h3 class=\"wp-block-heading\">Morada do nosso armaz\u00e9m<\/h3>\n\n\n\n<p><strong>LISCONT &#8211; OPERADORES DE CONTENTORES, S.A.<\/strong><br>R. Prof. Machado Vilela 207, 4715-213 Braga &#8211; Portugal<\/p>\n\n\n\n<hr class=\"wp-block-separator has-alpha-channel-opacity\"\/>\n\n\n\n<h3 class=\"wp-block-heading\">Contacte-nos<\/h3>\n\n\n\n<p>\ud83d\udcde Telefone: WhatsApp : (+33) 7 80 89 23 97 \/ (+351) 960 365 930 (WhatsApp \u2013 tamb\u00e9m dispon\u00edvel para acompanhamento em tempo real)<br>\ud83d\udce7 E-mail: <a>contato@liscontentores.com<\/a> \/ <a>liscontentores@gmail.com<\/a><\/p>\n\n\n\n<p>Estamos \u00e0 sua disposi\u00e7\u00e3o para qualquer quest\u00e3o relativa \u00e0 entrega dos seus contentores e comprometemo-nos a oferecer-lhe um acompanhamento personalizado para a sua total satisfa\u00e7\u00e3o.<\/p>\n\n\n\n<p><\/p>\n","protected":false},"excerpt":{"rendered":"<p>Na LISCONT &#8211; OPERADORES DE CONTENTORES, S.A., comprometemo-nos a garantir uma entrega direta, r\u00e1pida e segura dos seus contentores, totalmente gerida pela nossa pr\u00f3pria equipa de transporte.Dessa forma, assumimos toda a log\u00edstica, sem intermedi\u00e1rios, garantindo o cumprimento dos prazos e a qualidade do servi\u00e7o. Prazos de prepara\u00e7\u00e3o e entrega Para qualquer encomenda feita em dias [&hellip;]<\/p>\n","protected":false},"author":1,"featured_media":0,"parent":0,"menu_order":0,"comment_status":"closed","ping_status":"closed","template":"","meta":{"footnotes":""},"class_list":["post-13908","page","type-page","status-publish","hentry"],"_links":{"self":[{"href":"https:\/\/liscontentores.com\/index.php\/wp-json\/wp\/v2\/pages\/13908","targetHints":{"allow":["GET"]}}],"collection":[{"href":"https:\/\/liscontentores.com\/index.php\/wp-json\/wp\/v2\/pages"}],"about":[{"href":"https:\/\/liscontentores.com\/index.php\/wp-json\/wp\/v2\/types\/page"}],"author":[{"embeddable":true,"href":"https:\/\/liscontentores.com\/index.php\/wp-json\/wp\/v2\/users\/1"}],"replies":[{"embeddable":true,"href":"https:\/\/liscontentores.com\/index.php\/wp-json\/wp\/v2\/comments?post=13908"}],"version-history":[{"count":2,"href":"https:\/\/liscontentores.com\/index.php\/wp-json\/wp\/v2\/pages\/13908\/revisions"}],"predecessor-version":[{"id":14028,"href":"https:\/\/liscontentores.com\/index.php\/wp-json\/wp\/v2\/pages\/13908\/revisions\/14028"}],"wp:attachment":[{"href":"https:\/\/liscontentores.com\/index.php\/wp-json\/wp\/v2\/media?parent=13908"}],"curies":[{"name":"wp","href":"https:\/\/api.w.org\/{rel}","templated":true}]}}