{"id":633,"date":"2020-10-13T09:00:26","date_gmt":"2020-10-13T09:00:26","guid":{"rendered":"http:\/\/localhost\/razzi\/?page_id=633"},"modified":"2025-09-02T21:43:14","modified_gmt":"2025-09-02T21:43:14","slug":"sobre-nos","status":"publish","type":"page","link":"https:\/\/liscontentores.com\/index.php\/sobre-nos\/","title":{"rendered":"Sobre N\u00f3s"},"content":{"rendered":"\t\t<div data-elementor-type=\"wp-page\" data-elementor-id=\"633\" class=\"elementor elementor-633\">\n\t\t\t\t\t\t<section class=\"elementor-section elementor-top-section elementor-element elementor-element-695d9620 elementor-section-boxed elementor-section-height-default elementor-section-height-default\" data-id=\"695d9620\" data-element_type=\"section\">\n\t\t\t\t\t\t<div class=\"elementor-container elementor-column-gap-extended\">\n\t\t\t\t\t<div class=\"elementor-column elementor-col-50 elementor-top-column elementor-element elementor-element-3ab8bd90\" data-id=\"3ab8bd90\" data-element_type=\"column\">\n\t\t\t<div class=\"elementor-widget-wrap elementor-element-populated\">\n\t\t\t\t\t\t<div class=\"elementor-element elementor-element-79de2f57 elementor-widget elementor-widget-image\" data-id=\"79de2f57\" data-element_type=\"widget\" data-widget_type=\"image.default\">\n\t\t\t\t\t\t\t\t\t\t\t\t\t\t\t<img fetchpriority=\"high\" decoding=\"async\" width=\"570\" height=\"500\" src=\"https:\/\/liscontentores.com\/wp-content\/uploads\/2025\/09\/sobre.png\" class=\"attachment-large size-large wp-image-13366\" alt=\"\" srcset=\"https:\/\/liscontentores.com\/wp-content\/uploads\/2025\/09\/sobre.png 570w, https:\/\/liscontentores.com\/wp-content\/uploads\/2025\/09\/sobre-300x263.png 300w\" sizes=\"(max-width: 570px) 100vw, 570px\" \/>\t\t\t\t\t\t\t\t\t\t\t\t\t\t\t<\/div>\n\t\t\t\t\t<\/div>\n\t\t<\/div>\n\t\t\t\t<div class=\"elementor-column elementor-col-50 elementor-top-column elementor-element elementor-element-6e3daedb\" data-id=\"6e3daedb\" data-element_type=\"column\">\n\t\t\t<div class=\"elementor-widget-wrap elementor-element-populated\">\n\t\t\t\t\t\t<div class=\"elementor-element elementor-element-5904d5cf elementor-widget elementor-widget-heading\" data-id=\"5904d5cf\" data-element_type=\"widget\" data-widget_type=\"heading.default\">\n\t\t\t\t\t<h6 class=\"elementor-heading-title elementor-size-default\">Quem somos<\/h6>\t\t\t\t<\/div>\n\t\t\t\t<div class=\"elementor-element elementor-element-56e64a63 elementor-widget elementor-widget-heading\" data-id=\"56e64a63\" data-element_type=\"widget\" data-widget_type=\"heading.default\">\n\t\t\t\t\t<h3 class=\"elementor-heading-title elementor-size-default\">Sobre a LISCONT - Contentores<\/h3>\t\t\t\t<\/div>\n\t\t\t\t<div class=\"elementor-element elementor-element-ec0bd3f elementor-widget elementor-widget-text-editor\" data-id=\"ec0bd3f\" data-element_type=\"widget\" data-widget_type=\"text-editor.default\">\n\t\t\t\t\t\t\t\t\t<p><strong>A LISCONT &#8211; OPERADORES DE CONTENTORES<\/strong><br \/>\u00e9 uma empresa portuguesa fundada em 2008, especializada na venda de cont\u00eaineres de todos os tipos. Ao longo dos anos, conquistamos a confian\u00e7a de clientes em todo o pa\u00eds, oferecendo solu\u00e7\u00f5es flex\u00edveis e adaptadas \u00e0s necessidades de cada projeto, seja para transporte, armazenamento ou constru\u00e7\u00e3o modular.<\/p>\t\t\t\t\t\t\t\t<\/div>\n\t\t\t\t\t<\/div>\n\t\t<\/div>\n\t\t\t\t\t<\/div>\n\t\t<\/section>\n\t\t\t\t<section class=\"elementor-section elementor-top-section elementor-element elementor-element-1a4019b5 elementor-section-boxed elementor-section-height-default elementor-section-height-default\" data-id=\"1a4019b5\" data-element_type=\"section\" data-settings=\"{&quot;background_background&quot;:&quot;classic&quot;}\">\n\t\t\t\t\t\t<div class=\"elementor-container elementor-column-gap-no\">\n\t\t\t\t\t<div class=\"elementor-column elementor-col-100 elementor-top-column elementor-element elementor-element-3a1a9408\" data-id=\"3a1a9408\" data-element_type=\"column\" data-settings=\"{&quot;background_background&quot;:&quot;classic&quot;}\">\n\t\t\t<div class=\"elementor-widget-wrap elementor-element-populated\">\n\t\t\t\t\t\t<div class=\"elementor-element elementor-element-55a7bec9 elementor-widget elementor-widget-text-editor\" data-id=\"55a7bec9\" data-element_type=\"widget\" data-widget_type=\"text-editor.default\">\n\t\t\t\t\t\t\t\t\t<p>Nossa miss\u00e3o \u00e9 fornecer cont\u00eaineres de alta qualidade, com durabilidade e seguran\u00e7a garantidas, combinando experi\u00eancia, tecnologia e conhecimento do mercado. Oferecemos uma ampla gama de produtos, incluindo<\/p>\t\t\t\t\t\t\t\t<\/div>\n\t\t\t\t\t<\/div>\n\t\t<\/div>\n\t\t\t\t\t<\/div>\n\t\t<\/section>\n\t\t\t\t<section class=\"elementor-section elementor-top-section elementor-element elementor-element-31233b08 elementor-section-boxed elementor-section-height-default elementor-section-height-default\" data-id=\"31233b08\" data-element_type=\"section\" data-settings=\"{&quot;background_background&quot;:&quot;classic&quot;}\">\n\t\t\t\t\t\t<div class=\"elementor-container elementor-column-gap-no\">\n\t\t\t\t\t<div class=\"elementor-column elementor-col-100 elementor-top-column elementor-element elementor-element-fa99e5b\" data-id=\"fa99e5b\" data-element_type=\"column\">\n\t\t\t<div class=\"elementor-widget-wrap elementor-element-populated\">\n\t\t\t\t\t\t<section class=\"elementor-section elementor-inner-section elementor-element elementor-element-5e6f79fe elementor-section-boxed elementor-section-height-default elementor-section-height-default\" data-id=\"5e6f79fe\" data-element_type=\"section\">\n\t\t\t\t\t\t<div class=\"elementor-container elementor-column-gap-extended\">\n\t\t\t\t\t<div class=\"elementor-column elementor-col-25 elementor-inner-column elementor-element elementor-element-7ab48c8d\" data-id=\"7ab48c8d\" data-element_type=\"column\">\n\t\t\t<div class=\"elementor-widget-wrap\">\n\t\t\t\t\t\t\t<\/div>\n\t\t<\/div>\n\t\t\t\t<div class=\"elementor-column elementor-col-25 elementor-inner-column elementor-element elementor-element-74527ff4\" data-id=\"74527ff4\" data-element_type=\"column\">\n\t\t\t<div class=\"elementor-widget-wrap elementor-element-populated\">\n\t\t\t\t\t\t<div class=\"elementor-element elementor-element-4ef868dd elementor-widget elementor-widget-text-editor\" data-id=\"4ef868dd\" data-element_type=\"widget\" data-widget_type=\"text-editor.default\">\n\t\t\t\t\t\t\t\t\t<p data-start=\"415\" data-end=\"624\">\u00a0<\/p><ul data-start=\"625\" data-end=\"1106\"><li data-start=\"625\" data-end=\"693\"><p data-start=\"627\" data-end=\"693\"><strong data-start=\"627\" data-end=\"659\">Cont\u00eaineres mar\u00edtimos padr\u00e3o<\/strong> para transporte de mercadorias,<\/p><\/li><li data-start=\"694\" data-end=\"795\"><p data-start=\"696\" data-end=\"795\"><strong data-start=\"696\" data-end=\"724\">Cont\u00eaineres frigor\u00edficos<\/strong> para armazenamento e transporte de produtos sens\u00edveis \u00e0 temperatura,<\/p><\/li><li data-start=\"796\" data-end=\"893\"><p data-start=\"798\" data-end=\"893\"><strong data-start=\"798\" data-end=\"823\">Cont\u00eaineres modulares<\/strong> para escrit\u00f3rios, lojas ou espa\u00e7os de armazenamento personalizados,<\/p><\/li><li data-start=\"894\" data-end=\"969\"><p data-start=\"896\" data-end=\"969\"><strong data-start=\"896\" data-end=\"934\">Cont\u00eaineres abertos ou \u201cflat rack\u201d<\/strong> para cargas pesadas e volumosas,<\/p><\/li><li data-start=\"970\" data-end=\"1106\"><p data-start=\"972\" data-end=\"1106\"><strong data-start=\"972\" data-end=\"1002\">Cont\u00eaineres especializados<\/strong> para necessidades espec\u00edficas, como armazenamento de materiais perigosos ou equipamentos industriais.<\/p><\/li><\/ul><p data-start=\"415\" data-end=\"624\">\u00a0<\/p>\t\t\t\t\t\t\t\t<\/div>\n\t\t\t\t\t<\/div>\n\t\t<\/div>\n\t\t\t\t<div class=\"elementor-column elementor-col-25 elementor-inner-column elementor-element elementor-element-2e5813b8\" data-id=\"2e5813b8\" data-element_type=\"column\">\n\t\t\t<div class=\"elementor-widget-wrap elementor-element-populated\">\n\t\t\t\t\t\t<div class=\"elementor-element elementor-element-38f1df57 elementor-widget elementor-widget-text-editor\" data-id=\"38f1df57\" data-element_type=\"widget\" data-widget_type=\"text-editor.default\">\n\t\t\t\t\t\t\t\t\t<p>Na Liscont, acreditamos que cada cliente merece um atendimento dedicado. Por isso, nossa equipe est\u00e1 pronta para oferecer suporte completo, desde a escolha do cont\u00eainer ideal at\u00e9 a entrega r\u00e1pida e eficiente. Valorizamos a transpar\u00eancia, a confiabilidade e o compromisso com a satisfa\u00e7\u00e3o do cliente em cada etapa do processo.<\/p>\t\t\t\t\t\t\t\t<\/div>\n\t\t\t\t<div class=\"elementor-element elementor-element-106b0810 elementor-widget elementor-widget-text-editor\" data-id=\"106b0810\" data-element_type=\"widget\" data-widget_type=\"text-editor.default\">\n\t\t\t\t\t\t\t\t\t<p>Escolher a Liscont significa optar por qualidade, seguran\u00e7a e experi\u00eancia. Estamos comprometidos em fornecer solu\u00e7\u00f5es inovadoras e pr\u00e1ticas, ajudando empresas e particulares a encontrar o cont\u00eainer perfeito para suas necessidades.<\/p>\t\t\t\t\t\t\t\t<\/div>\n\t\t\t\t\t<\/div>\n\t\t<\/div>\n\t\t\t\t<div class=\"elementor-column elementor-col-25 elementor-inner-column elementor-element elementor-element-2bdc5213\" data-id=\"2bdc5213\" data-element_type=\"column\">\n\t\t\t<div class=\"elementor-widget-wrap\">\n\t\t\t\t\t\t\t<\/div>\n\t\t<\/div>\n\t\t\t\t\t<\/div>\n\t\t<\/section>\n\t\t\t\t<div class=\"elementor-element elementor-element-8756fdd elementor-align-center elementor-widget elementor-widget-razzi-button\" data-id=\"8756fdd\" data-element_type=\"widget\" data-widget_type=\"razzi-button.default\">\n\t\t\t\t<div class=\"elementor-widget-container\">\n\t\t\t\t\t        <a href=\"https:\/\/liscontentores.com\/loja\" class=\"razzi-button-link razzi-button\">\n\t\t\t\t\t\t\t\t\t<span class=\"razzi-button-text\">Compre Agora<\/span>        <\/a>\n\t\t\t\t\t\t<\/div>\n\t\t\t\t<\/div>\n\t\t\t\t\t<\/div>\n\t\t<\/div>\n\t\t\t\t\t<\/div>\n\t\t<\/section>\n\t\t\t\t<\/div>\n\t\t","protected":false},"excerpt":{"rendered":"<p>Quem somos Sobre a LISCONT &#8211; Contentores A LISCONT &#8211; OPERADORES DE CONTENTORES\u00e9 uma empresa portuguesa fundada em 2008, especializada na venda de cont\u00eaineres de todos os tipos. Ao longo dos anos, conquistamos a confian\u00e7a de clientes em todo o pa\u00eds, oferecendo solu\u00e7\u00f5es flex\u00edveis e adaptadas \u00e0s necessidades de cada projeto, seja para transporte, armazenamento [&hellip;]<\/p>\n","protected":false},"author":1,"featured_media":0,"parent":0,"menu_order":0,"comment_status":"closed","ping_status":"closed","template":"","meta":{"footnotes":""},"class_list":["post-633","page","type-page","status-publish","hentry"],"_links":{"self":[{"href":"https:\/\/liscontentores.com\/index.php\/wp-json\/wp\/v2\/pages\/633","targetHints":{"allow":["GET"]}}],"collection":[{"href":"https:\/\/liscontentores.com\/index.php\/wp-json\/wp\/v2\/pages"}],"about":[{"href":"https:\/\/liscontentores.com\/index.php\/wp-json\/wp\/v2\/types\/page"}],"author":[{"embeddable":true,"href":"https:\/\/liscontentores.com\/index.php\/wp-json\/wp\/v2\/users\/1"}],"replies":[{"embeddable":true,"href":"https:\/\/liscontentores.com\/index.php\/wp-json\/wp\/v2\/comments?post=633"}],"version-history":[{"count":11,"href":"https:\/\/liscontentores.com\/index.php\/wp-json\/wp\/v2\/pages\/633\/revisions"}],"predecessor-version":[{"id":13369,"href":"https:\/\/liscontentores.com\/index.php\/wp-json\/wp\/v2\/pages\/633\/revisions\/13369"}],"wp:attachment":[{"href":"https:\/\/liscontentores.com\/index.php\/wp-json\/wp\/v2\/media?parent=633"}],"curies":[{"name":"wp","href":"https:\/\/api.w.org\/{rel}","templated":true}]}}