{"id":13408,"date":"2025-09-02T23:02:31","date_gmt":"2025-09-02T23:02:31","guid":{"rendered":"https:\/\/liscontentores.com\/?post_type=product&#038;p=13408"},"modified":"2025-10-01T15:38:11","modified_gmt":"2025-10-01T15:38:11","slug":"novo-contentor-de-transporte-de-6-pes-19-m","status":"publish","type":"product","link":"https:\/\/liscontentores.com\/index.php\/product\/novo-contentor-de-transporte-de-6-pes-19-m\/","title":{"rendered":"NOVO contentor de transporte de 6 p\u00e9s \/ 1,9 m"},"content":{"rendered":"<ul class=\"product--base-info list--unstyled\">\n<li>\n<article class=\"text-token-text-primary w-full focus:outline-none scroll-mt-[calc(var(--header-height)+min(200px,max(70px,20svh)))]\" dir=\"auto\" tabindex=\"-1\" data-turn-id=\"request-68c1480c-af38-8322-bab6-95cadb407534-10\" data-testid=\"conversation-turn-378\" data-scroll-anchor=\"true\" data-turn=\"assistant\">\n<div class=\"text-base my-auto mx-auto pb-10 [--thread-content-margin:--spacing(4)] thread-sm:[--thread-content-margin:--spacing(6)] thread-lg:[--thread-content-margin:--spacing(16)] px-(--thread-content-margin)\">\n<div class=\"[--thread-content-max-width:40rem] thread-lg:[--thread-content-max-width:48rem] mx-auto max-w-(--thread-content-max-width) flex-1 group\/turn-messages focus-visible:outline-hidden relative flex w-full min-w-0 flex-col agent-turn\" tabindex=\"-1\">\n<div class=\"flex max-w-full flex-col grow\">\n<div class=\"min-h-8 text-message relative flex w-full flex-col items-end gap-2 text-start break-words whitespace-normal [.text-message+&amp;]:mt-5\" dir=\"auto\" data-message-author-role=\"assistant\" data-message-id=\"6d84e15f-ad2f-41d0-b91a-fa8a5eb3971d\" data-message-model-slug=\"gpt-5\">\n<div class=\"flex w-full flex-col gap-1 empty:hidden first:pt-[3px]\">\n<div class=\"markdown prose dark:prose-invert w-full break-words light markdown-new-styling\">\n<p data-start=\"0\" data-end=\"13\">Mobili\u00e1rio:<\/p>\n<ul data-start=\"15\" data-end=\"329\">\n<li data-start=\"15\" data-end=\"75\">\n<p data-start=\"17\" data-end=\"75\">1 porta de duas folhas com barra de bloqueio galvanizada<\/p>\n<\/li>\n<li data-start=\"76\" data-end=\"102\">\n<p data-start=\"78\" data-end=\"102\">4 ventila\u00e7\u00f5es for\u00e7adas<\/p>\n<\/li>\n<li data-start=\"103\" data-end=\"141\">\n<p data-start=\"105\" data-end=\"141\">Prim\u00e1rio fosfatado com zinco e KTL<\/p>\n<\/li>\n<li data-start=\"142\" data-end=\"164\">\n<p data-start=\"144\" data-end=\"164\">Revestimento em p\u00f3<\/p>\n<\/li>\n<li data-start=\"165\" data-end=\"206\">\n<p data-start=\"167\" data-end=\"206\">Tipo testado por &#8220;Germanischer Lloyd&#8221;<\/p>\n<\/li>\n<li data-start=\"207\" data-end=\"254\">\n<p data-start=\"209\" data-end=\"254\">Espa\u00e7o entre os bolsos do empilhador: 95 cm<\/p>\n<\/li>\n<li data-start=\"255\" data-end=\"291\">\n<p data-start=\"257\" data-end=\"291\">Constru\u00e7\u00e3o s\u00f3lida em a\u00e7o soldado<\/p>\n<\/li>\n<li data-start=\"292\" data-end=\"329\">\n<p data-start=\"294\" data-end=\"329\">Piso de madeira laminada de 20 mm<\/p>\n<\/li>\n<\/ul>\n<p data-start=\"331\" data-end=\"352\"><strong data-start=\"331\" data-end=\"350\">Dados t\u00e9cnicos:<\/strong><\/p>\n<ul data-start=\"354\" data-end=\"478\" data-is-last-node=\"\" data-is-only-node=\"\">\n<li data-start=\"354\" data-end=\"398\">\n<p data-start=\"356\" data-end=\"398\">Dimens\u00f5es externas: 1,98 x 1,97 x 1,91 m<\/p>\n<\/li>\n<li data-start=\"399\" data-end=\"423\">\n<p data-start=\"401\" data-end=\"423\">Carga \u00fatil: 2.000 kg<\/p>\n<\/li>\n<li data-start=\"424\" data-end=\"446\">\n<p data-start=\"426\" data-end=\"446\">Peso bruto: 450 kg<\/p>\n<\/li>\n<li data-start=\"447\" data-end=\"478\" data-is-last-node=\"\">\n<p data-start=\"449\" data-end=\"478\" data-is-last-node=\"\">Cor: azul genciana RAL 5010<\/p>\n<\/li>\n<\/ul>\n<\/div>\n<\/div>\n<\/div>\n<\/div>\n<div class=\"z-0 flex min-h-[46px] justify-start\"><\/div>\n<div class=\"mt-3 w-full empty:hidden\">\n<div class=\"text-center\"><\/div>\n<\/div>\n<\/div>\n<\/div>\n<\/article>\n<div class=\"pointer-events-none h-px w-px\" aria-hidden=\"true\" data-edge=\"true\"><\/div>\n<\/li>\n<\/ul>\n","protected":false},"excerpt":{"rendered":"<ul class=\"product--base-info list--unstyled\">\n<li>Ref.: 123401<\/li>\n<li class=\"base-info--entry entry-supplier\"><strong class=\"entry--label\">Fabricante:<\/strong>\u00a0<span class=\"entry--content\">Containex<\/span><\/li>\n<\/ul>\n","protected":false},"featured_media":13438,"template":"","meta":[],"product_cat":[85,84],"product_tag":[],"class_list":{"0":"post-13408","1":"product","2":"type-product","3":"status-publish","4":"has-post-thumbnail","6":"product_cat-contentores-maritimos-novos","7":"product_cat-maritimos-em-segunda-mao","9":"first","10":"instock","11":"taxable","12":"shipping-taxable","13":"purchasable","14":"product-type-simple"},"_links":{"self":[{"href":"https:\/\/liscontentores.com\/index.php\/wp-json\/wp\/v2\/product\/13408","targetHints":{"allow":["GET"]}}],"collection":[{"href":"https:\/\/liscontentores.com\/index.php\/wp-json\/wp\/v2\/product"}],"about":[{"href":"https:\/\/liscontentores.com\/index.php\/wp-json\/wp\/v2\/types\/product"}],"wp:featuredmedia":[{"embeddable":true,"href":"https:\/\/liscontentores.com\/index.php\/wp-json\/wp\/v2\/media\/13438"}],"wp:attachment":[{"href":"https:\/\/liscontentores.com\/index.php\/wp-json\/wp\/v2\/media?parent=13408"}],"wp:term":[{"taxonomy":"product_cat","embeddable":true,"href":"https:\/\/liscontentores.com\/index.php\/wp-json\/wp\/v2\/product_cat?post=13408"},{"taxonomy":"product_tag","embeddable":true,"href":"https:\/\/liscontentores.com\/index.php\/wp-json\/wp\/v2\/product_tag?post=13408"}],"curies":[{"name":"wp","href":"https:\/\/api.w.org\/{rel}","templated":true}]}}