{"id":13409,"date":"2025-09-02T23:02:31","date_gmt":"2025-09-02T23:02:31","guid":{"rendered":"https:\/\/liscontentores.com\/?post_type=product&#038;p=13409"},"modified":"2025-10-01T15:41:01","modified_gmt":"2025-10-01T15:41:01","slug":"novo-contentor-maritimo-de-8-pes","status":"publish","type":"product","link":"https:\/\/liscontentores.com\/index.php\/product\/novo-contentor-maritimo-de-8-pes\/","title":{"rendered":"NOVO Contentor Mar\u00edtimo de 8 P\u00c9S"},"content":{"rendered":"<ul class=\"product--base-info top-border list--unstyled\">\n<li class=\"base-info--entry entry-attribute\">Dados T\u00e9cnicos:\n<p>Dimens\u00f5es Exteriores: 1,98 x 1,97 x 1,91 m<br \/>\nCarga \u00datil: 2.000 kg<br \/>\nPeso Pr\u00f3prio: 450 kg<br \/>\nCor: Azul Genciana RAL 5010<\/p>\n<p>Ferragens:<br \/>\n1 porta de duas folhas com fecho galvanizado<br \/>\n4 ventila\u00e7\u00f5es for\u00e7adas<br \/>\nPrim\u00e1rio fosfato \u00e0 base de zinco e KTL<br \/>\nPintura em p\u00f3<br \/>\nTestado por &#8220;Germanischer Lloyd&#8221;<br \/>\nEspa\u00e7amento entre compartimentos para empilhadores: 95 cm<br \/>\nConstru\u00e7\u00e3o s\u00f3lida em a\u00e7o soldado<br \/>\nPavimento de madeira laminada de 20 mm<\/li>\n<\/ul>\n","protected":false},"excerpt":{"rendered":"<p>Ref.: 123412<\/p>\n<ul class=\"product--base-info list--unstyled\">\n<li class=\"base-info--entry entry-supplier\"><strong class=\"entry--label\">Fabricante:<\/strong>\u00a0<span class=\"entry--content\">Containex<\/span><\/li>\n<\/ul>\n","protected":false},"featured_media":13440,"template":"","meta":[],"product_cat":[85,84],"product_tag":[],"class_list":{"0":"post-13409","1":"product","2":"type-product","3":"status-publish","4":"has-post-thumbnail","6":"product_cat-contentores-maritimos-novos","7":"product_cat-maritimos-em-segunda-mao","9":"first","10":"instock","11":"taxable","12":"shipping-taxable","13":"purchasable","14":"product-type-simple"},"_links":{"self":[{"href":"https:\/\/liscontentores.com\/index.php\/wp-json\/wp\/v2\/product\/13409","targetHints":{"allow":["GET"]}}],"collection":[{"href":"https:\/\/liscontentores.com\/index.php\/wp-json\/wp\/v2\/product"}],"about":[{"href":"https:\/\/liscontentores.com\/index.php\/wp-json\/wp\/v2\/types\/product"}],"wp:featuredmedia":[{"embeddable":true,"href":"https:\/\/liscontentores.com\/index.php\/wp-json\/wp\/v2\/media\/13440"}],"wp:attachment":[{"href":"https:\/\/liscontentores.com\/index.php\/wp-json\/wp\/v2\/media?parent=13409"}],"wp:term":[{"taxonomy":"product_cat","embeddable":true,"href":"https:\/\/liscontentores.com\/index.php\/wp-json\/wp\/v2\/product_cat?post=13409"},{"taxonomy":"product_tag","embeddable":true,"href":"https:\/\/liscontentores.com\/index.php\/wp-json\/wp\/v2\/product_tag?post=13409"}],"curies":[{"name":"wp","href":"https:\/\/api.w.org\/{rel}","templated":true}]}}