{"id":13410,"date":"2025-09-02T23:02:31","date_gmt":"2025-09-02T23:02:31","guid":{"rendered":"https:\/\/liscontentores.com\/?post_type=product&#038;p=13410"},"modified":"2025-10-01T15:43:14","modified_gmt":"2025-10-01T15:43:14","slug":"novo-contentor-maritimo-de-10-pes","status":"publish","type":"product","link":"https:\/\/liscontentores.com\/index.php\/product\/novo-contentor-maritimo-de-10-pes\/","title":{"rendered":"NOVO Contentor Mar\u00edtimo de 10 P\u00c9S"},"content":{"rendered":"<div class=\"mk-page-section-wrapper\">\n<div id=\"page-section-10\" class=\"mk-page-section self-hosted full-width-10 js-el js-master-row mk-in-viewport\" data-intro-effect=\"false\">\n<div class=\"page-section-content vc_row-fluid mk-grid\">\n<div class=\"mk-padding-wrapper\">\n<div class=\"vc_col-sm-12 wpb_column column_container _ height-full\">\n<ul>\n<li>Especifica\u00e7\u00f5es T\u00e9cnicas<\/li>\n<\/ul>\n<\/div>\n<\/div>\n<\/div>\n<\/div>\n<\/div>\n<div class=\"mk-page-section-wrapper\">\n<div id=\"page-section-12\" class=\"mk-page-section self-hosted full-width-12 js-el js-master-row mk-in-viewport\" data-intro-effect=\"false\">\n<div class=\"page-section-content vc_row-fluid mk-grid\">\n<div class=\"mk-padding-wrapper\">\n<div class=\"vc_col-sm-6 wpb_column column_container vc_custom_1480668844507 _ height-full\">\n<div id=\"text-block-13\" class=\"mk-text-block \">\n<ul>\n<li style=\"list-style-type: none;\">\n<ul>\n<li>GERAIS<br \/>\nFabricado em a\u00e7o Corten de 2 mm.<br \/>\nPortas estilo contentor.<br \/>\nExcelente resist\u00eancia \u00e0 ferrugem.<br \/>\nPiso de madeira imperme\u00e1vel.<br \/>\nDIMENS\u00d5ES<br \/>\nExterior (C x L x A): 2,98 x 2,44 x 2,59 m.<br \/>\nInterna (C x L x A): 2,83 x 2,32 x 2,41 m.<br \/>\nEstrutura da Porta (C x A): 2,29 x 2,29 m.<br \/>\nPeso: 825 k<\/li>\n<\/ul>\n<\/li>\n<\/ul>\n<\/div>\n<\/div>\n<\/div>\n<\/div>\n<\/div>\n<\/div>\n","protected":false},"excerpt":{"rendered":"<ul class=\"product--base-info list--unstyled\">\n<li class=\"base-info--entry entry-supplier\">Fabricante: Containerex<br \/>\nRef.: 123424<\/p>\n<p>O contentor mar\u00edtimo de 3 metros (10 p\u00e9s) \u00e9 ideal para um armazenamento seguro, uma vez que \u00e9 muito robusto e pode proteger os seus bens contra roubo e vandalismo.<\/p>\n<p>Possui dimens\u00f5es especiais que permitem a coloca\u00e7\u00e3o de contentores standard de 2,4 metros ou mais pequenos, reduzindo assim os custos de armazenamento e transporte.<\/li>\n<\/ul>\n","protected":false},"featured_media":13442,"template":"","meta":[],"product_cat":[85,84],"product_tag":[],"class_list":{"0":"post-13410","1":"product","2":"type-product","3":"status-publish","4":"has-post-thumbnail","6":"product_cat-contentores-maritimos-novos","7":"product_cat-maritimos-em-segunda-mao","9":"first","10":"instock","11":"taxable","12":"shipping-taxable","13":"purchasable","14":"product-type-simple"},"_links":{"self":[{"href":"https:\/\/liscontentores.com\/index.php\/wp-json\/wp\/v2\/product\/13410","targetHints":{"allow":["GET"]}}],"collection":[{"href":"https:\/\/liscontentores.com\/index.php\/wp-json\/wp\/v2\/product"}],"about":[{"href":"https:\/\/liscontentores.com\/index.php\/wp-json\/wp\/v2\/types\/product"}],"wp:featuredmedia":[{"embeddable":true,"href":"https:\/\/liscontentores.com\/index.php\/wp-json\/wp\/v2\/media\/13442"}],"wp:attachment":[{"href":"https:\/\/liscontentores.com\/index.php\/wp-json\/wp\/v2\/media?parent=13410"}],"wp:term":[{"taxonomy":"product_cat","embeddable":true,"href":"https:\/\/liscontentores.com\/index.php\/wp-json\/wp\/v2\/product_cat?post=13410"},{"taxonomy":"product_tag","embeddable":true,"href":"https:\/\/liscontentores.com\/index.php\/wp-json\/wp\/v2\/product_tag?post=13410"}],"curies":[{"name":"wp","href":"https:\/\/api.w.org\/{rel}","templated":true}]}}