{"id":13419,"date":"2025-09-02T23:02:31","date_gmt":"2025-09-02T23:02:31","guid":{"rendered":"https:\/\/liscontentores.com\/?post_type=product&#038;p=13419"},"modified":"2025-10-07T19:38:28","modified_gmt":"2025-10-07T19:38:28","slug":"contentor-de-transporte-de-8-pes-uma-viagem-azul","status":"publish","type":"product","link":"https:\/\/liscontentores.com\/index.php\/product\/contentor-de-transporte-de-8-pes-uma-viagem-azul\/","title":{"rendered":"Contentor de transporte de 8 p\u00e9s (uma viagem) azul"},"content":{"rendered":"<p>ESPECIFICA\u00c7\u00d5ES DO PRODUTO<br \/>\nLargura exterior (m)<br \/>\n2,44<\/p>\n<p>Altura exterior (m)<br \/>\n2,26<\/p>\n<p>Comprimento interior (m)<br \/>\n2,29<\/p>\n<p>Largura interior (m)<br \/>\n2,11<\/p>\n<p>Altura interior (m)<br \/>\n2,06<\/p>\n<p>Largura da porta (m)<br \/>\n2,11<\/p>\n<p>Altura da porta (m)<br \/>\n1,95<\/p>\n<p>Peso (kg)<br \/>\n900<\/p>\n","protected":false},"excerpt":{"rendered":"<p>Ref.: 000400<\/p>\n<p>DETALHES DO PRODUTO<br \/>\nOs nossos novos contentores mar\u00edtimos de 8 p\u00e9s (azul) s\u00e3o uma solu\u00e7\u00e3o de armazenamento segura perfeita onde o espa\u00e7o \u00e9 limitado ou restrito.<\/p>\n<p>Estes contentores de 8 p\u00e9s s\u00e3o adquiridos para utiliza\u00e7\u00e3o em ambientes residenciais e comerciais.<\/p>\n<p>Os contentores de viagem \u00fanica s\u00e3o fabricados na China e transportam mercadorias da China para o Reino Unido numa \u00fanica viagem. Os contentores de viagem \u00fanica s\u00e3o o tipo mais comum de contentor mar\u00edtimo &#8220;novo&#8221; no Reino Unido e s\u00e3o muito mais baratos do que os contentores mar\u00edtimos novos constru\u00eddos no Reino Unido ou na Europa.<\/p>\n<p>Nota: Este contentor de 8 p\u00e9s tamb\u00e9m est\u00e1 dispon\u00edvel para compra na cor verde.<\/p>\n<p>NOVO CARACTER\u00cdSTICAS DO CONTENTOR DE 8 P\u00c9S (DE VIAGEM \u00daNICA) (AZUL)<br \/>\nNOVO \u2013 Viagem \u00fanica<br \/>\nConstru\u00e7\u00e3o toda em a\u00e7o Cor-Ten<br \/>\nPortas duplas de batente exteriores na extremidade.<br \/>\nUma barra de bloqueio em cada porta<br \/>\nCaixa de seguran\u00e7a instalada de f\u00e1brica<br \/>\n2 compartimentos para empilhadores<br \/>\nPiso de contraplacado mar\u00edtimo de 28 mm sobre travessas de a\u00e7o<br \/>\nM\u00ednimo de 2 sa\u00eddas de ar por contentor<br \/>\nEste contentor est\u00e1 dispon\u00edvel para compra online e pode ser entregue em todo o Reino Unido. Entre em contacto com a nossa atenciosa equipa de vendas de contentores para obter mais informa\u00e7\u00f5es.<\/p>\n","protected":false},"featured_media":13466,"template":"","meta":[],"product_cat":[88,84],"product_tag":[],"class_list":{"0":"post-13419","1":"product","2":"type-product","3":"status-publish","4":"has-post-thumbnail","6":"product_cat-contentores-de-8-e-10-pes-3-e-4-m","7":"product_cat-maritimos-em-segunda-mao","9":"first","10":"instock","11":"taxable","12":"shipping-taxable","13":"purchasable","14":"product-type-simple"},"_links":{"self":[{"href":"https:\/\/liscontentores.com\/index.php\/wp-json\/wp\/v2\/product\/13419","targetHints":{"allow":["GET"]}}],"collection":[{"href":"https:\/\/liscontentores.com\/index.php\/wp-json\/wp\/v2\/product"}],"about":[{"href":"https:\/\/liscontentores.com\/index.php\/wp-json\/wp\/v2\/types\/product"}],"wp:featuredmedia":[{"embeddable":true,"href":"https:\/\/liscontentores.com\/index.php\/wp-json\/wp\/v2\/media\/13466"}],"wp:attachment":[{"href":"https:\/\/liscontentores.com\/index.php\/wp-json\/wp\/v2\/media?parent=13419"}],"wp:term":[{"taxonomy":"product_cat","embeddable":true,"href":"https:\/\/liscontentores.com\/index.php\/wp-json\/wp\/v2\/product_cat?post=13419"},{"taxonomy":"product_tag","embeddable":true,"href":"https:\/\/liscontentores.com\/index.php\/wp-json\/wp\/v2\/product_tag?post=13419"}],"curies":[{"name":"wp","href":"https:\/\/api.w.org\/{rel}","templated":true}]}}