{"id":13420,"date":"2025-09-02T23:02:31","date_gmt":"2025-09-02T23:02:31","guid":{"rendered":"https:\/\/liscontentores.com\/?post_type=product&#038;p=13420"},"modified":"2025-10-07T19:39:58","modified_gmt":"2025-10-07T19:39:58","slug":"contentor-de-transporte-de-8-pes-uma-viagem-verde","status":"publish","type":"product","link":"https:\/\/liscontentores.com\/index.php\/product\/contentor-de-transporte-de-8-pes-uma-viagem-verde\/","title":{"rendered":"Contentor de transporte de 8 p\u00e9s (uma viagem) verde"},"content":{"rendered":"<p>ESPECIFICA\u00c7\u00d5ES DO PRODUTO<br \/>\nComprimento exterior (m)<br \/>\n2,44<\/p>\n<p>Largura exterior (m)<br \/>\n2,20<\/p>\n<p>Altura exterior (m)<br \/>\n2,26<\/p>\n<p>Comprimento interior (m)<br \/>\n2,29<\/p>\n<p>Largura interior (m)<br \/>\n2,11<\/p>\n<p>Altura interior (m)<br \/>\n2,06<\/p>\n<p>Largura da porta (m)<br \/>\n2,11<\/p>\n<p>Altura da porta (m)<br \/>\n1,95<\/p>\n","protected":false},"excerpt":{"rendered":"<p>Ref.: 000401<\/p>\n<p>DETALHES DO PRODUTO<br \/>\nContentor mar\u00edtimo de 8 p\u00e9s para venda (verde). Fabricado na China e utilizado uma vez para enviar mercadorias para o Reino Unido.<\/p>\n<p>Constru\u00eddos de acordo com as dimens\u00f5es standard ISO para contentores, estes contentores mar\u00edtimos s\u00e3o praticamente novos e ideais para o armazenamento em contentores de uma vasta gama de produtos e materiais.<\/p>\n<p>Este contentor mar\u00edtimo de 8 p\u00e9s tamb\u00e9m est\u00e1 dispon\u00edvel na cor azul.<\/p>\n<p>Este contentor est\u00e1 dispon\u00edvel para compra online e pode ser entregue em todo o Reino Unido. Entre em contacto com a nossa atenciosa equipa de vendas de contentores para obter mais informa\u00e7\u00f5es.<\/p>\n<p>CARACTER\u00cdSTICAS DO NOVO CONTENTOR MAR\u00cdTIMO DE 8 P\u00c9S (VERDE)<br \/>\nNOVO \u2013 Viagem \u00danica<br \/>\nConstru\u00e7\u00e3o toda em a\u00e7o Cor-Ten<br \/>\nPortas duplas de vaiv\u00e9m externas na extremidade.<br \/>\nUma barra de bloqueio em cada porta<br \/>\nCofre de seguran\u00e7a instalado de f\u00e1brica<br \/>\n2 compartimentos para empilhadores<br \/>\nPiso de contraplacado mar\u00edtimo de 28 mm sobre travessas de a\u00e7o<br \/>\nM\u00ednimo de 2 aberturas de ventila\u00e7\u00e3o por contentor<\/p>\n","protected":false},"featured_media":13469,"template":"","meta":[],"product_cat":[88,84],"product_tag":[],"class_list":{"0":"post-13420","1":"product","2":"type-product","3":"status-publish","4":"has-post-thumbnail","6":"product_cat-contentores-de-8-e-10-pes-3-e-4-m","7":"product_cat-maritimos-em-segunda-mao","9":"first","10":"instock","11":"taxable","12":"shipping-taxable","13":"purchasable","14":"product-type-simple"},"_links":{"self":[{"href":"https:\/\/liscontentores.com\/index.php\/wp-json\/wp\/v2\/product\/13420","targetHints":{"allow":["GET"]}}],"collection":[{"href":"https:\/\/liscontentores.com\/index.php\/wp-json\/wp\/v2\/product"}],"about":[{"href":"https:\/\/liscontentores.com\/index.php\/wp-json\/wp\/v2\/types\/product"}],"wp:featuredmedia":[{"embeddable":true,"href":"https:\/\/liscontentores.com\/index.php\/wp-json\/wp\/v2\/media\/13469"}],"wp:attachment":[{"href":"https:\/\/liscontentores.com\/index.php\/wp-json\/wp\/v2\/media?parent=13420"}],"wp:term":[{"taxonomy":"product_cat","embeddable":true,"href":"https:\/\/liscontentores.com\/index.php\/wp-json\/wp\/v2\/product_cat?post=13420"},{"taxonomy":"product_tag","embeddable":true,"href":"https:\/\/liscontentores.com\/index.php\/wp-json\/wp\/v2\/product_tag?post=13420"}],"curies":[{"name":"wp","href":"https:\/\/api.w.org\/{rel}","templated":true}]}}