{"id":13421,"date":"2025-09-02T23:02:32","date_gmt":"2025-09-02T23:02:32","guid":{"rendered":"https:\/\/liscontentores.com\/?post_type=product&#038;p=13421"},"modified":"2025-10-01T14:59:49","modified_gmt":"2025-10-01T14:59:49","slug":"contentor-coupe-de-10-pes-usado","status":"publish","type":"product","link":"https:\/\/liscontentores.com\/index.php\/product\/contentor-coupe-de-10-pes-usado\/","title":{"rendered":"Contentor Coupe de 10 p\u00e9s usado"},"content":{"rendered":"<p>ESPECIFICA\u00c7\u00d5ES DO PRODUTO<br \/>\nComprimento exterior (m)<br \/>\n2,99<\/p>\n<p>Largura exterior (m)<br \/>\n2,44<\/p>\n<p>Altura exterior (m)<br \/>\n2,59<\/p>\n<p>Comprimento interior (m)<br \/>\n2,84<\/p>\n<p>Largura interior (m)<br \/>\n2,35<\/p>\n<p>Altura interior (m)<br \/>\n2,39<\/p>\n<p>Largura da porta (m)<br \/>\n2,34<\/p>\n<p>Altura da porta (m)<br \/>\n2,28<\/p>\n","protected":false},"excerpt":{"rendered":"<p>Ref.: 000402<\/p>\n<p>DETALHES DO PRODUTO<br \/>\nEste contentor mar\u00edtimo usado de 3,05 m x 2,44 m \u00e9 um m\u00e9todo ideal e extremamente econ\u00f3mico para um armazenamento seguro.<\/p>\n<p>Este contentor de a\u00e7o para transporte mar\u00edtimo \u00e9 vendido resistente ao vento e \u00e0 \u00e1gua.<\/p>\n<p>Normalmente, um contentor ISO padr\u00e3o de 12,24 m \u00e9 cortado e convertido em quatro contentores de 3,05 m, mas podemos cort\u00e1-los para se adequarem a qualquer tamanho necess\u00e1rio. Entre em contacto connosco para discutir as suas necessidades.<\/p>\n<p>Este contentor est\u00e1 dispon\u00edvel para compra online e pode ser entregue em todo o Reino Unido.<\/p>\n<p>Entre em contacto com a nossa atenciosa equipa de vendas de contentores para obter mais informa\u00e7\u00f5es.<\/p>\n<p>CONTENTOR MAR\u00cdTIMO USADO DE 3,05 m<br \/>\nConstru\u00e7\u00e3o em A\u00e7o<br \/>\nContentor Ex-Shipping Line &#8211; Cortado \u00e0 Medida<br \/>\nCortado conforme o Comprimento Exato<br \/>\nPortas Duplas<br \/>\nPain\u00e9is Traseiros e de Canto Fabricados<br \/>\nPreparado e Repintado por Dentro e por Fora<br \/>\nCofre Embutido<br \/>\nINFORMA\u00c7\u00d5ES IMPORTANTES<br \/>\nEste contentor usado de 3,05 m n\u00e3o pode ser utilizado para transporte mar\u00edtimo.<\/p>\n","protected":false},"featured_media":13473,"template":"","meta":[],"product_cat":[88,84],"product_tag":[],"class_list":{"0":"post-13421","1":"product","2":"type-product","3":"status-publish","4":"has-post-thumbnail","6":"product_cat-contentores-de-8-e-10-pes-3-e-4-m","7":"product_cat-maritimos-em-segunda-mao","9":"first","10":"instock","11":"taxable","12":"shipping-taxable","13":"purchasable","14":"product-type-simple"},"_links":{"self":[{"href":"https:\/\/liscontentores.com\/index.php\/wp-json\/wp\/v2\/product\/13421","targetHints":{"allow":["GET"]}}],"collection":[{"href":"https:\/\/liscontentores.com\/index.php\/wp-json\/wp\/v2\/product"}],"about":[{"href":"https:\/\/liscontentores.com\/index.php\/wp-json\/wp\/v2\/types\/product"}],"wp:featuredmedia":[{"embeddable":true,"href":"https:\/\/liscontentores.com\/index.php\/wp-json\/wp\/v2\/media\/13473"}],"wp:attachment":[{"href":"https:\/\/liscontentores.com\/index.php\/wp-json\/wp\/v2\/media?parent=13421"}],"wp:term":[{"taxonomy":"product_cat","embeddable":true,"href":"https:\/\/liscontentores.com\/index.php\/wp-json\/wp\/v2\/product_cat?post=13421"},{"taxonomy":"product_tag","embeddable":true,"href":"https:\/\/liscontentores.com\/index.php\/wp-json\/wp\/v2\/product_tag?post=13421"}],"curies":[{"name":"wp","href":"https:\/\/api.w.org\/{rel}","templated":true}]}}