{"id":13427,"date":"2025-09-02T23:02:32","date_gmt":"2025-09-02T23:02:32","guid":{"rendered":"https:\/\/liscontentores.com\/?post_type=product&#038;p=13427"},"modified":"2025-09-02T23:02:59","modified_gmt":"2025-09-02T23:02:59","slug":"contenedor-de-20-pies-un-viaje-azul-ral-5013","status":"publish","type":"product","link":"https:\/\/liscontentores.com\/index.php\/product\/contenedor-de-20-pies-un-viaje-azul-ral-5013\/","title":{"rendered":"Contenedor De 20 Pies (Un Viaje) Azul (Ral 5013)"},"content":{"rendered":"<p>ESPECIFICACIONES DEL PRODUCTO<br \/>\nLongitud exterior (m)<br \/>\n6.06<\/p>\n<p>Ancho exterior (m)<br \/>\n2.44<\/p>\n<p>Altura exterior (m)<br \/>\n2.59<\/p>\n<p>Longitud interna (m)<br \/>\n5.84<\/p>\n<p>Ancho interior (m)<br \/>\n2.35<\/p>\n<p>Altura interior (m)<br \/>\n2.39<\/p>\n<p>Ancho de la puerta (m)<br \/>\n2.34<\/p>\n<p>Altura de la puerta (m)<br \/>\n2.28<\/p>\n","protected":false},"excerpt":{"rendered":"<p>Ref.: 000549<\/p>\n<p>DETALLES DE PRODUCTO<br \/>\nOferta promocional: obtenga un candado gratis con cada contenedor nuevo (un viaje) comprado en l\u00ednea en mayo. Para beneficiarte de esta oferta, a\u00f1ade el candado gratis entre las opciones de productos de tu cesta.<\/p>\n<p>Dise\u00f1ados para un almacenamiento y env\u00edo seguros, nuestros nuevos contenedores de env\u00edo est\u00e1ndar de 20 pies x 8 pies (RAL 5013 azul) est\u00e1n disponibles para la venta en todo \u00a0Espa\u00f1a.<\/p>\n<p>Estos contenedores de 20 pies se fabricaron en China y se utilizaron para enviar mercanc\u00edas al Reino Unido en un solo viaje. Estos son el tipo m\u00e1s com\u00fan de contenedor de env\u00edo &#8216;nuevo&#8217; en al \u00a0Espa\u00f1a, ya que son mucho m\u00e1s baratos que los contenedores fabricados en al Espa\u00f1a, al mismo tiempo que mantienen la misma calidad de construcci\u00f3n est\u00e1ndar ISO.<\/p>\n<p>CARACTER\u00cdSTICAS DEL NUEVO Contenedor Mar\u00edtimo DE 20 PIES<br \/>\nContenedor nuevo (un viaje)<br \/>\nCSC plateado (peso bruto) m\u00e1ximo: 30 toneladas<br \/>\nConstruido con acero Cor-Ten<br \/>\nPuertas de doble bisagra en un extremo.<br \/>\nCada puerta contiene dos barras de bloqueo.<br \/>\nCaja fuerte de f\u00e1brica incluida de serie<br \/>\n2 x bolsillos para montacargas en cada lado<br \/>\nPiso de capas marinas de 28 mm sobre traviesas de acero<br \/>\n8 respiraderos para eliminar la condensaci\u00f3n<br \/>\nEstos contenedores de 20 pies tambi\u00e9n est\u00e1n disponibles en azul genciana (RAL 5010), verde (RAL 6007) y blanco (RAL 9003)<\/p>\n<p>\u00bfPrefiere alquilar un contenedor de 20 pies? Consulte nuestras opciones de alquiler de contenedores.<\/p>\n","protected":false},"featured_media":13515,"template":"","meta":[],"product_cat":[90,84],"product_tag":[],"class_list":{"0":"post-13427","1":"product","2":"type-product","3":"status-publish","4":"has-post-thumbnail","6":"product_cat-contentores-de-20-pes-6m","7":"product_cat-maritimos-em-segunda-mao","9":"first","10":"instock","11":"taxable","12":"shipping-taxable","13":"purchasable","14":"product-type-simple"},"_links":{"self":[{"href":"https:\/\/liscontentores.com\/index.php\/wp-json\/wp\/v2\/product\/13427","targetHints":{"allow":["GET"]}}],"collection":[{"href":"https:\/\/liscontentores.com\/index.php\/wp-json\/wp\/v2\/product"}],"about":[{"href":"https:\/\/liscontentores.com\/index.php\/wp-json\/wp\/v2\/types\/product"}],"wp:featuredmedia":[{"embeddable":true,"href":"https:\/\/liscontentores.com\/index.php\/wp-json\/wp\/v2\/media\/13515"}],"wp:attachment":[{"href":"https:\/\/liscontentores.com\/index.php\/wp-json\/wp\/v2\/media?parent=13427"}],"wp:term":[{"taxonomy":"product_cat","embeddable":true,"href":"https:\/\/liscontentores.com\/index.php\/wp-json\/wp\/v2\/product_cat?post=13427"},{"taxonomy":"product_tag","embeddable":true,"href":"https:\/\/liscontentores.com\/index.php\/wp-json\/wp\/v2\/product_tag?post=13427"}],"curies":[{"name":"wp","href":"https:\/\/api.w.org\/{rel}","templated":true}]}}