{"id":13428,"date":"2025-09-02T23:02:32","date_gmt":"2025-09-02T23:02:32","guid":{"rendered":"https:\/\/liscontentores.com\/?post_type=product&#038;p=13428"},"modified":"2025-09-02T23:03:01","modified_gmt":"2025-09-02T23:03:01","slug":"contenedor-autoservicio-de-20-pies-con-piso-de-bambu-azul-ral-5010","status":"publish","type":"product","link":"https:\/\/liscontentores.com\/index.php\/product\/contenedor-autoservicio-de-20-pies-con-piso-de-bambu-azul-ral-5010\/","title":{"rendered":"Contenedor Autoservicio DE 20 PIES CON PISO DE BAMB\u00da \u2013 AZUL (RAL 5010)"},"content":{"rendered":"<p>ESPECIFICACIONES DEL PRODUCTO<br \/>\nLongitud exterior (m)<br \/>\n6.06<\/p>\n<p>Ancho exterior (m)<br \/>\n2.44<\/p>\n<p>Altura exterior (m)<br \/>\n2.59<\/p>\n<p>Longitud interna (m)<br \/>\n5.84<\/p>\n<p>Ancho interior (m)<br \/>\n2.35<\/p>\n<p>Altura interior (m)<br \/>\n2.39<\/p>\n<p>Ancho de la puerta (m)<br \/>\n2.34<\/p>\n<p>Altura de la puerta (m)<br \/>\n2.28<\/p>\n","protected":false},"excerpt":{"rendered":"<p>Ref.: 000415<\/p>\n<p>DETALLES DE PRODUCTO<br \/>\nOferta promocional: obtenga un candado gratis con cada contenedor nuevo (un viaje) comprado en l\u00ednea en mayo. Para beneficiarte de esta oferta, a\u00f1ade el candado gratis entre las opciones de productos de tu cesta.<\/p>\n<p>Los contenedores mar\u00edtimos de 20 pies son ideales para la industria del autoalmacenaje. Estamos encantados de suministrar contenedores a muchas empresas de self storage a Espa\u00f1a.<\/p>\n<p>Recomendamos este contenedor de 20 pies para uso de autoservicio, ya que tiene un piso de bamb\u00fa sellado que permite limpiar y limpiar el piso f\u00e1cilmente entre clientes.<\/p>\n<p>Con una construcci\u00f3n de acero corten, el contenedor ofrece longevidad y durabilidad, lo que lo convierte en una unidad rentable para el almacenamiento seguro a largo plazo.<\/p>\n<p>Este contenedor de autoalmacenamiento hizo un solo viaje al \u00a0Espa\u00f1a despu\u00e9s de ser fabricado en China y fue construido de acuerdo con los estrictos est\u00e1ndares de contenedores ISO.<\/p>\n<p>CARACTER\u00cdSTICAS DEL NUEVO Contenedor De Almacenamiento DE 20 PIES<br \/>\nContenedor nuevo (un viaje)<br \/>\nCSC plateado (peso bruto) m\u00e1x.: 30 toneladas<br \/>\nToda la construcci\u00f3n de acero Cor-Ten<br \/>\nPuertas exteriores dobles con bisagras en un extremo<br \/>\n2 barras de bloqueo en cada puerta<br \/>\nCaja de seguridad instalada de f\u00e1brica incluida como est\u00e1ndar<br \/>\n2 x bolsillos para montacargas en cada lado<br \/>\nMiembros transversales<br \/>\n8 respiraderos para eliminar la condensaci\u00f3n<br \/>\nPiso de bamb\u00fa sellado &#8211; ideal para uso de autoalmacenaje<br \/>\nEste contenedor est\u00e1 disponible para comprar en l\u00ednea y se puede entregar en todo el Reino Unido. Si tiene alguna pregunta, comun\u00edquese con nuestro amable equipo de ventas de contenedores.<\/p>\n<p>\u00bfQuiere comprar un contenedor de 20 pies m\u00e1s barato? Descubra nuestra gama de contenedores mar\u00edtimos usados<\/p>\n","protected":false},"featured_media":13520,"template":"","meta":[],"product_cat":[90,84],"product_tag":[],"class_list":{"0":"post-13428","1":"product","2":"type-product","3":"status-publish","4":"has-post-thumbnail","6":"product_cat-contentores-de-20-pes-6m","7":"product_cat-maritimos-em-segunda-mao","9":"first","10":"instock","11":"taxable","12":"shipping-taxable","13":"purchasable","14":"product-type-simple"},"_links":{"self":[{"href":"https:\/\/liscontentores.com\/index.php\/wp-json\/wp\/v2\/product\/13428","targetHints":{"allow":["GET"]}}],"collection":[{"href":"https:\/\/liscontentores.com\/index.php\/wp-json\/wp\/v2\/product"}],"about":[{"href":"https:\/\/liscontentores.com\/index.php\/wp-json\/wp\/v2\/types\/product"}],"wp:featuredmedia":[{"embeddable":true,"href":"https:\/\/liscontentores.com\/index.php\/wp-json\/wp\/v2\/media\/13520"}],"wp:attachment":[{"href":"https:\/\/liscontentores.com\/index.php\/wp-json\/wp\/v2\/media?parent=13428"}],"wp:term":[{"taxonomy":"product_cat","embeddable":true,"href":"https:\/\/liscontentores.com\/index.php\/wp-json\/wp\/v2\/product_cat?post=13428"},{"taxonomy":"product_tag","embeddable":true,"href":"https:\/\/liscontentores.com\/index.php\/wp-json\/wp\/v2\/product_tag?post=13428"}],"curies":[{"name":"wp","href":"https:\/\/api.w.org\/{rel}","templated":true}]}}