{"id":13429,"date":"2025-09-02T23:02:32","date_gmt":"2025-09-02T23:02:32","guid":{"rendered":"https:\/\/liscontentores.com\/?post_type=product&#038;p=13429"},"modified":"2025-10-01T15:09:56","modified_gmt":"2025-10-01T15:09:56","slug":"contentor-maritimo-de-20-pes-uma-viagem-branco-ral-9003","status":"publish","type":"product","link":"https:\/\/liscontentores.com\/index.php\/product\/contentor-maritimo-de-20-pes-uma-viagem-branco-ral-9003\/","title":{"rendered":"Contentor Mar\u00edtimo de 20 P\u00e9s (Uma Viagem) Branco (RAL 9003)"},"content":{"rendered":"<p>ESPECIFICA\u00c7\u00d5ES DO PRODUTO<br \/>\nComprimento exterior (m)<br \/>\n6,06<\/p>\n<p>Largura exterior (m)<br \/>\n2,44<\/p>\n<p>Altura exterior (m)<br \/>\n2,59<\/p>\n<p>Comprimento interior (m)<br \/>\n5,84<\/p>\n<p>Largura interior (m)<br \/>\n2,35<\/p>\n<p>Altura interior (m)<br \/>\n2,39<\/p>\n<p>Largura da porta (m)<br \/>\n2,34<\/p>\n<p>Altura da porta (m)<br \/>\n2,28<\/p>\n","protected":false},"excerpt":{"rendered":"<p>Ref.: 000416<\/p>\n<p>DETALHES DO PRODUTO<br \/>\nOferta promocional: Receba um cadeado gr\u00e1tis por cada novo contentor (uma viagem) comprado online em maio. Para usufruir desta oferta, adicione o cadeado gratuito ao seu carrinho.<\/p>\n<p>Os nossos novos contentores mar\u00edtimos de 20&#8242; x 8&#8242; (branco RAL 9003) foram constru\u00eddos de acordo com as rigorosas normas ISO na China e foram utilizados apenas uma vez para enviar mercadorias para Espanha.<\/p>\n<p>Estes contentores padr\u00e3o de 20&#8242; s\u00e3o feitos de a\u00e7o Corten resistente \u00e0 corros\u00e3o.<\/p>\n<p>Estes contentores est\u00e3o dispon\u00edveis para compra online e podem ser entregues em qualquer parte de Espanha. Se precisar de mais informa\u00e7\u00f5es, contacte a nossa atenciosa equipa de vendas de contentores para obter aconselhamento e orienta\u00e7\u00e3o.<\/p>\n<p>Estes contentores de 20&#8242; est\u00e3o tamb\u00e9m dispon\u00edveis em azul genciana (RAL 5010), azul cobalto (RAL 5013) e verde garrafa (RAL 6007).<\/p>\n<p>Quer comprar um contentor de 20&#8242; por um pre\u00e7o mais baixo? Experimente a nossa linha de contentores mar\u00edtimos usados \u200b\u200b\u00e0 venda.<\/p>\n<p>CARACTER\u00cdSTICAS DO NOVO CONTENTOR DE 20 P\u00c9S<br \/>\nNOVO &#8211; S\u00f3 para uma viagem a partir da China<br \/>\nPeso bruto m\u00e1ximo (revestimento CSC): 30 toneladas<br \/>\nPavimento: contraplacado mar\u00edtimo de 28 mm (permite o carregamento por empilhador)<br \/>\nPortas: Portas exteriores com dobradi\u00e7as duplas e duas barras de bloqueio<br \/>\nConstru\u00e7\u00e3o: A\u00e7o Cor-Ten<br \/>\nVentila\u00e7\u00e3o: 8 aberturas para eliminar a condensa\u00e7\u00e3o<br \/>\nSeguran\u00e7a: Caixa de seguran\u00e7a instalada de f\u00e1brica<\/p>\n","protected":false},"featured_media":13525,"template":"","meta":[],"product_cat":[90,84],"product_tag":[],"class_list":{"0":"post-13429","1":"product","2":"type-product","3":"status-publish","4":"has-post-thumbnail","6":"product_cat-contentores-de-20-pes-6m","7":"product_cat-maritimos-em-segunda-mao","9":"first","10":"instock","11":"taxable","12":"shipping-taxable","13":"purchasable","14":"product-type-simple"},"_links":{"self":[{"href":"https:\/\/liscontentores.com\/index.php\/wp-json\/wp\/v2\/product\/13429","targetHints":{"allow":["GET"]}}],"collection":[{"href":"https:\/\/liscontentores.com\/index.php\/wp-json\/wp\/v2\/product"}],"about":[{"href":"https:\/\/liscontentores.com\/index.php\/wp-json\/wp\/v2\/types\/product"}],"wp:featuredmedia":[{"embeddable":true,"href":"https:\/\/liscontentores.com\/index.php\/wp-json\/wp\/v2\/media\/13525"}],"wp:attachment":[{"href":"https:\/\/liscontentores.com\/index.php\/wp-json\/wp\/v2\/media?parent=13429"}],"wp:term":[{"taxonomy":"product_cat","embeddable":true,"href":"https:\/\/liscontentores.com\/index.php\/wp-json\/wp\/v2\/product_cat?post=13429"},{"taxonomy":"product_tag","embeddable":true,"href":"https:\/\/liscontentores.com\/index.php\/wp-json\/wp\/v2\/product_tag?post=13429"}],"curies":[{"name":"wp","href":"https:\/\/api.w.org\/{rel}","templated":true}]}}