{"id":13430,"date":"2025-09-02T23:02:32","date_gmt":"2025-09-02T23:02:32","guid":{"rendered":"https:\/\/liscontentores.com\/?post_type=product&#038;p=13430"},"modified":"2025-10-01T15:11:04","modified_gmt":"2025-10-01T15:11:04","slug":"contentor-aberto-de-20-pes-usado-tampa-aberta","status":"publish","type":"product","link":"https:\/\/liscontentores.com\/index.php\/product\/contentor-aberto-de-20-pes-usado-tampa-aberta\/","title":{"rendered":"CONTENTOR ABERTO DE 20 P\u00c9S USADO &#8211; TAMPA ABERTA"},"content":{"rendered":"<p>ESPECIFICA\u00c7\u00d5ES DO PRODUTO<br \/>\nComprimento exterior (m)<br \/>\n6,06<\/p>\n<p>Largura exterior (m)<br \/>\n2,44<\/p>\n<p>Altura exterior (m)<br \/>\n2,59<\/p>\n<p>Comprimento interior (m)<br \/>\n5,90<\/p>\n<p>Largura interior (m)<br \/>\n2,35<\/p>\n<p>Largura da porta (m)<br \/>\n2,34<\/p>\n<p>Altura da porta (m)<br \/>\n2,28<\/p>\n<p>Peso (kg)<br \/>\n2300<\/p>\n","protected":false},"excerpt":{"rendered":"<p>Ref.: 000417<\/p>\n<p>DETALHES DO PRODUTO<br \/>\nEste contentor open-top usado de 6,1 m x 2,4 m est\u00e1 dispon\u00edvel para venda e entrega em toda a Espanha.<\/p>\n<p>Os contentores open-top n\u00e3o possuem o tejadilho convencional de a\u00e7o ondulado. Em vez disso, possuem amarras amov\u00edveis e uma lona resistente \u00e0s intemp\u00e9ries que pode ser fixada com cordas. Isto simplifica muito o processo de carga e descarga, que \u00e9 normalmente realizado com uma grua por cima. A padieira da porta (acima da porta) tamb\u00e9m pode ser rodada\/removida para facilitar o acesso \u00e0 carga.<\/p>\n<p>Os contentores open-top s\u00e3o ideais para a movimenta\u00e7\u00e3o de m\u00e1quinas. O contentor deve ser enviado com as proas e a lona, \u200b\u200b\u200b\u200bque tamb\u00e9m proporcionam alguma resist\u00eancia. Se a m\u00e1quina for alta, geralmente ser\u00e1 necess\u00e1rio utilizar um contentor flat-rack sem teto. S\u00e3o fornecidos an\u00e9is de amarra\u00e7\u00e3o para fixar a carga durante o transporte.<\/p>\n<p>CARACTER\u00cdSTICAS<br \/>\nTeto remov\u00edvel<br \/>\nAs argolas de amarra\u00e7\u00e3o ajudam a fixar a carga<br \/>\nVANTAGENS<br \/>\nO tejadilho amov\u00edvel permite que os artigos grandes ou pesados \u200b\u200bsejam levantados de cima.<br \/>\nUm contentor aberto maior de 40 p\u00e9s tamb\u00e9m est\u00e1 dispon\u00edvel para venda.<\/p>\n","protected":false},"featured_media":13530,"template":"","meta":[],"product_cat":[90,84],"product_tag":[],"class_list":{"0":"post-13430","1":"product","2":"type-product","3":"status-publish","4":"has-post-thumbnail","6":"product_cat-contentores-de-20-pes-6m","7":"product_cat-maritimos-em-segunda-mao","9":"first","10":"instock","11":"taxable","12":"shipping-taxable","13":"purchasable","14":"product-type-simple"},"_links":{"self":[{"href":"https:\/\/liscontentores.com\/index.php\/wp-json\/wp\/v2\/product\/13430","targetHints":{"allow":["GET"]}}],"collection":[{"href":"https:\/\/liscontentores.com\/index.php\/wp-json\/wp\/v2\/product"}],"about":[{"href":"https:\/\/liscontentores.com\/index.php\/wp-json\/wp\/v2\/types\/product"}],"wp:featuredmedia":[{"embeddable":true,"href":"https:\/\/liscontentores.com\/index.php\/wp-json\/wp\/v2\/media\/13530"}],"wp:attachment":[{"href":"https:\/\/liscontentores.com\/index.php\/wp-json\/wp\/v2\/media?parent=13430"}],"wp:term":[{"taxonomy":"product_cat","embeddable":true,"href":"https:\/\/liscontentores.com\/index.php\/wp-json\/wp\/v2\/product_cat?post=13430"},{"taxonomy":"product_tag","embeddable":true,"href":"https:\/\/liscontentores.com\/index.php\/wp-json\/wp\/v2\/product_tag?post=13430"}],"curies":[{"name":"wp","href":"https:\/\/api.w.org\/{rel}","templated":true}]}}