{"id":13433,"date":"2025-09-02T23:02:32","date_gmt":"2025-09-02T23:02:32","guid":{"rendered":"https:\/\/liscontentores.com\/?post_type=product&#038;p=13433"},"modified":"2025-10-01T15:19:02","modified_gmt":"2025-10-01T15:19:02","slug":"contentor-usado-de-6-metros-com-acesso-lateral-total-e-topo-aberto","status":"publish","type":"product","link":"https:\/\/liscontentores.com\/index.php\/product\/contentor-usado-de-6-metros-com-acesso-lateral-total-e-topo-aberto\/","title":{"rendered":"Contentor usado de 6 metros com acesso lateral total e topo aberto"},"content":{"rendered":"<p>ESPECIFICA\u00c7\u00d5ES DO PRODUTO<br \/>\nComprimento exterior (m)<br \/>\n6,06<\/p>\n<p>Largura exterior (m)<br \/>\n2,44<\/p>\n<p>Altura exterior (m)<br \/>\n2,59<\/p>\n<p>Comprimento interior (m)<br \/>\n5,90<\/p>\n<p>Largura interior (m)<br \/>\n2,29<\/p>\n<p>Altura interior (m)<br \/>\n2,39<\/p>\n<p>Largura da porta (m)<br \/>\n2,23<\/p>\n<p>Largura da porta lateral (m)<br \/>\n5,82<\/p>\n","protected":false},"excerpt":{"rendered":"<p>Ref.: 000422<\/p>\n<p>DETALHES DO PRODUTO<br \/>\nOferta promocional: Receba um cofre gr\u00e1tis por cada contentor usado de 6 metros comprado online em maio. Para usufruir desta oferta, adicione o cofre gratuito ao seu carrinho de compras.<\/p>\n<p>Os nossos contentores mar\u00edtimos abertos de 6 metros usados \u200b\u200bpossuem um par de portas com dobradi\u00e7as duplas num dos lados, proporcionando um acesso lateral total (FSA), bem como um par de portas com dobradi\u00e7as duplas na extremidade.<\/p>\n<p>Estes contentores FSA est\u00e3o dispon\u00edveis para venda online ou contactando a nossa atenciosa equipa de vendas de contentores.<\/p>\n<p>CARACTER\u00cdSTICAS DO CONTENTOR ABERTO DE 6,13 METROS USADO<br \/>\nUtilizado \u2013 Resistente ao vento e \u00e0 \u00e1gua<br \/>\nPrata CSC (Peso bruto) m\u00e1x.: 24 toneladas<br \/>\nConstru\u00e7\u00e3o toda em a\u00e7o Corten<br \/>\nUm par de portas duplas na extremidade e um par de portas com dobradi\u00e7as duplas num dos lados<br \/>\nDuas barras de fecho em cada porta, 2 compartimentos para empilhadores em cada lado<br \/>\nPiso de contraplacado mar\u00edtimo de 28 mm sobre travessas de a\u00e7o<br \/>\n8 aberturas de ventila\u00e7\u00e3o<\/p>\n","protected":false},"featured_media":13546,"template":"","meta":[],"product_cat":[90,84],"product_tag":[],"class_list":{"0":"post-13433","1":"product","2":"type-product","3":"status-publish","4":"has-post-thumbnail","6":"product_cat-contentores-de-20-pes-6m","7":"product_cat-maritimos-em-segunda-mao","9":"first","10":"instock","11":"taxable","12":"shipping-taxable","13":"purchasable","14":"product-type-simple"},"_links":{"self":[{"href":"https:\/\/liscontentores.com\/index.php\/wp-json\/wp\/v2\/product\/13433","targetHints":{"allow":["GET"]}}],"collection":[{"href":"https:\/\/liscontentores.com\/index.php\/wp-json\/wp\/v2\/product"}],"about":[{"href":"https:\/\/liscontentores.com\/index.php\/wp-json\/wp\/v2\/types\/product"}],"wp:featuredmedia":[{"embeddable":true,"href":"https:\/\/liscontentores.com\/index.php\/wp-json\/wp\/v2\/media\/13546"}],"wp:attachment":[{"href":"https:\/\/liscontentores.com\/index.php\/wp-json\/wp\/v2\/media?parent=13433"}],"wp:term":[{"taxonomy":"product_cat","embeddable":true,"href":"https:\/\/liscontentores.com\/index.php\/wp-json\/wp\/v2\/product_cat?post=13433"},{"taxonomy":"product_tag","embeddable":true,"href":"https:\/\/liscontentores.com\/index.php\/wp-json\/wp\/v2\/product_tag?post=13433"}],"curies":[{"name":"wp","href":"https:\/\/api.w.org\/{rel}","templated":true}]}}