{"id":13434,"date":"2025-09-02T23:02:32","date_gmt":"2025-09-02T23:02:32","guid":{"rendered":"https:\/\/liscontentores.com\/?post_type=product&#038;p=13434"},"modified":"2025-10-01T15:20:51","modified_gmt":"2025-10-01T15:20:51","slug":"contentor-para-bar-cafe-de-6-metros","status":"publish","type":"product","link":"https:\/\/liscontentores.com\/index.php\/product\/contentor-para-bar-cafe-de-6-metros\/","title":{"rendered":"Contentor para Bar Caf\u00e9 de 6 metros"},"content":{"rendered":"<p>ESPECIFICA\u00c7\u00d5ES DO PRODUTO<br \/>\nComprimento exterior (m)<br \/>\n6,06<\/p>\n<p>Largura exterior (m)<br \/>\n2,44<\/p>\n<p>Altura exterior (m)<br \/>\n2,59<\/p>\n<p>Comprimento interior (m)<br \/>\n5,84<\/p>\n<p>Largura interior (m)<br \/>\n2,35<\/p>\n<p>Altura interior (m)<br \/>\n2,39<\/p>\n<p>Largura da porta (m)<br \/>\n2,34<\/p>\n<p>Altura da porta (m)<br \/>\n2,28<\/p>\n","protected":false},"excerpt":{"rendered":"<p>Ref.: 000430<\/p>\n<p>DETALHES DO PRODUTO<br \/>\nEste contentor de 20 p\u00e9s para caf\u00e9 \u00e9 uma das nossas convers\u00f5es de contentores mais populares. Baseia-se num contentor padr\u00e3o de 20 p\u00e9s x 8 p\u00e9s e foi convertido pela nossa equipa interna de especialistas para utiliza\u00e7\u00e3o como unidade de servi\u00e7o de alimentos ou bebidas.<\/p>\n<p>Este contentor para caf\u00e9 est\u00e1 dispon\u00edvel para venda e entrega em todo o Reino Unido. A entrega padr\u00e3o \u00e9 de 6 a 8 semanas a partir do pedido.<\/p>\n<p>CARACTER\u00cdSTICAS DO NOVO CONTEINER DE CAF\u00c9 DE 20 P\u00c9S<br \/>\n2 escotilhas de servi\u00e7o frontais com 2350 mm de largura x 900 mm de altura<br \/>\n1 escotilha de servi\u00e7o lateral com 1800 mm de largura x 900 mm de altura<br \/>\nFechadura de a\u00e7o de 10 pontos<br \/>\nPorta de pessoal traseira<br \/>\nPorta lateral com abertura dupla para poss\u00edvel publicidade<br \/>\nTotalmente isolado com l\u00e3 de terra Dritherm de 50 mm de espessura nas paredes<br \/>\nTotalmente isolado com l\u00e3 de terra de 100 mm de espessura no teto<br \/>\nAs placas de revestimento s\u00e3o de contraplacado revestido de poli\u00e9ster com 3,6 mm de espessura no teto<br \/>\nAglomerado melam\u00ednico com 8 mm de espessura nas paredes<br \/>\nPavimento vin\u00edlico antiderrapante com 2 mm de espessura<br \/>\nEste contentor de caf\u00e9 tem acabamento em RAL7016 (cinza) com escotilhas em RAL2004 (laranja). No entanto, podemos repint\u00e1-lo em qualquer cor RAL padr\u00e3o (ver op\u00e7\u00f5es). Um pacote el\u00e9trico tamb\u00e9m est\u00e1 dispon\u00edvel.<\/p>\n<p>Equipamento de cozinha, incluindo lava-loi\u00e7as, bancadas, cafeteiras, fornos, etc., est\u00e1 dispon\u00edvel para satisfazer as suas especifica\u00e7\u00f5es. Entre em contacto connosco para obter mais informa\u00e7\u00f5es e pre\u00e7os.<\/p>\n<p>Se estiver interessado em personalizar este recipiente para caf\u00e9, por favor contacte a nossa equipa de convers\u00e3o de recipientes, que ter\u00e1 todo o prazer em discutir as suas necessidades espec\u00edficas.<\/p>\n","protected":false},"featured_media":13553,"template":"","meta":[],"product_cat":[91,90,84],"product_tag":[],"class_list":{"0":"post-13434","1":"product","2":"type-product","3":"status-publish","4":"has-post-thumbnail","6":"product_cat-barra-de-contentores","7":"product_cat-contentores-de-20-pes-6m","8":"product_cat-maritimos-em-segunda-mao","10":"first","11":"instock","12":"taxable","13":"shipping-taxable","14":"purchasable","15":"product-type-simple"},"_links":{"self":[{"href":"https:\/\/liscontentores.com\/index.php\/wp-json\/wp\/v2\/product\/13434","targetHints":{"allow":["GET"]}}],"collection":[{"href":"https:\/\/liscontentores.com\/index.php\/wp-json\/wp\/v2\/product"}],"about":[{"href":"https:\/\/liscontentores.com\/index.php\/wp-json\/wp\/v2\/types\/product"}],"wp:featuredmedia":[{"embeddable":true,"href":"https:\/\/liscontentores.com\/index.php\/wp-json\/wp\/v2\/media\/13553"}],"wp:attachment":[{"href":"https:\/\/liscontentores.com\/index.php\/wp-json\/wp\/v2\/media?parent=13434"}],"wp:term":[{"taxonomy":"product_cat","embeddable":true,"href":"https:\/\/liscontentores.com\/index.php\/wp-json\/wp\/v2\/product_cat?post=13434"},{"taxonomy":"product_tag","embeddable":true,"href":"https:\/\/liscontentores.com\/index.php\/wp-json\/wp\/v2\/product_tag?post=13434"}],"curies":[{"name":"wp","href":"https:\/\/api.w.org\/{rel}","templated":true}]}}