{"id":13495,"date":"2025-09-02T23:02:54","date_gmt":"2025-09-02T23:02:54","guid":{"rendered":"https:\/\/liscontentores.com\/?post_type=product&#038;p=13495"},"modified":"2025-09-02T23:03:36","modified_gmt":"2025-09-02T23:03:36","slug":"contenedor-de-almacenamiento-metalico-plano-2m","status":"publish","type":"product","link":"https:\/\/liscontentores.com\/index.php\/product\/contenedor-de-almacenamiento-metalico-plano-2m\/","title":{"rendered":"Contenedor De Almacenamiento Met\u00e1lico Plano (2m)"},"content":{"rendered":"<p>ESPECIFICACIONES DEL PRODUCTO<br \/>\nLongitud exterior (m)<br \/>\n2.02<\/p>\n<p>Ancho exterior (m)<br \/>\n2.14<\/p>\n<p>Altura exterior (m)<br \/>\n2.09<\/p>\n<p>Longitud interna (m)<br \/>\n1.90<\/p>\n<p>Ancho interior (m)<br \/>\n2.07<\/p>\n<p>Altura interior (m)<br \/>\n2.00<\/p>\n<p>Ancho de la puerta (m)<br \/>\n1.25<\/p>\n<p>Altura de la puerta (m)<br \/>\n1.80<\/p>\n<p>Peso m\u00e1ximo que puede soportar el suelo (kg)<br \/>\n1000, distribuidos uniformemente en el suelo<\/p>\n<p>Peso (embalaje plano) (kg)<br \/>\n271<\/p>\n<p>Peso Parte m\u00e1s pesada (desmontada) (kg)<br \/>\n88<\/p>\n<p>Tipo de suelo<br \/>\nTablero OSB de 15 mm<\/p>\n<p>Pavimentos interiores<br \/>\ntablero OSB<\/p>\n<p>Revestimiento de paredes interiores<br \/>\nAcero galvanizado<\/p>\n<p>Altura (plana) (mm)<br \/>\n300<\/p>\n<p>Longitud (plana) (m)<br \/>\n2.02<\/p>\n<p>Ancho (plano) (m)<br \/>\n2.14<\/p>\n<p>Calibre de acero (mm)<br \/>\n0.72<\/p>\n","protected":false},"excerpt":{"rendered":"<p>Ref.: 000460<\/p>\n<p>DETALLES DE PRODUCTO<br \/>\nOferta promocional: obtenga un paquete de seguridad gratis con cada contenedor de paquete plano comprado en l\u00ednea en mayo. Para beneficiarte de esta oferta, a\u00f1ade el pack de seguridad gratuito entre las opciones de productos de tu carrito de la compra.<\/p>\n<p>Esta tienda de superficie plana es un contenedor de metal seguro para exteriores y es popular para el almacenamiento en el sitio, el almacenamiento en el jard\u00edn y para las necesidades de almacenamiento de la escuela, el club y la comunidad.<\/p>\n<p>Es lo suficientemente liviano para ser manipulado por humanos y los componentes son lo suficientemente peque\u00f1os para pasar a trav\u00e9s de peque\u00f1os pasajes. Sin necesidad de gr\u00faas, montacargas o herramientas especializadas. Solo un juego de enchufes, \u00a1y listo!<\/p>\n<p>Una vez montado, puede levantarse de sus argollas de elevaci\u00f3n con la carga a bordo. Esta tienda de superficie plana de 2 m se puede conectar a otra de nuestras unidades de tienda de superficie plana para formar grandes \u00e1reas abiertas de espacio de almacenamiento seg\u00fan sea necesario (de lado a lado y de extremo a extremo).<\/p>\n<p>CARACTER\u00cdSTICAS DEL CARGADOR PLANO 2M (GALVANIZADO)<br \/>\nCuerpo completamente galvanizado<br \/>\nMenos espacio de almacenamiento cuando no est\u00e1 en uso<br \/>\nMontaje sencillo<br \/>\nCapacidad totalmente ampliable (modular)<br \/>\nBajo costo<br \/>\nLa revista empaquetada plana recientemente mejorada ahora viene con un sistema de doble bloqueo para mayor seguridad sin costo adicional.<\/p>\n","protected":false},"featured_media":13600,"template":"","meta":[],"product_cat":[89,88,92,84],"product_tag":[],"class_list":{"0":"post-13495","1":"product","2":"type-product","3":"status-publish","4":"has-post-thumbnail","6":"product_cat-armazenamento-removivel","7":"product_cat-contentores-de-8-e-10-pes-3-e-4-m","8":"product_cat-contentores-de-pacote-plano","9":"product_cat-maritimos-em-segunda-mao","11":"first","12":"instock","13":"taxable","14":"shipping-taxable","15":"purchasable","16":"product-type-simple"},"_links":{"self":[{"href":"https:\/\/liscontentores.com\/index.php\/wp-json\/wp\/v2\/product\/13495","targetHints":{"allow":["GET"]}}],"collection":[{"href":"https:\/\/liscontentores.com\/index.php\/wp-json\/wp\/v2\/product"}],"about":[{"href":"https:\/\/liscontentores.com\/index.php\/wp-json\/wp\/v2\/types\/product"}],"wp:featuredmedia":[{"embeddable":true,"href":"https:\/\/liscontentores.com\/index.php\/wp-json\/wp\/v2\/media\/13600"}],"wp:attachment":[{"href":"https:\/\/liscontentores.com\/index.php\/wp-json\/wp\/v2\/media?parent=13495"}],"wp:term":[{"taxonomy":"product_cat","embeddable":true,"href":"https:\/\/liscontentores.com\/index.php\/wp-json\/wp\/v2\/product_cat?post=13495"},{"taxonomy":"product_tag","embeddable":true,"href":"https:\/\/liscontentores.com\/index.php\/wp-json\/wp\/v2\/product_tag?post=13495"}],"curies":[{"name":"wp","href":"https:\/\/api.w.org\/{rel}","templated":true}]}}