{"id":13496,"date":"2025-09-02T23:02:54","date_gmt":"2025-09-02T23:02:54","guid":{"rendered":"https:\/\/liscontentores.com\/?post_type=product&#038;p=13496"},"modified":"2025-10-01T14:43:03","modified_gmt":"2025-10-01T14:43:03","slug":"contentor-de-armazenamento-plano-3m-x-21m-galvanizado","status":"publish","type":"product","link":"https:\/\/liscontentores.com\/index.php\/product\/contentor-de-armazenamento-plano-3m-x-21m-galvanizado\/","title":{"rendered":"Contentor de armazenamento plano 3m x 2,1m \u2013 galvanizado"},"content":{"rendered":"<p>ESPECIFICA\u00c7\u00d5ES DO PRODUTO<br \/>\nComprimento Externo (m)<br \/>\n2,95<\/p>\n<p>Largura Externa (m)<br \/>\n2,14<\/p>\n<p>Altura Exterior (m)<br \/>\n2,09<\/p>\n<p>Comprimento Interno (m)<br \/>\n2,80<\/p>\n<p>Largura Interna (m)<br \/>\n2,07<\/p>\n<p>Altura Interior (m)<br \/>\n2,00<\/p>\n<p>Largura da Porta (m)<br \/>\n1,25<\/p>\n<p>Altura da Porta (m)<br \/>\n1,80<\/p>\n<p>Peso M\u00e1ximo do Piso (kg)<br \/>\n1500, distribu\u00eddo uniformemente sobre o pavimento<\/p>\n<p>Peso (embalado) (kg)<br \/>\n351<\/p>\n<p>Peso (desmontado) (kg)<br \/>\n120<\/p>\n<p>Tipo de Pavimento<br \/>\nPlaca OSB de 15 mm<\/p>\n<p>Piso Interno<br \/>\nPlaca OSB<\/p>\n<p>Revestimento de Parede Interior<br \/>\nA\u00e7o Galvanizado<\/p>\n<p>Altura (plana) (mm)<br \/>\n300<\/p>\n<p>Comprimento (plana) (m)<br \/>\n2,95<\/p>\n<p>Largura (plano) (m)<br \/>\n2,14<\/p>\n<p>Bitola de a\u00e7o (mm)<br \/>\n0,72<\/p>\n","protected":false},"excerpt":{"rendered":"<p>Ref.: 000463<\/p>\n<p>DETALHES DO PRODUTO<br \/>\nOferta promocional: Receba um pacote de seguran\u00e7a gratuito com cada contentor flat-pack comprado online em maio. Para usufruir desta oferta, adicione o pacote de seguran\u00e7a gratuito ao seu carrinho de compras.<\/p>\n<p>Esta plataforma dobr\u00e1vel galvanizada de 3 m \u00e9 leve o suficiente para o manuseamento humano e os componentes s\u00e3o pequenos o suficiente para passar por pequenas passagens. N\u00e3o s\u00e3o necess\u00e1rios guindastes, empilhadores ou ferramentas especializadas. Basta um conjunto de chaves de caixa e est\u00e1 feito!<\/p>\n<p>At\u00e9 agora, a \u00fanica alternativa era um hangar de chapa met\u00e1lica, que oferecia seguran\u00e7a m\u00ednima e era menos agrad\u00e1vel esteticamente.<\/p>\n<p>Uma vez montado, pode ser i\u00e7ado pelos olhais de eleva\u00e7\u00e3o com a carga a bordo. Este armaz\u00e9m flat-pack de 3 m pode ser ligado a outra unidade de armaz\u00e9m flat-pack para formar grandes \u00e1reas abertas de armazenamento, conforme necess\u00e1rio (lateralmente e de ponta a ponta).<\/p>\n<p>CARACTER\u00cdSTICAS DO CONTENTOR DE ARMAZENAMENTO 3M FLAT PACK (GALVANIZADO)<br \/>\nCorpo totalmente galvanizado<br \/>\nMenos espa\u00e7o de armazenamento quando n\u00e3o est\u00e1 a ser utilizado<br \/>\nF\u00e1cil montagem<br \/>\nCapacidade totalmente expans\u00edvel (modular)<br \/>\nBaixo custo<br \/>\nO carregador flat-pack melhorado vem agora com um sistema de bloqueio duplo para maior seguran\u00e7a, sem custos adicionais.<\/p>\n","protected":false},"featured_media":13608,"template":"","meta":[],"product_cat":[89,88,92,84],"product_tag":[],"class_list":{"0":"post-13496","1":"product","2":"type-product","3":"status-publish","4":"has-post-thumbnail","6":"product_cat-armazenamento-removivel","7":"product_cat-contentores-de-8-e-10-pes-3-e-4-m","8":"product_cat-contentores-de-pacote-plano","9":"product_cat-maritimos-em-segunda-mao","11":"first","12":"instock","13":"taxable","14":"shipping-taxable","15":"purchasable","16":"product-type-simple"},"_links":{"self":[{"href":"https:\/\/liscontentores.com\/index.php\/wp-json\/wp\/v2\/product\/13496","targetHints":{"allow":["GET"]}}],"collection":[{"href":"https:\/\/liscontentores.com\/index.php\/wp-json\/wp\/v2\/product"}],"about":[{"href":"https:\/\/liscontentores.com\/index.php\/wp-json\/wp\/v2\/types\/product"}],"wp:featuredmedia":[{"embeddable":true,"href":"https:\/\/liscontentores.com\/index.php\/wp-json\/wp\/v2\/media\/13608"}],"wp:attachment":[{"href":"https:\/\/liscontentores.com\/index.php\/wp-json\/wp\/v2\/media?parent=13496"}],"wp:term":[{"taxonomy":"product_cat","embeddable":true,"href":"https:\/\/liscontentores.com\/index.php\/wp-json\/wp\/v2\/product_cat?post=13496"},{"taxonomy":"product_tag","embeddable":true,"href":"https:\/\/liscontentores.com\/index.php\/wp-json\/wp\/v2\/product_tag?post=13496"}],"curies":[{"name":"wp","href":"https:\/\/api.w.org\/{rel}","templated":true}]}}