{"id":13499,"date":"2025-09-02T23:02:54","date_gmt":"2025-09-02T23:02:54","guid":{"rendered":"https:\/\/liscontentores.com\/?post_type=product&#038;p=13499"},"modified":"2025-09-30T20:51:10","modified_gmt":"2025-09-30T20:51:10","slug":"armazenamento-de-produtos-quimicos-em-embalagens-planas-de-3-m-x-21-m","status":"publish","type":"product","link":"https:\/\/liscontentores.com\/index.php\/product\/armazenamento-de-produtos-quimicos-em-embalagens-planas-de-3-m-x-21-m\/","title":{"rendered":"Armazenamento de produtos qu\u00edmicos em embalagens planas de 3 m x 2,1 m"},"content":{"rendered":"<p>ESPECIFICA\u00c7\u00d5ES DO PRODUTO<br \/>\nComprimento Externo (m)<br \/>\n2,95<\/p>\n<p>Largura Externa (m)<br \/>\n2,14<\/p>\n<p>Altura Exterior (m)<br \/>\n2,30<\/p>\n<p>Comprimento Interno (m)<br \/>\n2,80<\/p>\n<p>Largura Interna (m)<br \/>\n2,07<\/p>\n<p>Altura Interior (m)<br \/>\n2,00<\/p>\n<p>Largura da Porta (m)<br \/>\n1,25<\/p>\n<p>Altura da Porta (m)<br \/>\n1,80<\/p>\n<p>Peso (embalado desmontado) (kg)<br \/>\n351<\/p>\n<p>Peso (parte mais pesada) (desmontada) (kg)<br \/>\n120<\/p>\n<p>Tipo de Pavimento: Pavimento de A\u00e7o<\/p>\n<p>Revestimento Interno da Parede: A\u00e7o Galvanizado<\/p>\n<p>Altura (plana) (mm)<br \/>\n300<\/p>\n<p>Comprimento (plana) (m)<br \/>\n3,95<\/p>\n<p>Largura (plana) (m)<br \/>\n2,14<\/p>\n<p>Bitola de A\u00e7o (mm)<br \/>\n0,72<\/p>\n","protected":false},"excerpt":{"rendered":"<p>Ref.: 000466<\/p>\n<p>DETALHES DO PRODUTO<br \/>\nOferta promocional: Receba um pacote de seguran\u00e7a gratuito em cada contentor flat-pack comprado online em maio. Para usufruir desta oferta, adicione o pacote de seguran\u00e7a gratuito ao seu carrinho de compras.<\/p>\n<p>Este armazenamento flat-pack \u00e9 a mais recente adi\u00e7\u00e3o \u00e0 nossa gama de produtos flat-pack, concebidos especificamente para o armazenamento seguro de materiais perigosos. Possui portas duplas para f\u00e1cil acesso, uma base de reservat\u00f3rio para conter derrames e um piso de tela suspensa.<\/p>\n<p>Ideal para locais com acesso limitado, \u00e9 leve o suficiente para manuseamento humano e os componentes s\u00e3o pequenos o suficiente para passar por corredores estreitos. N\u00e3o h\u00e1 necessidade de gruas, empilhadores ou ferramentas especializadas. Basta um conjunto de chaves de caixa e est\u00e1 feito! Depois de montado, pode ser i\u00e7ado dos seus an\u00e9is de eleva\u00e7\u00e3o com a carga a bordo!<\/p>\n<p>Esta unidade de armazenamento qu\u00edmico flat-pack de 3 m pode ser ligada a outra unidade para formar grandes \u00e1reas abertas de armazenamento, conforme necess\u00e1rio (lateral e de ponta a ponta).<\/p>\n<p>PLANOS DE ARMAZENAMENTO DE PRODUTOS QU\u00cdMICOS EMBALADOS<br \/>\nCorpo totalmente galvanizado com portas duplas com pintura eletrost\u00e1tica a p\u00f3<br \/>\nMenos espa\u00e7o de armazenamento quando n\u00e3o est\u00e1 a ser utilizado<br \/>\nF\u00e1cil montagem. Capacidade totalmente expans\u00edvel (modular)<br \/>\nVem com sistema de fecho duplo para maior seguran\u00e7a, sem custos adicionais<br \/>\nFundo do reservat\u00f3rio com piso suspenso para conter poss\u00edveis derrames<\/p>\n","protected":false},"featured_media":13637,"template":"","meta":[],"product_cat":[89,88,92,84],"product_tag":[],"class_list":{"0":"post-13499","1":"product","2":"type-product","3":"status-publish","4":"has-post-thumbnail","6":"product_cat-armazenamento-removivel","7":"product_cat-contentores-de-8-e-10-pes-3-e-4-m","8":"product_cat-contentores-de-pacote-plano","9":"product_cat-maritimos-em-segunda-mao","11":"first","12":"instock","13":"taxable","14":"shipping-taxable","15":"purchasable","16":"product-type-simple"},"_links":{"self":[{"href":"https:\/\/liscontentores.com\/index.php\/wp-json\/wp\/v2\/product\/13499","targetHints":{"allow":["GET"]}}],"collection":[{"href":"https:\/\/liscontentores.com\/index.php\/wp-json\/wp\/v2\/product"}],"about":[{"href":"https:\/\/liscontentores.com\/index.php\/wp-json\/wp\/v2\/types\/product"}],"wp:featuredmedia":[{"embeddable":true,"href":"https:\/\/liscontentores.com\/index.php\/wp-json\/wp\/v2\/media\/13637"}],"wp:attachment":[{"href":"https:\/\/liscontentores.com\/index.php\/wp-json\/wp\/v2\/media?parent=13499"}],"wp:term":[{"taxonomy":"product_cat","embeddable":true,"href":"https:\/\/liscontentores.com\/index.php\/wp-json\/wp\/v2\/product_cat?post=13499"},{"taxonomy":"product_tag","embeddable":true,"href":"https:\/\/liscontentores.com\/index.php\/wp-json\/wp\/v2\/product_tag?post=13499"}],"curies":[{"name":"wp","href":"https:\/\/api.w.org\/{rel}","templated":true}]}}