{"id":13503,"date":"2025-09-02T23:02:54","date_gmt":"2025-09-02T23:02:54","guid":{"rendered":"https:\/\/liscontentores.com\/?post_type=product&#038;p=13503"},"modified":"2025-10-01T14:54:41","modified_gmt":"2025-10-01T14:54:41","slug":"conjunto-de-contentores-de-ligacao-lateral-plana-3m-x-42m-galvanizado","status":"publish","type":"product","link":"https:\/\/liscontentores.com\/index.php\/product\/conjunto-de-contentores-de-ligacao-lateral-plana-3m-x-42m-galvanizado\/","title":{"rendered":"Conjunto de contentores de liga\u00e7\u00e3o lateral plana 3m x 4,2m (galvanizado)"},"content":{"rendered":"<p>ESPECIFICA\u00c7\u00d5ES DO PRODUTO<br \/>\nComprimento Externo (m)<br \/>\n2,95<\/p>\n<p>Largura Externa (m)<br \/>\n4,37<\/p>\n<p>Altura Exterior (m)<br \/>\n2,09<\/p>\n<p>Comprimento Interno (m)<br \/>\n2,80<\/p>\n<p>Largura Interna (m)<br \/>\n4,07<\/p>\n<p>Altura Interior (m)<br \/>\n1,95<\/p>\n<p>Largura da Porta (m)<br \/>\n1,25<\/p>\n<p>Altura da Porta (m)<br \/>\n1,88<\/p>\n<p>Tipo de Pavimento: OSB de 15 mm<\/p>\n<p>Peso (embalado plano) (kg)<br \/>\n704<\/p>\n<p>Peso (parte mais pesada) (desmontada) (kg)<br \/>\n120<\/p>\n<p>Altura (plana) (mm)<br \/>\n600<\/p>\n<p>Comprimento (plana) (m)<br \/>\n2,95<\/p>\n<p>Largura (plana) (m)<br \/>\n2,14<\/p>\n","protected":false},"excerpt":{"rendered":"<p>Ref.: 000469<\/p>\n<p>DETALHES DO PRODUTO<br \/>\nOferta promocional: Receba um pacote de seguran\u00e7a gratuito em cada contentor flat-pack comprado online em maio. Para usufruir desta oferta, adicione o pacote de seguran\u00e7a gratuito ao seu carrinho de compras.<\/p>\n<p>Se necessita de um amplo espa\u00e7o aberto para armazenar mercadorias num espa\u00e7o reduzido, os contentores flat-pack lado a lado de 3 m com uma largura interna de 4065 mm (2 unidades) s\u00e3o uma solu\u00e7\u00e3o de armazenamento extremamente \u00fatil e expans\u00edvel.<\/p>\n<p>Oferecem todas as vantagens habituais da linha de contentores flat-pack, incluindo o facto de os componentes individuais poderem ser movidos manualmente e montados em posi\u00e7\u00f5es inadequadas atr\u00e1s ou mesmo dentro de edif\u00edcios, conforme necess\u00e1rio. O kit de liga\u00e7\u00e3o \u00e9 galvanizado para uma longa vida \u00fatil e para se adaptar perfeitamente aos contentores.<\/p>\n<p>Este pacote inclui:<\/p>\n<p>2 p\u00e1s carregadoras de plataforma galvanizadas de 3 m (QF249)<br \/>\n1 Kit de Liga\u00e7\u00e3o Lado a Lado (QF594)<br \/>\nIsto proporciona 11,3 m\u00b2 ou 121 p\u00e9s quadrados. Tamb\u00e9m podem ser ligadas unidades adicionais, se necess\u00e1rio (adicione kits de liga\u00e7\u00e3o e outras unidades ao seu carrinho online durante a finaliza\u00e7\u00e3o da compra).<\/p>\n<p>A configura\u00e7\u00e3o de liga\u00e7\u00e3o lado a lado tamb\u00e9m beneficia de m\u00faltiplas portas, sendo que cada unidade adicional fornece um conjunto adicional de portas. As unidades ligadas podem ser unidas com portas na mesma extremidade ou em extremidades opostas.<\/p>\n<p>Note que os contentores de plataforma s\u00f3 podem ser unidos numa dire\u00e7\u00e3o, por exemplo, lado a lado ou de ponta a ponta na mesma estrutura.<\/p>\n<p>Unidades de Armazenamento de Pavimento Interligadas de 3M x 4,2M (Galvanizadas) &#8211; Vantagens<br \/>\nF\u00e1cil de montar<br \/>\nAs unidades de armazenamento podem ser desmontadas e movidas a qualquer momento<br \/>\nAs unidades podem ser reutilizadas em conjunto ou individualmente (lembre-se de guardar os pain\u00e9is laterais extra quando ligar)<br \/>\nIdeal para armazenar artigos volumosos (como isolamento em estaleiros de constru\u00e7\u00e3o)<br \/>\nAs portas s\u00e3o simples e f\u00e1ceis de utilizar para qualquer pessoa, operadas com o rodar de uma chave<br \/>\nResistentes e leves<br \/>\nAdequadas para escolas, clubes, projetos de constru\u00e7\u00e3o e jardins para prote\u00e7\u00e3o contra roubo e intemp\u00e9ries.<\/p>\n","protected":false},"featured_media":13666,"template":"","meta":[],"product_cat":[89,88,92,84],"product_tag":[],"class_list":{"0":"post-13503","1":"product","2":"type-product","3":"status-publish","4":"has-post-thumbnail","6":"product_cat-armazenamento-removivel","7":"product_cat-contentores-de-8-e-10-pes-3-e-4-m","8":"product_cat-contentores-de-pacote-plano","9":"product_cat-maritimos-em-segunda-mao","11":"first","12":"instock","13":"taxable","14":"shipping-taxable","15":"purchasable","16":"product-type-simple"},"_links":{"self":[{"href":"https:\/\/liscontentores.com\/index.php\/wp-json\/wp\/v2\/product\/13503","targetHints":{"allow":["GET"]}}],"collection":[{"href":"https:\/\/liscontentores.com\/index.php\/wp-json\/wp\/v2\/product"}],"about":[{"href":"https:\/\/liscontentores.com\/index.php\/wp-json\/wp\/v2\/types\/product"}],"wp:featuredmedia":[{"embeddable":true,"href":"https:\/\/liscontentores.com\/index.php\/wp-json\/wp\/v2\/media\/13666"}],"wp:attachment":[{"href":"https:\/\/liscontentores.com\/index.php\/wp-json\/wp\/v2\/media?parent=13503"}],"wp:term":[{"taxonomy":"product_cat","embeddable":true,"href":"https:\/\/liscontentores.com\/index.php\/wp-json\/wp\/v2\/product_cat?post=13503"},{"taxonomy":"product_tag","embeddable":true,"href":"https:\/\/liscontentores.com\/index.php\/wp-json\/wp\/v2\/product_tag?post=13503"}],"curies":[{"name":"wp","href":"https:\/\/api.w.org\/{rel}","templated":true}]}}