{"id":13507,"date":"2025-09-02T23:02:55","date_gmt":"2025-09-02T23:02:55","guid":{"rendered":"https:\/\/liscontentores.com\/?post_type=product&#038;p=13507"},"modified":"2025-09-30T20:44:50","modified_gmt":"2025-09-30T20:44:50","slug":"conjunto-de-contentores-de-ligacao-lateral-plana-de-4m-x-42m-galvanizado","status":"publish","type":"product","link":"https:\/\/liscontentores.com\/index.php\/product\/conjunto-de-contentores-de-ligacao-lateral-plana-de-4m-x-42m-galvanizado\/","title":{"rendered":"Conjunto de contentores de liga\u00e7\u00e3o lateral plana de 4m x 4,2m (galvanizado)"},"content":{"rendered":"<p>ESPECIFICA\u00c7\u00d5ES DO PRODUTO<br \/>\nComprimento Externo (m)<br \/>\n3,88<\/p>\n<p>Largura Externa (m)<br \/>\n4,37<\/p>\n<p>Altura Exterior (m)<br \/>\n2,09<\/p>\n<p>Comprimento Interno (m)<br \/>\n3,73<\/p>\n<p>Largura Interna (m)<br \/>\n4,07<\/p>\n<p>Altura Interior (m)<br \/>\n1,95<\/p>\n<p>Largura da Porta (m)<br \/>\n1,25<\/p>\n<p>Altura da Porta (m)<br \/>\n1,88<\/p>\n<p>Peso (embalado desmontado) (kg)<br \/>\n842<\/p>\n<p>Peso (parte mais pesada desmontada) (kg)<br \/>\n153<\/p>\n<p>Tipo de Pavimento<br \/>\nPlaca OSB de 15 mm<\/p>\n<p>Altura (plana) (mm)<br \/>\n600<\/p>\n<p>Comprimento (plana) (m)<br \/>\n3,88<\/p>\n<p>Largura (plana) (m)<br \/>\n2,14<\/p>\n","protected":false},"excerpt":{"rendered":"<p>Ref.: 000474<\/p>\n<p>DETALHES DO PRODUTO<br \/>\nOferta promocional: Receba um pacote de seguran\u00e7a gratuito com cada contentor flat-pack comprado online em maio. Para usufruir desta oferta, adicione o pacote de seguran\u00e7a gratuito ao seu carrinho de compras.<\/p>\n<p>Os contentores flat-pack galvanizados de 4 m ligam-se ao kit de liga\u00e7\u00e3o galvanizado correspondente, criando espa\u00e7os abertos muito amplos para o armazenamento de mercadorias e equipamentos.<\/p>\n<p>Este pacote inclui:<\/p>\n<p>2 carregadoras de plataforma com pintura eletrost\u00e1tica a p\u00f3 de 4 m (QF255)<br \/>\n1 Kit de Liga\u00e7\u00e3o Lado a Lado (QF595)<br \/>\nPara locais dif\u00edceis, as plataformas de liga\u00e7\u00e3o lado a lado s\u00e3o uma solu\u00e7\u00e3o extremamente \u00fatil e expans\u00edvel. Oferecem todas as vantagens habituais da linha de armazenamento flat-pack, incluindo o facto de os componentes individuais poderem ser movidos manualmente e montados em posi\u00e7\u00f5es dif\u00edceis atr\u00e1s ou mesmo dentro de edif\u00edcios, conforme necess\u00e1rio.<\/p>\n<p>Note que, com contentores de 4 m, provavelmente precisar\u00e1 de 4 a 6 pessoas para o ajudar, caso necessite de mover manualmente as pe\u00e7as da \u00e1rea de entrega para a \u00e1rea de montagem.<\/p>\n<p>Pode ver nas imagens do produto o espa\u00e7o \u00fatil que pode ser criado unindo as unidades. Tamb\u00e9m podem ser anexadas unidades adicionais, se necess\u00e1rio (adicione kits de liga\u00e7\u00e3o e lojas adicionais ao seu carrinho online durante a finaliza\u00e7\u00e3o da compra).<\/p>\n<p>A configura\u00e7\u00e3o com laterais ligadas beneficia ainda de m\u00faltiplas portas e de um conjunto adicional de portas a cada unidade adicional adicionada. As unidades planas ligadas podem ser unidas com portas na mesma extremidade ou em extremidades opostas para m\u00e1xima flexibilidade (decida ao montar a unidade qual a posi\u00e7\u00e3o que funciona melhor).<\/p>\n<p>Note que os contentores planos s\u00f3 podem ser unidos numa dire\u00e7\u00e3o, por exemplo, de lado a lado ou de ponta a ponta na mesma estrutura.<\/p>\n<p>Contentores planos com liga\u00e7\u00e3o lateral de 4 m x 4,2 m (galvanizados) \u2013 Utiliza\u00e7\u00f5es ideais<br \/>\nEquipamento de manuten\u00e7\u00e3o de campos em clubes de golfe e escolas: os artigos podem ser facilmente movidos para os cantos mais distantes dos campos desportivos, proporcionando um acesso r\u00e1pido e f\u00e1cil. Clubes desportivos para armazenamento de equipamentos desportivos<br \/>\nEscuteiros, CCF, Cadetes, Guias e grupos de jovens para armazenamento de equipamento<br \/>\nConselhos paroquiais e sal\u00f5es comunit\u00e1rios\/centros comunit\u00e1rios para armazenamento de cadeiras, mesas e outros equipamentos, como ferramentas de jardinagem e equipamentos de manuten\u00e7\u00e3o de jardins.<br \/>\nSetor ferrovi\u00e1rio: Utiliza\u00e7\u00e3o em desvios, plataformas e outras \u00e1reas onde a entrega por grua n\u00e3o \u00e9 poss\u00edvel<\/p>\n","protected":false},"featured_media":13695,"template":"","meta":[],"product_cat":[89,88,92,84],"product_tag":[],"class_list":{"0":"post-13507","1":"product","2":"type-product","3":"status-publish","4":"has-post-thumbnail","6":"product_cat-armazenamento-removivel","7":"product_cat-contentores-de-8-e-10-pes-3-e-4-m","8":"product_cat-contentores-de-pacote-plano","9":"product_cat-maritimos-em-segunda-mao","11":"first","12":"instock","13":"taxable","14":"shipping-taxable","15":"purchasable","16":"product-type-simple"},"_links":{"self":[{"href":"https:\/\/liscontentores.com\/index.php\/wp-json\/wp\/v2\/product\/13507","targetHints":{"allow":["GET"]}}],"collection":[{"href":"https:\/\/liscontentores.com\/index.php\/wp-json\/wp\/v2\/product"}],"about":[{"href":"https:\/\/liscontentores.com\/index.php\/wp-json\/wp\/v2\/types\/product"}],"wp:featuredmedia":[{"embeddable":true,"href":"https:\/\/liscontentores.com\/index.php\/wp-json\/wp\/v2\/media\/13695"}],"wp:attachment":[{"href":"https:\/\/liscontentores.com\/index.php\/wp-json\/wp\/v2\/media?parent=13507"}],"wp:term":[{"taxonomy":"product_cat","embeddable":true,"href":"https:\/\/liscontentores.com\/index.php\/wp-json\/wp\/v2\/product_cat?post=13507"},{"taxonomy":"product_tag","embeddable":true,"href":"https:\/\/liscontentores.com\/index.php\/wp-json\/wp\/v2\/product_tag?post=13507"}],"curies":[{"name":"wp","href":"https:\/\/api.w.org\/{rel}","templated":true}]}}