{"id":13508,"date":"2025-09-02T23:02:55","date_gmt":"2025-09-02T23:02:55","guid":{"rendered":"https:\/\/liscontentores.com\/?post_type=product&#038;p=13508"},"modified":"2025-09-30T20:46:45","modified_gmt":"2025-09-30T20:46:45","slug":"ligacao-final-para-embalagem-de-contentor-de-8m-x-21m-galvanizada","status":"publish","type":"product","link":"https:\/\/liscontentores.com\/index.php\/product\/ligacao-final-para-embalagem-de-contentor-de-8m-x-21m-galvanizada\/","title":{"rendered":"Liga\u00e7\u00e3o final para embalagem de contentor de 8m x 2,1m (galvanizada)"},"content":{"rendered":"<p>ESPECIFICA\u00c7\u00d5ES DO PRODUTO<br \/>\nComprimento Externo (m)<br \/>\n7,86<\/p>\n<p>Largura Externa (m)<br \/>\n2,14<\/p>\n<p>Altura Exterior (m)<br \/>\n2,09<\/p>\n<p>Comprimento Interno (m)<br \/>\n7,56<\/p>\n<p>Largura Interna (m)<br \/>\n1,99<\/p>\n<p>Altura Interior (m)<br \/>\n1,95<\/p>\n<p>Largura da Porta (m)<br \/>\n1,25<\/p>\n<p>Altura da Porta (m)<br \/>\n1,88<\/p>\n<p>Peso (embalado desmontado) (kg)<br \/>\n842<\/p>\n<p>Peso (parte mais pesada desmontada) (kg)<br \/>\n153<\/p>\n<p>Tipo de Pavimento<br \/>\nPlaca OSB de 15 mm<\/p>\n<p>Altura (plana) (mm)<br \/>\n600<\/p>\n<p>Comprimento (plana) (m)<br \/>\n3,88<\/p>\n<p>Largura (plana) (m)<br \/>\n2,14<\/p>\n","protected":false},"excerpt":{"rendered":"<p>Ref.: 000476<\/p>\n<p>DETALHES DO PRODUTO<br \/>\nOferta promocional: Receba um pacote de seguran\u00e7a gratuito com cada contentor flat-pack comprado online em maio. Para usufruir desta oferta, adicione o pacote de seguran\u00e7a gratuito ao seu carrinho de compras.<\/p>\n<p>A uni\u00e3o de topo de contentores flat-pack \u00e9 um m\u00e9todo r\u00e1pido e f\u00e1cil de criar espa\u00e7o para o armazenamento de grandes extens\u00f5es de materiais. A combina\u00e7\u00e3o de dois contentores galvanizados de 4 m resulta num espa\u00e7o interior de 7,56 m.<\/p>\n<p>Este pacote inclui:<\/p>\n<p>2 carregadores flat-pack galvanizados de 4 m (QF255)<br \/>\n1 kit de liga\u00e7\u00e3o de extremidade (QF583)<br \/>\nMuitos comprimentos de material medem entre 6 m e 6,5 m, o que significa que ter\u00e1 1 a 1,5 m de espa\u00e7o de armazenamento extra na frente da sua loja para outros artigos. Isto torna esta combina\u00e7\u00e3o de unidades particularmente popular entre empresas de constru\u00e7\u00e3o, concession\u00e1rias de servi\u00e7os p\u00fablicos e profissionais independentes (como eletricistas e canalizadores). Esta configura\u00e7\u00e3o tamb\u00e9m \u00e9 popular entre clubes desportivos e grupos de jovens para armazenar artigos mais longos.<\/p>\n<p>Esta configura\u00e7\u00e3o continua a oferecer todos os benef\u00edcios da linha de armazenamento plana, incluindo o facto de os componentes individuais poderem ser movidos manualmente e montados em posi\u00e7\u00f5es inadequadas atr\u00e1s ou mesmo dentro de edif\u00edcios.<\/p>\n<p>Note que, com estes contentores de 4 m, provavelmente precisar\u00e1 de 4 a 6 pessoas para o ajudar, caso necessite de mover manualmente as pe\u00e7as da \u00e1rea de entrega para a \u00e1rea de montagem.<\/p>\n<p>Na linha interligada, \u00e9 poss\u00edvel unir ou adicionar diferentes combina\u00e7\u00f5es de tendas de 2 m, 3 m e 4 m para criar o tamanho ideal para o equipamento que precisa de armazenar e o espa\u00e7o dispon\u00edvel. N\u00e3o h\u00e1 limite para o n\u00famero de contentores que podem ser montados, e podem ser instaladas portas em ambas as extremidades, se necess\u00e1rio, para a m\u00e1xima flexibilidade no carregamento e descarregamento de mercadorias e materiais.<\/p>\n<p>Note que os contentores planos s\u00f3 podem ser unidos numa dire\u00e7\u00e3o, por exemplo: lateralmente ou de ponta a ponta na mesma estrutura.<\/p>\n<p>Este conjunto de contentores flatpack interligados est\u00e1 dispon\u00edvel para venda e entrega em toda a Espanha.<\/p>\n","protected":false},"featured_media":13702,"template":"","meta":[],"product_cat":[89,88,92,84],"product_tag":[],"class_list":{"0":"post-13508","1":"product","2":"type-product","3":"status-publish","4":"has-post-thumbnail","6":"product_cat-armazenamento-removivel","7":"product_cat-contentores-de-8-e-10-pes-3-e-4-m","8":"product_cat-contentores-de-pacote-plano","9":"product_cat-maritimos-em-segunda-mao","11":"first","12":"instock","13":"sale","14":"taxable","15":"shipping-taxable","16":"purchasable","17":"product-type-simple"},"_links":{"self":[{"href":"https:\/\/liscontentores.com\/index.php\/wp-json\/wp\/v2\/product\/13508","targetHints":{"allow":["GET"]}}],"collection":[{"href":"https:\/\/liscontentores.com\/index.php\/wp-json\/wp\/v2\/product"}],"about":[{"href":"https:\/\/liscontentores.com\/index.php\/wp-json\/wp\/v2\/types\/product"}],"wp:featuredmedia":[{"embeddable":true,"href":"https:\/\/liscontentores.com\/index.php\/wp-json\/wp\/v2\/media\/13702"}],"wp:attachment":[{"href":"https:\/\/liscontentores.com\/index.php\/wp-json\/wp\/v2\/media?parent=13508"}],"wp:term":[{"taxonomy":"product_cat","embeddable":true,"href":"https:\/\/liscontentores.com\/index.php\/wp-json\/wp\/v2\/product_cat?post=13508"},{"taxonomy":"product_tag","embeddable":true,"href":"https:\/\/liscontentores.com\/index.php\/wp-json\/wp\/v2\/product_tag?post=13508"}],"curies":[{"name":"wp","href":"https:\/\/api.w.org\/{rel}","templated":true}]}}