{"id":13562,"date":"2025-09-02T23:03:22","date_gmt":"2025-09-02T23:03:22","guid":{"rendered":"https:\/\/liscontentores.com\/?post_type=product&#038;p=13562"},"modified":"2025-09-30T20:40:49","modified_gmt":"2025-09-30T20:40:49","slug":"conjunto-de-armazenamento-de-ligacao-lateral-plana-xl-de-6-m","status":"publish","type":"product","link":"https:\/\/liscontentores.com\/index.php\/product\/conjunto-de-armazenamento-de-ligacao-lateral-plana-xl-de-6-m\/","title":{"rendered":"Conjunto de armazenamento de liga\u00e7\u00e3o lateral plana XL de 6 m"},"content":{"rendered":"<p>ESPECIFICA\u00c7\u00d5ES DO PRODUTO<br \/>\nComprimento Externo (m)<br \/>\n5,88<\/p>\n<p>Largura Externa (m)<br \/>\n4,66<\/p>\n<p>Altura Exterior (m)<br \/>\n2,24<\/p>\n<p>Comprimento Interno (m)<br \/>\n5,72<\/p>\n<p>Largura Interna (m)<br \/>\n4,27<\/p>\n<p>Altura Interior (m)<br \/>\n2,10<\/p>\n<p>Largura da Porta (m)<br \/>\n1,75<\/p>\n<p>Tipo de Pavimento<br \/>\nOSB 15 mm<\/p>\n","protected":false},"excerpt":{"rendered":"<p>Ref.: 000478<\/p>\n<p>DETALHES DO PRODUTO<br \/>\nOferta promocional: Receba um pacote de seguran\u00e7a gratuito com cada contentor flat-pack comprado online em maio. Para usufruir desta oferta, adicione o pacote de seguran\u00e7a gratuito ao seu carrinho de compras.<\/p>\n<p>O Pack Side-by-Side XL de 6 m \u00e9 um produto \u00fanico e fornece todos os componentes para criar grandes \u00e1reas de trabalho ou de armazenamento por uma fra\u00e7\u00e3o dos outros custos de constru\u00e7\u00e3o.<\/p>\n<p>O pacote inclui:<\/p>\n<p>2 Tendas XL de 6 m<br \/>\n1 Kit de Liga\u00e7\u00e3o Side-by-Side de 6 m<br \/>\nA instala\u00e7\u00e3o do Pack Side-by-Side XL de 6 m exige uma equipa mais qualificada do que a gama padr\u00e3o de carregadoras de plataforma. Isto deve-se principalmente \u00e0s pe\u00e7as maiores e mais pesadas, que requerem acesso a algum equipamento de eleva\u00e7\u00e3o para as mover e auxiliar na montagem e liga\u00e7\u00e3o do edif\u00edcio (pode ser um empilhador, manipulador telesc\u00f3pico, grua ou p\u00f3rtico suspenso). Outras pe\u00e7as, para al\u00e9m do ch\u00e3o e do teto, ainda podem ser movidas manualmente, se necess\u00e1rio, mas normalmente requerem 4 a 6 pessoas e uma avalia\u00e7\u00e3o de risco.<\/p>\n<p>A necessidade de eleva\u00e7\u00e3o mecanizada n\u00e3o limita os benef\u00edcios exclusivos da linha de flatpacks Portable Space; \u00e9 ainda poss\u00edvel instalar a viga XL ligada de 6 m em locais que um ve\u00edculo equipado com HIAB comum n\u00e3o alcan\u00e7aria. Por exemplo, em estaleiros de constru\u00e7\u00e3o ou parques infantis, os componentes podem ser facilmente movidos com um empilhador todo-terreno, manipulador telesc\u00f3pico ou um pequeno cami\u00e3o de plataforma atrav\u00e9s de campos e trilhos, o que tornaria o transporte de um contentor padr\u00e3o imposs\u00edvel ou excecionalmente dispendioso.<\/p>\n<p>A configura\u00e7\u00e3o lateral permite-lhe criar o seu pr\u00f3prio armaz\u00e9m de distribui\u00e7\u00e3o para o seu neg\u00f3cio online mesmo \u00e0 sua porta \u2014 um mini armaz\u00e9m por uma fra\u00e7\u00e3o do custo de quase todas as outras op\u00e7\u00f5es.<\/p>\n<p>Note que a viga ligada n\u00e3o pode ser levantada ou baixada ap\u00f3s a liga\u00e7\u00e3o, uma vez que o kit de liga\u00e7\u00e3o n\u00e3o foi concebido para isso e, em qualquer caso, seria fisicamente demasiado grande para ser levantado. A liga\u00e7\u00e3o s\u00f3 pode ser feita num sentido (lateral ou de ponta a ponta) dentro do mesmo edif\u00edcio. No entanto, podem ser adicionadas tendas XL de 6 m adicionais ilimitadas a este produto, conforme necess\u00e1rio.<\/p>\n<p>Se precisa de uma p\u00e1 carregadora de 6 m e n\u00e3o tem acesso ao equipamento de eleva\u00e7\u00e3o adequado ou precisa de mover todas as pe\u00e7as manualmente, veja o Conjunto de Carregadoras de 4 m x 4,2 m (QF977), o maior conjunto port\u00e1til de movimenta\u00e7\u00e3o lateral que oferecemos, incluindo contentores de armazenamento de 2 m x 4 m.<\/p>\n<p>Transfira os modelos na sec\u00e7\u00e3o de downloads para verificar os tamanhos ou, se precisar de ajuda e orienta\u00e7\u00e3o para escolher o produto certo para a sua tarefa, contacte-nos.<\/p>\n","protected":false},"featured_media":13715,"template":"","meta":[],"product_cat":[89,88,92,84],"product_tag":[],"class_list":{"0":"post-13562","1":"product","2":"type-product","3":"status-publish","4":"has-post-thumbnail","6":"product_cat-armazenamento-removivel","7":"product_cat-contentores-de-8-e-10-pes-3-e-4-m","8":"product_cat-contentores-de-pacote-plano","9":"product_cat-maritimos-em-segunda-mao","11":"first","12":"instock","13":"taxable","14":"shipping-taxable","15":"purchasable","16":"product-type-simple"},"_links":{"self":[{"href":"https:\/\/liscontentores.com\/index.php\/wp-json\/wp\/v2\/product\/13562","targetHints":{"allow":["GET"]}}],"collection":[{"href":"https:\/\/liscontentores.com\/index.php\/wp-json\/wp\/v2\/product"}],"about":[{"href":"https:\/\/liscontentores.com\/index.php\/wp-json\/wp\/v2\/types\/product"}],"wp:featuredmedia":[{"embeddable":true,"href":"https:\/\/liscontentores.com\/index.php\/wp-json\/wp\/v2\/media\/13715"}],"wp:attachment":[{"href":"https:\/\/liscontentores.com\/index.php\/wp-json\/wp\/v2\/media?parent=13562"}],"wp:term":[{"taxonomy":"product_cat","embeddable":true,"href":"https:\/\/liscontentores.com\/index.php\/wp-json\/wp\/v2\/product_cat?post=13562"},{"taxonomy":"product_tag","embeddable":true,"href":"https:\/\/liscontentores.com\/index.php\/wp-json\/wp\/v2\/product_tag?post=13562"}],"curies":[{"name":"wp","href":"https:\/\/api.w.org\/{rel}","templated":true}]}}