{"id":13565,"date":"2025-09-02T23:03:23","date_gmt":"2025-09-02T23:03:23","guid":{"rendered":"https:\/\/liscontentores.com\/?post_type=product&#038;p=13565"},"modified":"2025-09-30T20:36:25","modified_gmt":"2025-09-30T20:36:25","slug":"cabine-de-guarda-simples","status":"publish","type":"product","link":"https:\/\/liscontentores.com\/index.php\/product\/cabine-de-guarda-simples\/","title":{"rendered":"Cabine de guarda simples"},"content":{"rendered":"<p>Comprimento exterior (m)<br \/>\n1,83<\/p>\n<p>Largura exterior (m)<br \/>\n1,25<\/p>\n<p>Altura exterior (m)<br \/>\n2,75<\/p>\n<p>Comprimento interior (m)<br \/>\n1,60<\/p>\n<p>Largura interior (m)<br \/>\n1,00<\/p>\n<p>Altura interior (m)<br \/>\n2,23<\/p>\n<p>Largura da porta (m)<br \/>\n0,81<\/p>\n<p>Altura da porta (m)<br \/>\n2,07<\/p>\n<p>Peso (kg)<br \/>\n350<\/p>\n<p>Tipo de pavimento: aglomerado de 18 mm<\/p>\n<p>N\u00famero de janelas:<br \/>\n3<\/p>\n<p>N\u00famero de tomadas duplas de 13 A:<br \/>\n1<\/p>\n<p>N\u00famero de fitas LED ou lumin\u00e1rias:<br \/>\n1<\/p>\n<p>N\u00famero de aquecedores de parede:<br \/>\n1<\/p>\n<p>Piso interior:<br \/>\nVinil de 2 mm<\/p>\n<p>Revestimento da parede interior:<br \/>\nGesso cartonado com revestimento vin\u00edlico<\/p>\n<p>Requisitos el\u00e9tricos (Amperes):<br \/>\n32 A<\/p>\n","protected":false},"excerpt":{"rendered":"<p>Ref.: 000480<\/p>\n<p>DETALHES DO PRODUTO<br \/>\nEsta guarita exclusiva est\u00e1 dispon\u00edvel para venda. Entrega dispon\u00edvel para toda a Espanha.<\/p>\n<p>A guarita \u00e9 normalmente utilizada para controlo de acessos de seguran\u00e7a em conjunto com barreiras de entrada. Com tr\u00eas janelas e uma janela na porta, a unidade oferece uma vista de 360 \u200b\u200bgraus, sendo ideal para maximizar a seguran\u00e7a e proteger o local.<\/p>\n<p>Concebida para a seguran\u00e7a de uma \u00fanica pessoa, a unidade oferece um abrigo quente e seco com um tamanho compacto.<\/p>\n<p>USOS T\u00cdPICOS<br \/>\nBilheteiras<br \/>\nSeguran\u00e7a de Acesso ao Local<br \/>\nEventos Desportivos<br \/>\nFestivais<br \/>\nDefesa e MOD<br \/>\nReciclagem de Res\u00edduos<br \/>\nVANTAGENS<br \/>\nPequeno Espa\u00e7o<br \/>\nLocal quente e seco para a equipa de seguran\u00e7a.<br \/>\nVista de 360 \u200b\u200bgraus do local.<\/p>\n","protected":false},"featured_media":13737,"template":"","meta":[],"product_cat":[94,93,88,84],"product_tag":[],"class_list":{"0":"post-13565","1":"product","2":"type-product","3":"status-publish","4":"has-post-thumbnail","6":"product_cat-cabanas-jackleg","7":"product_cat-cabines-e-casas-de-banho","8":"product_cat-contentores-de-8-e-10-pes-3-e-4-m","9":"product_cat-maritimos-em-segunda-mao","11":"first","12":"instock","13":"taxable","14":"shipping-taxable","15":"purchasable","16":"product-type-simple"},"_links":{"self":[{"href":"https:\/\/liscontentores.com\/index.php\/wp-json\/wp\/v2\/product\/13565","targetHints":{"allow":["GET"]}}],"collection":[{"href":"https:\/\/liscontentores.com\/index.php\/wp-json\/wp\/v2\/product"}],"about":[{"href":"https:\/\/liscontentores.com\/index.php\/wp-json\/wp\/v2\/types\/product"}],"wp:featuredmedia":[{"embeddable":true,"href":"https:\/\/liscontentores.com\/index.php\/wp-json\/wp\/v2\/media\/13737"}],"wp:attachment":[{"href":"https:\/\/liscontentores.com\/index.php\/wp-json\/wp\/v2\/media?parent=13565"}],"wp:term":[{"taxonomy":"product_cat","embeddable":true,"href":"https:\/\/liscontentores.com\/index.php\/wp-json\/wp\/v2\/product_cat?post=13565"},{"taxonomy":"product_tag","embeddable":true,"href":"https:\/\/liscontentores.com\/index.php\/wp-json\/wp\/v2\/product_tag?post=13565"}],"curies":[{"name":"wp","href":"https:\/\/api.w.org\/{rel}","templated":true}]}}