{"id":13566,"date":"2025-09-02T23:03:23","date_gmt":"2025-09-02T23:03:23","guid":{"rendered":"https:\/\/liscontentores.com\/?post_type=product&#038;p=13566"},"modified":"2025-09-30T20:37:53","modified_gmt":"2025-09-30T20:37:53","slug":"escritorio-de-16-pes-x-10-pes-cabine-jackleg","status":"publish","type":"product","link":"https:\/\/liscontentores.com\/index.php\/product\/escritorio-de-16-pes-x-10-pes-cabine-jackleg\/","title":{"rendered":"Escrit\u00f3rio de 16 p\u00e9s x 10 p\u00e9s \/ cabine Jackleg"},"content":{"rendered":"<p>ESPECIFICA\u00c7\u00d5ES DO PRODUTO<br \/>\nComprimento Externo (m)<br \/>\n4,87<\/p>\n<p>Largura Externa sem Cilindros (m)<br \/>\n3,05<\/p>\n<p>Largura Exterior com Cilindros (m)<br \/>\n3,18<\/p>\n<p>Altura Exterior (m)<br \/>\n2,75<\/p>\n<p>Comprimento Interno (m)<br \/>\n4,67<\/p>\n<p>Largura Interna (m)<br \/>\n2,85<\/p>\n<p>Altura Interior (m)<br \/>\n2,23<\/p>\n<p>Largura da Porta (m)<br \/>\n0,81<\/p>\n<p>Altura da Porta (m)<br \/>\n2,07<\/p>\n<p>Peso (kg)<br \/>\n1700<\/p>\n<p>Tipo de Pavimento: Aglomerado de 18 mm<\/p>\n<p>N\u00famero de Janelas em PVC com Vidro Duplo<br \/>\n1<\/p>\n<p>N\u00famero de Fitas LED ou Luzes<br \/>\n1<\/p>\n<p>Pain\u00e9is de Aquecimento com Temporizador<br \/>\n1<\/p>\n<p>N\u00famero de Tomadas Duplas de 13 A<br \/>\n2<\/p>\n<p>Piso Interior: Vinil de 2 mm<\/p>\n<p>Revestimento Interior de Paredes: Placa de Gesso Vinil<\/p>\n<p>Requisitos El\u00e9tricos (Amperes)<br \/>\n32 amperes<\/p>\n","protected":false},"excerpt":{"rendered":"<p>Ref.: 000486<\/p>\n<p>DETALHES DO PRODUTO<br \/>\nA nossa Cabine Jackleg de 4,8 m x 3 m da nossa gama standard est\u00e1 dispon\u00edvel para entrega imediata em todo o Reino Unido, em stock na nossa base em Suffolk.<\/p>\n<p>Com base num layout fixo e aberto (com ou sem mesa de jantar incorporada) com op\u00e7\u00f5es limitadas, podemos oferec\u00ea-la em stock e com alguns dos pre\u00e7os mais baixos dispon\u00edveis para cabines port\u00e1teis em Espanha.<\/p>\n<p>NOVAS CARACTER\u00cdSTICAS DA CABINE JACKLEG DE 4,8 m<br \/>\nJanela e porta em posi\u00e7\u00f5es fixas<br \/>\nPavimento vin\u00edlico padr\u00e3o (carpete pode ser instalado mediante pedido)<br \/>\nExterior em cinzento com acabamento em asa de ganso<br \/>\nPainel de aquecimento el\u00e9trico temporizado<br \/>\nCabine Jackleg de 4,8 m x 3 m<br \/>\nSe procura uma cabine Jackleg port\u00e1til de 4,8 m com mais op\u00e7\u00f5es, contacte a nossa equipa de vendas de cabines port\u00e1teis para obter mais informa\u00e7\u00f5es.<\/p>\n","protected":false},"featured_media":13739,"template":"","meta":[],"product_cat":[94,93,88,84],"product_tag":[],"class_list":{"0":"post-13566","1":"product","2":"type-product","3":"status-publish","4":"has-post-thumbnail","6":"product_cat-cabanas-jackleg","7":"product_cat-cabines-e-casas-de-banho","8":"product_cat-contentores-de-8-e-10-pes-3-e-4-m","9":"product_cat-maritimos-em-segunda-mao","11":"first","12":"instock","13":"taxable","14":"shipping-taxable","15":"purchasable","16":"product-type-simple"},"_links":{"self":[{"href":"https:\/\/liscontentores.com\/index.php\/wp-json\/wp\/v2\/product\/13566","targetHints":{"allow":["GET"]}}],"collection":[{"href":"https:\/\/liscontentores.com\/index.php\/wp-json\/wp\/v2\/product"}],"about":[{"href":"https:\/\/liscontentores.com\/index.php\/wp-json\/wp\/v2\/types\/product"}],"wp:featuredmedia":[{"embeddable":true,"href":"https:\/\/liscontentores.com\/index.php\/wp-json\/wp\/v2\/media\/13739"}],"wp:attachment":[{"href":"https:\/\/liscontentores.com\/index.php\/wp-json\/wp\/v2\/media?parent=13566"}],"wp:term":[{"taxonomy":"product_cat","embeddable":true,"href":"https:\/\/liscontentores.com\/index.php\/wp-json\/wp\/v2\/product_cat?post=13566"},{"taxonomy":"product_tag","embeddable":true,"href":"https:\/\/liscontentores.com\/index.php\/wp-json\/wp\/v2\/product_tag?post=13566"}],"curies":[{"name":"wp","href":"https:\/\/api.w.org\/{rel}","templated":true}]}}