{"id":13570,"date":"2025-09-02T23:03:23","date_gmt":"2025-09-02T23:03:23","guid":{"rendered":"https:\/\/liscontentores.com\/?post_type=product&#038;p=13570"},"modified":"2025-09-30T20:31:50","modified_gmt":"2025-09-30T20:31:50","slug":"travas-para-contentores-de-transporte","status":"publish","type":"product","link":"https:\/\/liscontentores.com\/index.php\/product\/travas-para-contentores-de-transporte\/","title":{"rendered":"Travas para contentores de transporte"},"content":{"rendered":"","protected":false},"excerpt":{"rendered":"<p>Ref.: 000492<\/p>\n<p>DETALHES DO PRODUTO<br \/>\nO Fecho Port\u00e1til de Lat\u00e3o Blindado para Contentores Space foi concebido para se adaptar a todos os cofres fornecidos com a linha de contentores.<\/p>\n<p>As caracter\u00edsticas de seguran\u00e7a incluem uma argola girat\u00f3ria temperada, um tambor de precis\u00e3o e um pino que protege contra a serradura.<\/p>\n<p>Tamb\u00e9m podemos fornecer estas chaves id\u00eanticas em qualquer quantidade. Entre em contacto connosco para obter mais informa\u00e7\u00f5es.<\/p>\n<p>Classe de Seguran\u00e7a Profissional<br \/>\nA\u00e7o Blindado<br \/>\nDesign de Bigorna<br \/>\nArgola em A\u00e7o Temperado<br \/>\n1.500 Variantes de Chave<br \/>\nChaves Iguais Dispon\u00edveis<br \/>\nMecanismo de Tambor de 5 Pinos<br \/>\nGarantia de 10 Anos<\/p>\n","protected":false},"featured_media":13751,"template":"","meta":[],"product_cat":[91],"product_tag":[],"class_list":{"0":"post-13570","1":"product","2":"type-product","3":"status-publish","4":"has-post-thumbnail","6":"product_cat-barra-de-contentores","8":"first","9":"instock","10":"taxable","11":"shipping-taxable","12":"purchasable","13":"product-type-simple"},"_links":{"self":[{"href":"https:\/\/liscontentores.com\/index.php\/wp-json\/wp\/v2\/product\/13570","targetHints":{"allow":["GET"]}}],"collection":[{"href":"https:\/\/liscontentores.com\/index.php\/wp-json\/wp\/v2\/product"}],"about":[{"href":"https:\/\/liscontentores.com\/index.php\/wp-json\/wp\/v2\/types\/product"}],"wp:featuredmedia":[{"embeddable":true,"href":"https:\/\/liscontentores.com\/index.php\/wp-json\/wp\/v2\/media\/13751"}],"wp:attachment":[{"href":"https:\/\/liscontentores.com\/index.php\/wp-json\/wp\/v2\/media?parent=13570"}],"wp:term":[{"taxonomy":"product_cat","embeddable":true,"href":"https:\/\/liscontentores.com\/index.php\/wp-json\/wp\/v2\/product_cat?post=13570"},{"taxonomy":"product_tag","embeddable":true,"href":"https:\/\/liscontentores.com\/index.php\/wp-json\/wp\/v2\/product_tag?post=13570"}],"curies":[{"name":"wp","href":"https:\/\/api.w.org\/{rel}","templated":true}]}}