{"id":13623,"date":"2025-09-02T23:03:47","date_gmt":"2025-09-02T23:03:47","guid":{"rendered":"https:\/\/liscontentores.com\/?post_type=product&#038;p=13623"},"modified":"2025-09-30T20:18:42","modified_gmt":"2025-09-30T20:18:42","slug":"sanita-com-transbordo-simples-12-m-x-14-m","status":"publish","type":"product","link":"https:\/\/liscontentores.com\/index.php\/product\/sanita-com-transbordo-simples-12-m-x-14-m\/","title":{"rendered":"Sanita com transbordo simples 1,2 m x 1,4 m"},"content":{"rendered":"<p>ESPECIFICA\u00c7\u00d5ES DO PRODUTO<br \/>\nComprimento Externo (m)<br \/>\n1,20<\/p>\n<p>Largura Externa (m)<br \/>\n1,40<\/p>\n<p>Altura Exterior (m)<br \/>\n2,55<\/p>\n<p>Comprimento Interno (m)<br \/>\n1,10<\/p>\n<p>Largura Interna (m)<br \/>\n1,32<\/p>\n<p>Altura Interior (m)<br \/>\n2,45<\/p>\n<p>Largura da Porta (m)<br \/>\n0,79<\/p>\n<p>Altura da Porta (m)<br \/>\n1,99<\/p>\n<p>Peso (kg)<br \/>\n350<\/p>\n<p>Tipo de Pavimento:<br \/>\nAlum\u00ednio<\/p>\n<p>Piso Interior:<br \/>\nAlum\u00ednio<\/p>\n<p>Revestimento da Parede Interior:<br \/>\nA\u00e7o \u200b\u200bcom Revestimento em P\u00f3<\/p>\n<p>Requisitos El\u00e9tricos (Amperes)<br \/>\n32 Amperes<\/p>\n","protected":false},"excerpt":{"rendered":"<p>Ref.: 000505<\/p>\n<p>DETALHES DO PRODUTO<br \/>\nEste WC simples em Verde Musgo (RAL 6005) est\u00e1 dispon\u00edvel para venda em todo o Reino Unido.<\/p>\n<p>A chapa de a\u00e7o galvanizado, revestida em ambas as faces, bem como o isolamento t\u00e9rmico e ac\u00fastico em espuma de PU das paredes e o pavimento em aglomerado de madeira aglomerada com cimento garantem uma vida \u00fatil extremamente longa. Est\u00e3o totalmente equipados e prontos para uso imediato.<\/p>\n<p>CARACTER\u00cdSTICAS DO VASO SANIT\u00c1RIO DE FLUXO \u00daNICO<br \/>\nVaso Sanit\u00e1rio de Fluxo \u00danico<br \/>\nConstru\u00e7\u00e3o em A\u00e7o<br \/>\nPorta de Entrada em A\u00e7o<br \/>\nSustenta-se em postes de canto, sem necessidade de pernas de apoio<br \/>\nRequer liga\u00e7\u00e3o monof\u00e1sica de 32 A<br \/>\nINTERNO<br \/>\nChapa de Conduta em Alum\u00ednio<br \/>\nPain\u00e9is de Parede com Limpeza F\u00e1cil<br \/>\nParedes e Teto Isolados<br \/>\n1\u00ba Sanita, 1\u00ba Sanita<br \/>\nIlumina\u00e7\u00e3o<br \/>\nCoifa<br \/>\nConvetor<br \/>\nAquecedor de \u00c1gua<\/p>\n","protected":false},"featured_media":13759,"template":"","meta":[],"product_cat":[93,95],"product_tag":[],"class_list":{"0":"post-13623","1":"product","2":"type-product","3":"status-publish","4":"has-post-thumbnail","6":"product_cat-cabines-e-casas-de-banho","7":"product_cat-casas-de-banho-e-chuveiros","9":"first","10":"instock","11":"taxable","12":"shipping-taxable","13":"purchasable","14":"product-type-simple"},"_links":{"self":[{"href":"https:\/\/liscontentores.com\/index.php\/wp-json\/wp\/v2\/product\/13623","targetHints":{"allow":["GET"]}}],"collection":[{"href":"https:\/\/liscontentores.com\/index.php\/wp-json\/wp\/v2\/product"}],"about":[{"href":"https:\/\/liscontentores.com\/index.php\/wp-json\/wp\/v2\/types\/product"}],"wp:featuredmedia":[{"embeddable":true,"href":"https:\/\/liscontentores.com\/index.php\/wp-json\/wp\/v2\/media\/13759"}],"wp:attachment":[{"href":"https:\/\/liscontentores.com\/index.php\/wp-json\/wp\/v2\/media?parent=13623"}],"wp:term":[{"taxonomy":"product_cat","embeddable":true,"href":"https:\/\/liscontentores.com\/index.php\/wp-json\/wp\/v2\/product_cat?post=13623"},{"taxonomy":"product_tag","embeddable":true,"href":"https:\/\/liscontentores.com\/index.php\/wp-json\/wp\/v2\/product_tag?post=13623"}],"curies":[{"name":"wp","href":"https:\/\/api.w.org\/{rel}","templated":true}]}}