{"id":13624,"date":"2025-09-02T23:03:47","date_gmt":"2025-09-02T23:03:47","guid":{"rendered":"https:\/\/liscontentores.com\/?post_type=product&#038;p=13624"},"modified":"2025-09-30T20:19:59","modified_gmt":"2025-09-30T20:19:59","slug":"sanita-dupla-em-aco-av-11","status":"publish","type":"product","link":"https:\/\/liscontentores.com\/index.php\/product\/sanita-dupla-em-aco-av-11\/","title":{"rendered":"Sanita dupla em a\u00e7o Av (1+1)"},"content":{"rendered":"<p>ESPECIFICA\u00c7\u00d5ES DO PRODUTO<br \/>\nComprimento Externo (m)<br \/>\n2,40<\/p>\n<p>Largura Externa (m)<br \/>\n1,40<\/p>\n<p>Altura Exterior (m)<br \/>\n2,47<\/p>\n<p>Tipo de Pavimento:<br \/>\nAlum\u00ednio<\/p>\n<p>Piso Interior:<br \/>\nAlum\u00ednio<\/p>\n<p>Revestimento da Parede Interior:<br \/>\nA\u00e7o \u200b\u200bcom Revestimento em P\u00f3<\/p>\n<p>Requisitos El\u00e9tricos (Amperes)<br \/>\n32 Amperes<\/p>\n","protected":false},"excerpt":{"rendered":"<p>Ref.: 000506<\/p>\n<p>DETALHES DO PRODUTO<br \/>\nCom um sistema de bloqueio seguro de 10 pontos e um exterior em a\u00e7o de 1 mm totalmente soldado, este \u00e9 um vaso sanit\u00e1rio muito resistente e compacto.<\/p>\n<p>Os compartimentos para garfos permitem o levantamento pelos quatro lados com um carrinho adequado.<\/p>\n<p>As casas de banho com acesso independente e um dep\u00f3sito de \u00e1gua quente ativado por infravermelhos tornam esta casa de banho ideal para o ajudar a si e \u00e0 sua equipa a lidar com as press\u00f5es adicionais das precau\u00e7\u00f5es contra a Covid-19.<\/p>\n<p>CARACTER\u00cdSTICAS DO VASO SANIT\u00c1RIO DUPLO EM A\u00c7O AV<br \/>\n\u00c1gua e esgotos ligados com liga\u00e7\u00f5es padr\u00e3o.<br \/>\nCablagem ou atualizada para uma entrada de dispositivo de 16 A na finaliza\u00e7\u00e3o da compra.<br \/>\nEntrega em toda a ESPANHA.<\/p>\n<p>OP\u00c7\u00d5ES DO VASO SANIT\u00c1RIO DUPLO EM A\u00c7O AV<br \/>\nEste autoclismo pode ser configurado e personalizado para si (prazo de 4 a 5 semanas).<\/p>\n<p>Escolha de qualquer cor RAL sem custos adicionais<br \/>\nPossibilidade de instalar urin\u00f3is ou chuveiros em vez de sanitas numa ou em ambas as cabines<br \/>\nOp\u00e7\u00e3o de portas de batente em qualquer configura\u00e7\u00e3o<\/p>\n","protected":false},"featured_media":13765,"template":"","meta":[],"product_cat":[93,95],"product_tag":[],"class_list":{"0":"post-13624","1":"product","2":"type-product","3":"status-publish","4":"has-post-thumbnail","6":"product_cat-cabines-e-casas-de-banho","7":"product_cat-casas-de-banho-e-chuveiros","9":"first","10":"instock","11":"taxable","12":"shipping-taxable","13":"purchasable","14":"product-type-simple"},"_links":{"self":[{"href":"https:\/\/liscontentores.com\/index.php\/wp-json\/wp\/v2\/product\/13624","targetHints":{"allow":["GET"]}}],"collection":[{"href":"https:\/\/liscontentores.com\/index.php\/wp-json\/wp\/v2\/product"}],"about":[{"href":"https:\/\/liscontentores.com\/index.php\/wp-json\/wp\/v2\/types\/product"}],"wp:featuredmedia":[{"embeddable":true,"href":"https:\/\/liscontentores.com\/index.php\/wp-json\/wp\/v2\/media\/13765"}],"wp:attachment":[{"href":"https:\/\/liscontentores.com\/index.php\/wp-json\/wp\/v2\/media?parent=13624"}],"wp:term":[{"taxonomy":"product_cat","embeddable":true,"href":"https:\/\/liscontentores.com\/index.php\/wp-json\/wp\/v2\/product_cat?post=13624"},{"taxonomy":"product_tag","embeddable":true,"href":"https:\/\/liscontentores.com\/index.php\/wp-json\/wp\/v2\/product_tag?post=13624"}],"curies":[{"name":"wp","href":"https:\/\/api.w.org\/{rel}","templated":true}]}}