{"id":13625,"date":"2025-09-02T23:03:47","date_gmt":"2025-09-02T23:03:47","guid":{"rendered":"https:\/\/liscontentores.com\/?post_type=product&#038;p=13625"},"modified":"2025-09-02T23:05:01","modified_gmt":"2025-09-02T23:05:01","slug":"inodoro-acero-61","status":"publish","type":"product","link":"https:\/\/liscontentores.com\/index.php\/product\/inodoro-acero-61\/","title":{"rendered":"Inodoro Acero 6+1"},"content":{"rendered":"<p>ESPECIFICACIONES DEL PRODUCTO<br \/>\nLongitud exterior (m)<br \/>\n9.76<\/p>\n<p>Ancho exterior (m)<br \/>\n3.05<\/p>\n<p>Altura exterior (m)<br \/>\n2.75<\/p>\n<p>Longitud interna (m)<br \/>\n9.51<\/p>\n<p>Ancho interior (m)<br \/>\n2.75<\/p>\n<p>Altura interior (m)<br \/>\n2.33<\/p>\n<p>Ancho de la puerta (m)<br \/>\n0.79<\/p>\n<p>Altura de la puerta (m)<br \/>\n1.99<\/p>\n<p>peso (kg)<br \/>\n5225<\/p>\n<p>Tipo de suelo<br \/>\ntablero de part\u00edculas de 18 mm<\/p>\n<p>Pavimentos interiores<br \/>\nvinilo de 2 mm<\/p>\n<p>Revestimiento de paredes interiores<br \/>\nMadera contrachapada recubierta de vinilo<\/p>\n<p>Requisitos el\u00e9ctricos. (amperios)<br \/>\n32 amperios<\/p>\n","protected":false},"excerpt":{"rendered":"<p>Ref.: 000510<\/p>\n<p>DETALLES DE PRODUCTO<br \/>\nEsta cabina de ba\u00f1o de acero 6+1 est\u00e1 disponible a la venta en toda Espa\u00f1a<\/p>\n<p>CARACTER\u00cdSTICAS DEL BA\u00d1O STEEL 6+1<br \/>\nExterno<\/p>\n<p>Construcci\u00f3n de acero resistente al vandalismo<br \/>\n2 puertas exteriores de acero con cerraduras de cerrojo<br \/>\nSin ventanas (solo extractores)<br \/>\nSe para en postes de esquina, no requiere jacklegs<br \/>\nVentiladores extractores instalados, no se requieren ventanas<br \/>\nInterno<\/p>\n<p>piso de vinilo sellado<br \/>\nLimpiar paneles de pared<br \/>\nParedes y techo con aislamiento<br \/>\nWC, fregaderos, urinarios, calentadores de agua<br \/>\niluminaci\u00f3n de tira fluorescente<br \/>\nRadiadores tubulares<br \/>\nVentiladores extractores<br \/>\nProbado el\u00e9ctricamente<\/p>\n","protected":false},"featured_media":13776,"template":"","meta":[],"product_cat":[93,95],"product_tag":[],"class_list":{"0":"post-13625","1":"product","2":"type-product","3":"status-publish","4":"has-post-thumbnail","6":"product_cat-cabines-e-casas-de-banho","7":"product_cat-casas-de-banho-e-chuveiros","9":"first","10":"instock","11":"taxable","12":"shipping-taxable","13":"purchasable","14":"product-type-simple"},"_links":{"self":[{"href":"https:\/\/liscontentores.com\/index.php\/wp-json\/wp\/v2\/product\/13625","targetHints":{"allow":["GET"]}}],"collection":[{"href":"https:\/\/liscontentores.com\/index.php\/wp-json\/wp\/v2\/product"}],"about":[{"href":"https:\/\/liscontentores.com\/index.php\/wp-json\/wp\/v2\/types\/product"}],"wp:featuredmedia":[{"embeddable":true,"href":"https:\/\/liscontentores.com\/index.php\/wp-json\/wp\/v2\/media\/13776"}],"wp:attachment":[{"href":"https:\/\/liscontentores.com\/index.php\/wp-json\/wp\/v2\/media?parent=13625"}],"wp:term":[{"taxonomy":"product_cat","embeddable":true,"href":"https:\/\/liscontentores.com\/index.php\/wp-json\/wp\/v2\/product_cat?post=13625"},{"taxonomy":"product_tag","embeddable":true,"href":"https:\/\/liscontentores.com\/index.php\/wp-json\/wp\/v2\/product_tag?post=13625"}],"curies":[{"name":"wp","href":"https:\/\/api.w.org\/{rel}","templated":true}]}}