{"id":13630,"date":"2025-09-02T23:03:47","date_gmt":"2025-09-02T23:03:47","guid":{"rendered":"https:\/\/liscontentores.com\/?post_type=product&#038;p=13630"},"modified":"2025-09-30T20:28:10","modified_gmt":"2025-09-30T20:28:10","slug":"contentor-de-transporte-mobiliado-de-20-pes","status":"publish","type":"product","link":"https:\/\/liscontentores.com\/index.php\/product\/contentor-de-transporte-mobiliado-de-20-pes\/","title":{"rendered":"Contentor de transporte mobiliado de 20 p\u00e9s"},"content":{"rendered":"","protected":false},"excerpt":{"rendered":"<p>DESCRI\u00c7\u00c3O<\/p>\n<p>Ref.: 000606<\/p>\n<p>Material: Contentor mar\u00edtimo<br \/>\nModelo: 20&#8242; com instala\u00e7\u00e3o a seco<br \/>\nCondi\u00e7\u00e3o: 1\u00aa viagem*<br \/>\nDimens\u00f5es exteriores: C. 6,05 m x L. 2,44 m x A. 2,59 m<br \/>\nDimens\u00f5es interiores: C. 5,90 m x L. 2,35 m x A. 2,39 m<\/p>\n<p>\u00c1rea: 14 m\u00b2<\/p>\n<p>Volume: 33 m\u00b3<\/p>\n<p>Peso em vazio: 2.650 kg (incluindo equipamento)<br \/>\nCapacidade de carga: 28.000 kg<\/p>\n<p>*O equipamento est\u00e1 em conformidade com as normas ferrovi\u00e1rias e rodovi\u00e1rias. Utilizado pelas transportadoras apenas uma vez com uma carga do pa\u00eds de produ\u00e7\u00e3o para o pa\u00eds de destino, podendo, por isso, sofrer alguns danos relacionados com as diversas opera\u00e7\u00f5es de manuseamento, tais como: amolgadelas, riscos e marcas de corros\u00e3o.<\/p>\n<p>Fotos de um modelo semelhante (n\u00e3o contratual)<\/p>\n<p>EQUIPAMENTOS \/ ACESS\u00d3RIOS<\/p>\n<p>&#8211; 1 porta de correr em madeira 2100 mm x 2200 mm<br \/>\n&#8211; Moldura da porta de correr<br \/>\n&#8211; 1 moldura em a\u00e7o\/policarbonato 2000 mm x 2150 mm<br \/>\n&#8211; Pintura de elementos modificados<br \/>\n&#8211; 3 prateleiras especiais para arruma\u00e7\u00e3o + tabuleiros de madeira<\/p>\n","protected":false},"featured_media":13807,"template":"","meta":[],"product_cat":[91,93,95,84],"product_tag":[],"class_list":{"0":"post-13630","1":"product","2":"type-product","3":"status-publish","4":"has-post-thumbnail","6":"product_cat-barra-de-contentores","7":"product_cat-cabines-e-casas-de-banho","8":"product_cat-casas-de-banho-e-chuveiros","9":"product_cat-maritimos-em-segunda-mao","11":"first","12":"instock","13":"taxable","14":"shipping-taxable","15":"purchasable","16":"product-type-simple"},"_links":{"self":[{"href":"https:\/\/liscontentores.com\/index.php\/wp-json\/wp\/v2\/product\/13630","targetHints":{"allow":["GET"]}}],"collection":[{"href":"https:\/\/liscontentores.com\/index.php\/wp-json\/wp\/v2\/product"}],"about":[{"href":"https:\/\/liscontentores.com\/index.php\/wp-json\/wp\/v2\/types\/product"}],"wp:featuredmedia":[{"embeddable":true,"href":"https:\/\/liscontentores.com\/index.php\/wp-json\/wp\/v2\/media\/13807"}],"wp:attachment":[{"href":"https:\/\/liscontentores.com\/index.php\/wp-json\/wp\/v2\/media?parent=13630"}],"wp:term":[{"taxonomy":"product_cat","embeddable":true,"href":"https:\/\/liscontentores.com\/index.php\/wp-json\/wp\/v2\/product_cat?post=13630"},{"taxonomy":"product_tag","embeddable":true,"href":"https:\/\/liscontentores.com\/index.php\/wp-json\/wp\/v2\/product_tag?post=13630"}],"curies":[{"name":"wp","href":"https:\/\/api.w.org\/{rel}","templated":true}]}}