{"id":13679,"date":"2025-09-02T23:04:10","date_gmt":"2025-09-02T23:04:10","guid":{"rendered":"https:\/\/liscontentores.com\/?post_type=product&#038;p=13679"},"modified":"2025-09-30T20:10:03","modified_gmt":"2025-09-30T20:10:03","slug":"contentor-blanco-classe-a-padrao-de-40-pes","status":"publish","type":"product","link":"https:\/\/liscontentores.com\/index.php\/product\/contentor-blanco-classe-a-padrao-de-40-pes\/","title":{"rendered":"Contentor Blanco Classe A padr\u00e3o de 40 p\u00e9s"},"content":{"rendered":"","protected":false},"excerpt":{"rendered":"<p>DESCRI\u00c7\u00c3O<br \/>\nRef.: 000630<\/p>\n<p>Contentor Padr\u00e3o de 40 P\u00e9s<br \/>\nO nosso contentor padr\u00e3o de 40 p\u00e9s \u00e9 um dos nossos mais populares. Com um piso de madeira maci\u00e7a, est\u00e1 pronto para aventuras intermodais. N\u00e3o pense em ir a lado nenhum. O nosso contentor padr\u00e3o de 40 p\u00e9s cumpre a sua miss\u00e3o, seja para transporte ou armazenamento no local. Al\u00e9m disso, cumpre as normas ISO. Encontre este e muitos outros contentores para venda ou aluguer na nossa loja online.<\/p>\n<p>Dimens\u00f5es<br \/>\nDimens\u00f5es Externas Dimens\u00f5es Internas<br \/>\nComprimento 12192 mm 12032 mm<br \/>\nLargura 2438 mm 2352 mm<br \/>\nAltura 2591 mm 2393 mm<br \/>\nTara Carga \u00datil M\u00e1xima<br \/>\n3720 kg 26760 kg 30480 kg<\/p>\n","protected":false},"featured_media":13837,"template":"","meta":[],"product_cat":[86,84],"product_tag":[],"class_list":{"0":"post-13679","1":"product","2":"type-product","3":"status-publish","4":"has-post-thumbnail","6":"product_cat-contentores-de-40-pes-e-12-m","7":"product_cat-maritimos-em-segunda-mao","9":"first","10":"instock","11":"taxable","12":"shipping-taxable","13":"purchasable","14":"product-type-simple"},"_links":{"self":[{"href":"https:\/\/liscontentores.com\/index.php\/wp-json\/wp\/v2\/product\/13679","targetHints":{"allow":["GET"]}}],"collection":[{"href":"https:\/\/liscontentores.com\/index.php\/wp-json\/wp\/v2\/product"}],"about":[{"href":"https:\/\/liscontentores.com\/index.php\/wp-json\/wp\/v2\/types\/product"}],"wp:featuredmedia":[{"embeddable":true,"href":"https:\/\/liscontentores.com\/index.php\/wp-json\/wp\/v2\/media\/13837"}],"wp:attachment":[{"href":"https:\/\/liscontentores.com\/index.php\/wp-json\/wp\/v2\/media?parent=13679"}],"wp:term":[{"taxonomy":"product_cat","embeddable":true,"href":"https:\/\/liscontentores.com\/index.php\/wp-json\/wp\/v2\/product_cat?post=13679"},{"taxonomy":"product_tag","embeddable":true,"href":"https:\/\/liscontentores.com\/index.php\/wp-json\/wp\/v2\/product_tag?post=13679"}],"curies":[{"name":"wp","href":"https:\/\/api.w.org\/{rel}","templated":true}]}}