{"id":13682,"date":"2025-09-02T23:04:10","date_gmt":"2025-09-02T23:04:10","guid":{"rendered":"https:\/\/liscontentores.com\/?post_type=product&#038;p=13682"},"modified":"2025-09-30T20:15:29","modified_gmt":"2025-09-30T20:15:29","slug":"contentor-self-service-de-6-metros-com-piso-de-bambu-vermelho","status":"publish","type":"product","link":"https:\/\/liscontentores.com\/index.php\/product\/contentor-self-service-de-6-metros-com-piso-de-bambu-vermelho\/","title":{"rendered":"Contentor Self-Service de 6 metros com piso de bambu \u2013 Vermelho"},"content":{"rendered":"<div class=\"woocommerce-tabs wc-tabs-wrapper\">\n<div id=\"tab-description\" class=\"woocommerce-Tabs-panel woocommerce-Tabs-panel--description panel entry-content wc-tab\" role=\"tabpanel\" aria-labelledby=\"tab-title-description\">\n<p>ESPECIFICA\u00c7\u00d5ES DO PRODUTO<br \/>\nComprimento exterior (m)<br \/>\n6,06<\/p>\n<p>Largura exterior (m)<br \/>\n2,44<\/p>\n<p>Altura exterior (m)<br \/>\n2,59<\/p>\n<p>Comprimento interior (m)<br \/>\n5,84<\/p>\n<p>Largura interior (m)<br \/>\n2,35<\/p>\n<p>Altura interior (m)<br \/>\n2,39<\/p>\n<p>Largura da porta (m)<br \/>\n2,34<\/p>\n<p>Altura da porta (m)<br \/>\n2,28<\/p>\n<\/div>\n<\/div>\n","protected":false},"excerpt":{"rendered":"<p>Ref.: 000598<\/p>\n<p>DETALHES DO PRODUTO<br \/>\nOferta promocional: Receba um cadeado gr\u00e1tis por cada novo contentor (uma viagem) comprado online em maio. Para usufruir desta oferta, adicione o cadeado gratuito ao seu carrinho.<\/p>\n<p>Os contentores mar\u00edtimos de 20 p\u00e9s s\u00e3o ideais para o setor de self storage. Temos o prazer de fornecer contentores para diversas empresas de self storage em Espanha.<\/p>\n<p>Recomendamos este contentor de 20 p\u00e9s para utiliza\u00e7\u00e3o em self storage, pois tem um piso de bambu selado que facilita a limpeza entre clientes.<\/p>\n<p>Com estrutura em a\u00e7o Corten, o contentor oferece longevidade e durabilidade, sendo uma unidade econ\u00f3mica para um armazenamento seguro a longo prazo.<\/p>\n<p>Este contentor de self storage fez uma \u00fanica viagem a Espanha ap\u00f3s ter sido fabricado na China e foi constru\u00eddo de acordo com as rigorosas normas ISO para contentores.<\/p>\n<p>CARACTER\u00cdSTICAS DO NOVO CONTEINER DE ARMAZENAMENTO DE 20 P\u00c9S<br \/>\nContentor novo (uma viagem)<br \/>\nCSC prateado (peso bruto) m\u00e1x.: 30 toneladas<br \/>\nConstru\u00e7\u00e3o toda em a\u00e7o Cor-Ten<br \/>\nPortas externas duplas com dobradi\u00e7as numa das extremidades<br \/>\n2 barras de bloqueio em cada porta<br \/>\nCaixa de seguran\u00e7a instalada de f\u00e1brica inclu\u00edda de s\u00e9rie<br \/>\n2 compartimentos para empilhador em cada lado<br \/>\nTravessas<br \/>\n8 aberturas para eliminar a condensa\u00e7\u00e3o<br \/>\nPavimento de bambu selado \u2013 ideal para utiliza\u00e7\u00e3o em self-storage<br \/>\nEste contentor est\u00e1 dispon\u00edvel para compra online e pode ser entregue em todo o Reino Unido. Em caso de d\u00favidas, entre em contacto com a nossa atenciosa equipa de vendas de contentores.<\/p>\n<p>Quer comprar um contentor de 20 p\u00e9s mais barato? Descubra a nossa linha de contentores mar\u00edtimos usados<\/p>\n","protected":false},"featured_media":13850,"template":"","meta":[],"product_cat":[90,84],"product_tag":[],"class_list":{"0":"post-13682","1":"product","2":"type-product","3":"status-publish","4":"has-post-thumbnail","6":"product_cat-contentores-de-20-pes-6m","7":"product_cat-maritimos-em-segunda-mao","9":"first","10":"instock","11":"taxable","12":"shipping-taxable","13":"purchasable","14":"product-type-simple"},"_links":{"self":[{"href":"https:\/\/liscontentores.com\/index.php\/wp-json\/wp\/v2\/product\/13682","targetHints":{"allow":["GET"]}}],"collection":[{"href":"https:\/\/liscontentores.com\/index.php\/wp-json\/wp\/v2\/product"}],"about":[{"href":"https:\/\/liscontentores.com\/index.php\/wp-json\/wp\/v2\/types\/product"}],"wp:featuredmedia":[{"embeddable":true,"href":"https:\/\/liscontentores.com\/index.php\/wp-json\/wp\/v2\/media\/13850"}],"wp:attachment":[{"href":"https:\/\/liscontentores.com\/index.php\/wp-json\/wp\/v2\/media?parent=13682"}],"wp:term":[{"taxonomy":"product_cat","embeddable":true,"href":"https:\/\/liscontentores.com\/index.php\/wp-json\/wp\/v2\/product_cat?post=13682"},{"taxonomy":"product_tag","embeddable":true,"href":"https:\/\/liscontentores.com\/index.php\/wp-json\/wp\/v2\/product_tag?post=13682"}],"curies":[{"name":"wp","href":"https:\/\/api.w.org\/{rel}","templated":true}]}}