{"id":13727,"date":"2025-09-02T23:04:32","date_gmt":"2025-09-02T23:04:32","guid":{"rendered":"https:\/\/liscontentores.com\/?post_type=product&#038;p=13727"},"modified":"2025-09-30T20:01:52","modified_gmt":"2025-09-30T20:01:52","slug":"contentor-preto-com-acesso-lateral-total-de-40-pes-cubicos-de-altura-9-6-de-altura","status":"publish","type":"product","link":"https:\/\/liscontentores.com\/index.php\/product\/contentor-preto-com-acesso-lateral-total-de-40-pes-cubicos-de-altura-9-6-de-altura\/","title":{"rendered":"Contentor preto com acesso lateral total de 40 p\u00e9s c\u00fabicos de altura (9&#8242; 6&#8243; de altura)"},"content":{"rendered":"<p>ESPECIFICA\u00c7\u00d5ES DO PRODUTO<br \/>\nComprimento exterior (m)<br \/>\n12,19<\/p>\n<p>Largura exterior (m)<br \/>\n2,44<\/p>\n<p>Altura exterior (m)<br \/>\n2,90<\/p>\n<p>Comprimento interior (m)<br \/>\n12,03<\/p>\n<p>Largura interior (m)<br \/>\n2,29<\/p>\n<p>Altura interior (m)<br \/>\n2,70<\/p>\n<p>Largura da porta (m)<br \/>\n2,23<\/p>\n<p>Largura da porta lateral (m)<br \/>\n11,84<\/p>\n","protected":false},"excerpt":{"rendered":"<p>Ref.: 004543<\/p>\n<p>DETALHES DO PRODUTO<br \/>\nContentores mar\u00edtimos High Cube (9&#8242; 6&#8242;) de 40&#8242; x 8&#8242; para venda.<\/p>\n<p>CARACTER\u00cdSTICAS DO CONTENTOR ABERTO COM 40 P\u00c9S C\u00daBICOS DE ALTURA<br \/>\nNOVO \u2013 Single-ride<br \/>\nAbertura lateral de 11.836 mm (38&#8242; 9&#8243;) sem coluna central<br \/>\nCSC prata (Peso Bruto) m\u00e1x.: 24.000 kg<br \/>\nConstru\u00e7\u00e3o toda em a\u00e7o Cor-Ten<br \/>\nPortas exteriores duplas articuladas com duas barras de bloqueio por porta numa extremidade de 8&#8242; e tr\u00eas barras de bloqueio por porta numa lateral de 40&#8242;<br \/>\nPiso de contraplacado mar\u00edtimo de 28 mm sobre travessas de a\u00e7o<br \/>\n8 aberturas<br \/>\nO pavimento com delimita\u00e7\u00e3o de a\u00e7o pode ser instalado por um custo adicional<\/p>\n","protected":false},"featured_media":13859,"template":"","meta":[],"product_cat":[86,84],"product_tag":[],"class_list":{"0":"post-13727","1":"product","2":"type-product","3":"status-publish","4":"has-post-thumbnail","6":"product_cat-contentores-de-40-pes-e-12-m","7":"product_cat-maritimos-em-segunda-mao","9":"first","10":"instock","11":"taxable","12":"shipping-taxable","13":"purchasable","14":"product-type-simple"},"_links":{"self":[{"href":"https:\/\/liscontentores.com\/index.php\/wp-json\/wp\/v2\/product\/13727","targetHints":{"allow":["GET"]}}],"collection":[{"href":"https:\/\/liscontentores.com\/index.php\/wp-json\/wp\/v2\/product"}],"about":[{"href":"https:\/\/liscontentores.com\/index.php\/wp-json\/wp\/v2\/types\/product"}],"wp:featuredmedia":[{"embeddable":true,"href":"https:\/\/liscontentores.com\/index.php\/wp-json\/wp\/v2\/media\/13859"}],"wp:attachment":[{"href":"https:\/\/liscontentores.com\/index.php\/wp-json\/wp\/v2\/media?parent=13727"}],"wp:term":[{"taxonomy":"product_cat","embeddable":true,"href":"https:\/\/liscontentores.com\/index.php\/wp-json\/wp\/v2\/product_cat?post=13727"},{"taxonomy":"product_tag","embeddable":true,"href":"https:\/\/liscontentores.com\/index.php\/wp-json\/wp\/v2\/product_tag?post=13727"}],"curies":[{"name":"wp","href":"https:\/\/api.w.org\/{rel}","templated":true}]}}