{"id":13729,"date":"2025-09-02T23:04:32","date_gmt":"2025-09-02T23:04:32","guid":{"rendered":"https:\/\/liscontentores.com\/?post_type=product&#038;p=13729"},"modified":"2025-09-30T20:05:01","modified_gmt":"2025-09-30T20:05:01","slug":"contentor-branco-de-20-pes-uma-viagem","status":"publish","type":"product","link":"https:\/\/liscontentores.com\/index.php\/product\/contentor-branco-de-20-pes-uma-viagem\/","title":{"rendered":"Contentor branco de 20 p\u00e9s (uma viagem)"},"content":{"rendered":"","protected":false},"excerpt":{"rendered":"<div class=\"woocommerce-product-details__short-description\">\n<p>Ref.: 0004771<\/p>\n<p>DETALHES DO PRODUTO<\/p>\n<p>Os contentores mar\u00edtimos de 20 p\u00e9s s\u00e3o ideais para o setor de self storage. Temos o prazer de fornecer contentores para diversas empresas de self storage em Espanha.<\/p>\n<p>Recomendamos este contentor de 20 p\u00e9s para utiliza\u00e7\u00e3o em self storage, pois tem um piso de bambu selado que facilita a limpeza entre clientes.<\/p>\n<p>Com estrutura em a\u00e7o Corten, o contentor oferece longevidade e durabilidade, sendo uma unidade econ\u00f3mica para um armazenamento seguro a longo prazo.<\/p>\n<p>Este contentor de self storage fez uma \u00fanica viagem a Espanha ap\u00f3s ter sido fabricado na China e foi constru\u00eddo de acordo com as rigorosas normas ISO para contentores.<\/p>\n<p>CARACTER\u00cdSTICAS DO NOVO CONTEINER DE ARMAZENAMENTO DE 20 P\u00c9S<br \/>\nContentor novo (uma viagem)<br \/>\nCSC prateado (peso bruto) m\u00e1x.: 30 toneladas<br \/>\nConstru\u00e7\u00e3o toda em a\u00e7o Cor-Ten<br \/>\nPortas externas duplas com dobradi\u00e7as numa das extremidades<br \/>\n2 barras de bloqueio em cada porta<br \/>\nCaixa de seguran\u00e7a instalada de f\u00e1brica inclu\u00edda de s\u00e9rie<br \/>\n2 compartimentos para empilhador em cada lado<br \/>\nTravessas<br \/>\n8 aberturas para eliminar a condensa\u00e7\u00e3o<br \/>\nPavimento de bambu selado \u2013 ideal para utiliza\u00e7\u00e3o em self-storage<br \/>\nEste contentor est\u00e1 dispon\u00edvel para compra online e pode ser entregue em todo o Reino Unido. Em caso de d\u00favidas, entre em contacto com a nossa atenciosa equipa de vendas de contentores.<\/p>\n<p>Quer comprar um contentor de 20 p\u00e9s mais barato? Descubra a nossa linha de contentores mar\u00edtimos usados<\/p>\n<\/div>\n","protected":false},"featured_media":13869,"template":"","meta":[],"product_cat":[90,84],"product_tag":[],"class_list":{"0":"post-13729","1":"product","2":"type-product","3":"status-publish","4":"has-post-thumbnail","6":"product_cat-contentores-de-20-pes-6m","7":"product_cat-maritimos-em-segunda-mao","9":"first","10":"instock","11":"taxable","12":"shipping-taxable","13":"purchasable","14":"product-type-simple"},"_links":{"self":[{"href":"https:\/\/liscontentores.com\/index.php\/wp-json\/wp\/v2\/product\/13729","targetHints":{"allow":["GET"]}}],"collection":[{"href":"https:\/\/liscontentores.com\/index.php\/wp-json\/wp\/v2\/product"}],"about":[{"href":"https:\/\/liscontentores.com\/index.php\/wp-json\/wp\/v2\/types\/product"}],"wp:featuredmedia":[{"embeddable":true,"href":"https:\/\/liscontentores.com\/index.php\/wp-json\/wp\/v2\/media\/13869"}],"wp:attachment":[{"href":"https:\/\/liscontentores.com\/index.php\/wp-json\/wp\/v2\/media?parent=13729"}],"wp:term":[{"taxonomy":"product_cat","embeddable":true,"href":"https:\/\/liscontentores.com\/index.php\/wp-json\/wp\/v2\/product_cat?post=13729"},{"taxonomy":"product_tag","embeddable":true,"href":"https:\/\/liscontentores.com\/index.php\/wp-json\/wp\/v2\/product_tag?post=13729"}],"curies":[{"name":"wp","href":"https:\/\/api.w.org\/{rel}","templated":true}]}}