{"id":13731,"date":"2025-09-02T23:04:33","date_gmt":"2025-09-02T23:04:33","guid":{"rendered":"https:\/\/liscontentores.com\/?post_type=product&#038;p=13731"},"modified":"2025-09-30T19:57:37","modified_gmt":"2025-09-30T19:57:37","slug":"contentor-de-transporte-azul-hc-de-40-pes","status":"publish","type":"product","link":"https:\/\/liscontentores.com\/index.php\/product\/contentor-de-transporte-azul-hc-de-40-pes\/","title":{"rendered":"Contentor de transporte azul Hc de 40 p\u00e9s"},"content":{"rendered":"<p>ESPECIFICA\u00c7\u00d5ES DO PRODUTO<br \/>\nComprimento exterior (m)<br \/>\n12,19<\/p>\n<p>Largura exterior (m)<br \/>\n2,44<\/p>\n<p>Altura exterior (m)<br \/>\n2,59<\/p>\n<p>Comprimento interior (m)<br \/>\n12:00<\/p>\n<p>Largura interior (m)<br \/>\n2,35<\/p>\n<p>Altura interior (m)<br \/>\n2,39<\/p>\n<p>Largura da porta (m)<br \/>\n2,34<\/p>\n<p>Altura da porta (m)<br \/>\n2,28<\/p>\n","protected":false},"excerpt":{"rendered":"<div class=\"woocommerce-product-details__short-description\">\n<p>Ref.: 000445<\/p>\n<p>DETALHES DO PRODUTO<br \/>\nCom quase 2.500 p\u00e9s c\u00fabicos de capacidade de armazenamento, os nossos contentores mar\u00edtimos ISO de 40&#8242; x 8&#8242; oferecem um armazenamento econ\u00f3mico e seguro para cargas grandes\/volumosas.<\/p>\n<p>Estes s\u00e3o contentores novos (tal como enviados) fabricados na China de acordo com as rigorosas normas ISO.<\/p>\n<p>CARACTER\u00cdSTICAS DO NOVO CONTENTOR MAR\u00cdTIMO DE 40&#8242; (AZUL RAL 5013)<br \/>\nContentor novo de 40&#8242; (conforme enviado)<br \/>\nCSC prata (peso bruto) m\u00e1x.: 30 toneladas<br \/>\nConstru\u00e7\u00e3o toda em a\u00e7o Cor-Ten<br \/>\nPortas duplas de batente exteriores na extremidade.<br \/>\n4 respiros<br \/>\nDuas barras de bloqueio em cada porta.<br \/>\nCaixa de seguran\u00e7a instalada de f\u00e1brica<br \/>\n2 compartimentos para empilhador em cada lado<br \/>\nPiso de contraplacado mar\u00edtimo de 28 mm sobre travessas de a\u00e7o<br \/>\nEste contentor est\u00e1 dispon\u00edvel para compra online e pode ser entregue em toda a Espanha.<\/p>\n<p>Se tiver alguma d\u00favida, contacte a nossa atenciosa equipa de vendas de contentores.<\/p>\n<p>Quer alugar um contentor de 40 p\u00e9s em vez de comprar um? Veja os nossos contentores de 40 p\u00e9s para alugar<\/p>\n<\/div>\n","protected":false},"featured_media":13879,"template":"","meta":[],"product_cat":[86,84],"product_tag":[],"class_list":{"0":"post-13731","1":"product","2":"type-product","3":"status-publish","4":"has-post-thumbnail","6":"product_cat-contentores-de-40-pes-e-12-m","7":"product_cat-maritimos-em-segunda-mao","9":"first","10":"instock","11":"taxable","12":"shipping-taxable","13":"purchasable","14":"product-type-simple"},"_links":{"self":[{"href":"https:\/\/liscontentores.com\/index.php\/wp-json\/wp\/v2\/product\/13731","targetHints":{"allow":["GET"]}}],"collection":[{"href":"https:\/\/liscontentores.com\/index.php\/wp-json\/wp\/v2\/product"}],"about":[{"href":"https:\/\/liscontentores.com\/index.php\/wp-json\/wp\/v2\/types\/product"}],"wp:featuredmedia":[{"embeddable":true,"href":"https:\/\/liscontentores.com\/index.php\/wp-json\/wp\/v2\/media\/13879"}],"wp:attachment":[{"href":"https:\/\/liscontentores.com\/index.php\/wp-json\/wp\/v2\/media?parent=13731"}],"wp:term":[{"taxonomy":"product_cat","embeddable":true,"href":"https:\/\/liscontentores.com\/index.php\/wp-json\/wp\/v2\/product_cat?post=13731"},{"taxonomy":"product_tag","embeddable":true,"href":"https:\/\/liscontentores.com\/index.php\/wp-json\/wp\/v2\/product_tag?post=13731"}],"curies":[{"name":"wp","href":"https:\/\/api.w.org\/{rel}","templated":true}]}}