{"id":13732,"date":"2025-09-02T23:04:33","date_gmt":"2025-09-02T23:04:33","guid":{"rendered":"https:\/\/liscontentores.com\/?post_type=product&#038;p=13732"},"modified":"2025-09-30T19:58:36","modified_gmt":"2025-09-30T19:58:36","slug":"contentor-de-transporte-hc-branco-de-40-pes","status":"publish","type":"product","link":"https:\/\/liscontentores.com\/index.php\/product\/contentor-de-transporte-hc-branco-de-40-pes\/","title":{"rendered":"Contentor de transporte Hc branco de 40 p\u00e9s"},"content":{"rendered":"","protected":false},"excerpt":{"rendered":"<div class=\"woocommerce-product-details__short-description\">\n<p>Ref.: 123447<\/p>\n<p>Estes contentores de primeira viagem (de utiliza\u00e7\u00e3o \u00fanica) cumprem a CSC e as normas vigentes de transporte mar\u00edtimo.<\/p>\n<p>O modelo de contentor mar\u00edtimo de porta dupla est\u00e1 dispon\u00edvel em diversos tamanhos, sendo o modelo de 12 metros (40 p\u00e9s) o mais comum. A principal caracter\u00edstica deste contentor \u00e9 a presen\u00e7a de portas em ambas as extremidades, enquanto o modelo standard possui portas apenas numa delas.<\/p>\n<p>O contentor mar\u00edtimo de porta dupla com portas em ambas as extremidades \u00e9 ideal para o transporte de cargas de maiores dimens\u00f5es, como bobinas, tubos, etc., gra\u00e7as ao f\u00e1cil acesso proporcionado por ambas as entradas \u00e0 carga.<\/p>\n<p>S\u00e3o tamb\u00e9m frequentemente utilizados para convers\u00f5es para geradores m\u00f3veis e equipamentos similares, sendo perfeitamente adequados para o setor de armazenagem. Com a utiliza\u00e7\u00e3o de um divisor de antepara, \u00e9 poss\u00edvel criar duas unidades de tamanhos iguais ou diferentes.<\/p>\n<p>Um contentor mar\u00edtimo de porta dupla de 20 p\u00e9s dividido 50\/50 \u00e9 consideravelmente mais econ\u00f3mico do que comprar dois contentores de 10 p\u00e9s.<\/p>\n<\/div>\n","protected":false},"featured_media":13883,"template":"","meta":[],"product_cat":[86,84],"product_tag":[],"class_list":{"0":"post-13732","1":"product","2":"type-product","3":"status-publish","4":"has-post-thumbnail","6":"product_cat-contentores-de-40-pes-e-12-m","7":"product_cat-maritimos-em-segunda-mao","9":"first","10":"instock","11":"taxable","12":"shipping-taxable","13":"purchasable","14":"product-type-simple"},"_links":{"self":[{"href":"https:\/\/liscontentores.com\/index.php\/wp-json\/wp\/v2\/product\/13732","targetHints":{"allow":["GET"]}}],"collection":[{"href":"https:\/\/liscontentores.com\/index.php\/wp-json\/wp\/v2\/product"}],"about":[{"href":"https:\/\/liscontentores.com\/index.php\/wp-json\/wp\/v2\/types\/product"}],"wp:featuredmedia":[{"embeddable":true,"href":"https:\/\/liscontentores.com\/index.php\/wp-json\/wp\/v2\/media\/13883"}],"wp:attachment":[{"href":"https:\/\/liscontentores.com\/index.php\/wp-json\/wp\/v2\/media?parent=13732"}],"wp:term":[{"taxonomy":"product_cat","embeddable":true,"href":"https:\/\/liscontentores.com\/index.php\/wp-json\/wp\/v2\/product_cat?post=13732"},{"taxonomy":"product_tag","embeddable":true,"href":"https:\/\/liscontentores.com\/index.php\/wp-json\/wp\/v2\/product_tag?post=13732"}],"curies":[{"name":"wp","href":"https:\/\/api.w.org\/{rel}","templated":true}]}}