{"id":14271,"date":"2026-04-21T20:31:43","date_gmt":"2026-04-21T20:31:43","guid":{"rendered":"https:\/\/liscontentores.com\/?post_type=product&#038;p=14271"},"modified":"2026-04-21T20:31:45","modified_gmt":"2026-04-21T20:31:45","slug":"contenitore-marittimo-da-20-piedi-un-viaje-bianco-ral-9003-2","status":"publish","type":"product","link":"https:\/\/liscontentores.com\/index.php\/product\/contenitore-marittimo-da-20-piedi-un-viaje-bianco-ral-9003-2\/","title":{"rendered":"CONTENITORE MARITTIMO DA 20 PIEDI (UN VIAJE) BIANCO (RAL 9003)"},"content":{"rendered":"<p>ESPECIFICA\u00c7\u00d5ES DO PRODUTO<br \/>\nComprimento exterior (m)<br \/>\n6.06<\/p>\n<p>Largura exterior (m)<br \/>\n2,44<\/p>\n<p>Altura exterior (m)<br \/>\n2,59<\/p>\n<p>Comprimento interior (m)<br \/>\n5,84<\/p>\n<p>Largura interior (m)<br \/>\n2,35<\/p>\n<p>Altura interior (m)<br \/>\n2,39<\/p>\n<p>Largura da porta (m)<br \/>\n2,34<\/p>\n<p>Altura da porta (m)<br \/>\n2.28<\/p>\n","protected":false},"excerpt":{"rendered":"<p>Ref.: 000416<\/p>\n<p>DETALHES DO PRODUTO<br \/>\nOferta promocional: Receba um cadeado gr\u00e1tis por cada novo contentor (uma viagem) adquirido online em maio. Para usufruir desta oferta, adicione o cadeado gratuito \u00e0s op\u00e7\u00f5es de produtos no seu carrinho.<\/p>\n<p>Os nossos novos contentores mar\u00edtimos de 20 p\u00e9s x 8 p\u00e9s (branco RAL 9003) foram constru\u00eddos de acordo com as rigorosas normas ISO na China e s\u00f3 foram utilizados uma vez para enviar mercadorias para Portugal.<\/p>\n<p>Estes contentores padr\u00e3o de 20 p\u00e9s s\u00e3o feitos de a\u00e7o Corten resistente \u00e0 corros\u00e3o.<\/p>\n<p>Estes contentores est\u00e3o dispon\u00edveis para compra online e podem ser entregues em qualquer parte de It\u00e1lia. Se precisar de mais informa\u00e7\u00f5es, contacte a nossa simp\u00e1tica equipa de vendas de contentores para aconselhamento e orienta\u00e7\u00e3o.<\/p>\n<p>Estes contentores de 20 p\u00e9s est\u00e3o tamb\u00e9m dispon\u00edveis em Azul Genciana (RAL 5010), Azul Cobalto (RAL 5013) e Verde Garrafa (RAL 6007).<\/p>\n<p>Quer comprar um contentor de 20 p\u00e9s por um pre\u00e7o mais barato? Experimente a nossa gama de contentores usados \u200b\u200bpara venda.<\/p>\n<p>CARACTER\u00cdSTICAS DO NOVO RECIPIENTE MAR\u00cdTIMO DE 20 P\u00c9S<br \/>\nNOVO: viagens s\u00f3 de ida da China<br \/>\nPeso bruto (revestimento CSC) m\u00e1ximo: 30 toneladas<br \/>\nPavimento: contraplacado mar\u00edtimo de 28 mm (permite o carregamento com empilhador)<br \/>\nPortas: Portas exteriores com dobradi\u00e7as duplas e duas barras de bloqueio<br \/>\nConstru\u00e7\u00e3o: a\u00e7o Cor-Ten<br \/>\nVentila\u00e7\u00e3o: 8 aberturas para eliminar a condensa\u00e7\u00e3o<br \/>\nSeguran\u00e7a: Seguro instalado de f\u00e1brica<\/p>\n","protected":false},"featured_media":14125,"template":"","meta":[],"product_cat":[100,96],"product_tag":[],"class_list":{"0":"post-14271","1":"product","2":"type-product","3":"status-publish","4":"has-post-thumbnail","6":"product_cat-contentores-de-20-pes-e-6-metros","7":"product_cat-contentores-usados","9":"first","10":"instock","11":"taxable","12":"shipping-taxable","13":"purchasable","14":"product-type-simple"},"_links":{"self":[{"href":"https:\/\/liscontentores.com\/index.php\/wp-json\/wp\/v2\/product\/14271","targetHints":{"allow":["GET"]}}],"collection":[{"href":"https:\/\/liscontentores.com\/index.php\/wp-json\/wp\/v2\/product"}],"about":[{"href":"https:\/\/liscontentores.com\/index.php\/wp-json\/wp\/v2\/types\/product"}],"wp:featuredmedia":[{"embeddable":true,"href":"https:\/\/liscontentores.com\/index.php\/wp-json\/wp\/v2\/media\/14125"}],"wp:attachment":[{"href":"https:\/\/liscontentores.com\/index.php\/wp-json\/wp\/v2\/media?parent=14271"}],"wp:term":[{"taxonomy":"product_cat","embeddable":true,"href":"https:\/\/liscontentores.com\/index.php\/wp-json\/wp\/v2\/product_cat?post=14271"},{"taxonomy":"product_tag","embeddable":true,"href":"https:\/\/liscontentores.com\/index.php\/wp-json\/wp\/v2\/product_tag?post=14271"}],"curies":[{"name":"wp","href":"https:\/\/api.w.org\/{rel}","templated":true}]}}