{"id":14275,"date":"2026-04-21T20:31:43","date_gmt":"2026-04-21T20:31:43","guid":{"rendered":"https:\/\/liscontentores.com\/?post_type=product&#038;p=14275"},"modified":"2026-04-21T20:31:46","modified_gmt":"2026-04-21T20:31:46","slug":"contentor-20-pes-open-side-acesso-lateral-aberto-2","status":"publish","type":"product","link":"https:\/\/liscontentores.com\/index.php\/product\/contentor-20-pes-open-side-acesso-lateral-aberto-2\/","title":{"rendered":"Contentor 20 p\u00e9s open side (acesso lateral aberto)"},"content":{"rendered":"<section class=\"text-token-text-primary w-full focus:outline-none [--shadow-height:45px] has-data-writing-block:pointer-events-none has-data-writing-block:-mt-(--shadow-height) has-data-writing-block:pt-(--shadow-height) [&amp;:has([data-writing-block])&gt;*]:pointer-events-auto [content-visibility:auto] supports-[content-visibility:auto]:[contain-intrinsic-size:auto_100lvh] R6Vx5W_threadScrollVars scroll-mb-[calc(var(--scroll-root-safe-area-inset-bottom,0px)+var(--thread-response-height))] scroll-mt-[calc(var(--header-height)+min(200px,max(70px,20svh)))]\" dir=\"auto\" data-turn-id=\"request-69e7c3ca-622c-83ea-bfb3-4f71591ba9f8-49\" data-testid=\"conversation-turn-98\" data-scroll-anchor=\"false\" data-turn=\"assistant\">\n<div class=\"text-base my-auto mx-auto pb-10 [--thread-content-margin:var(--thread-content-margin-xs,calc(var(--spacing)*4))] @w-sm\/main:[--thread-content-margin:var(--thread-content-margin-sm,calc(var(--spacing)*6))] @w-lg\/main:[--thread-content-margin:var(--thread-content-margin-lg,calc(var(--spacing)*16))] px-(--thread-content-margin)\">\n<div class=\"[--thread-content-max-width:40rem] @w-lg\/main:[--thread-content-max-width:48rem] mx-auto max-w-(--thread-content-max-width) flex-1 group\/turn-messages focus-visible:outline-hidden relative flex w-full min-w-0 flex-col agent-turn\">\n<div class=\"flex max-w-full flex-col gap-4 grow\">\n<div class=\"min-h-8 text-message relative flex w-full flex-col items-end gap-2 text-start break-words whitespace-normal outline-none keyboard-focused:focus-ring [.text-message+&amp;]:mt-1\" dir=\"auto\" tabindex=\"0\" data-message-author-role=\"assistant\" data-message-id=\"739f99c5-04ae-4f13-9e5f-688738da5c4c\" data-message-model-slug=\"gpt-5-3-mini\" data-turn-start-message=\"true\">\n<div class=\"flex w-full flex-col gap-1 empty:hidden\">\n<div class=\"markdown prose dark:prose-invert w-full wrap-break-word dark markdown-new-styling\">\n<p data-start=\"234\" data-end=\"443\">O contentor mar\u00edtimo open side de 20 p\u00e9s usado \u00e9 uma solu\u00e7\u00e3o pr\u00e1tica e resistente para armazenamento e transporte, oferecendo acesso lateral total (FSA) que facilita o carregamento e a descarga de mercadorias.<\/p>\n<p data-start=\"445\" data-end=\"708\">Este modelo disp\u00f5e de portas duplas na extremidade e portas duplas ao longo de um dos lados, permitindo uma abertura ampla e vers\u00e1til. A estrutura em a\u00e7o corten garante robustez e resist\u00eancia \u00e0s condi\u00e7\u00f5es exteriores, sendo um contentor estanque ao vento e \u00e0 \u00e1gua.<\/p>\n<p data-start=\"710\" data-end=\"954\">Apesar de ser usado, mant\u00e9m plena funcionalidade e \u00e9 adequado para utiliza\u00e7\u00e3o profissional em armazenamento, log\u00edstica ou ind\u00fastria. O piso em contraplacado mar\u00edtimo de 28 mm sobre travessas de a\u00e7o assegura elevada resist\u00eancia a cargas pesadas.<\/p>\n<p data-start=\"956\" data-end=\"1073\">Inclui tamb\u00e9m ventila\u00e7\u00e3o integrada e pontos de manuseamento para empilhador, facilitando o transporte e a instala\u00e7\u00e3o.<\/p>\n<p data-start=\"1075\" data-end=\"1109\"><strong data-start=\"1075\" data-end=\"1107\">Caracter\u00edsticas principais :<\/strong><\/p>\n<ul data-start=\"1110\" data-end=\"1536\">\n<li data-section-id=\"11q07r3\" data-start=\"1110\" data-end=\"1132\">Refer\u00eancia: 000422<\/li>\n<li data-section-id=\"gaoaxb\" data-start=\"1133\" data-end=\"1175\">Tipo: contentor open side 20 p\u00e9s usado<\/li>\n<li data-section-id=\"1j6zxrx\" data-start=\"1176\" data-end=\"1212\">Estrutura: a\u00e7o corten resistente<\/li>\n<li data-section-id=\"e3bkw9\" data-start=\"1213\" data-end=\"1258\">Estado: usado, estanque ao vento e \u00e0 \u00e1gua<\/li>\n<li data-section-id=\"1n71ori\" data-start=\"1259\" data-end=\"1309\">Acesso: lateral total + portas frontais duplas<\/li>\n<li data-section-id=\"xt96ld\" data-start=\"1310\" data-end=\"1351\">Capacidade m\u00e1xima (CSC): 24 toneladas<\/li>\n<li data-section-id=\"82u1c0\" data-start=\"1352\" data-end=\"1390\">Piso: contraplacado mar\u00edtimo 28 mm<\/li>\n<li data-section-id=\"136peon\" data-start=\"1391\" data-end=\"1421\">Ventila\u00e7\u00e3o: 8 sa\u00eddas de ar<\/li>\n<li data-section-id=\"o2nfpv\" data-start=\"1422\" data-end=\"1480\">Manuseamento: bolsas para empilhador em ambos os lados<\/li>\n<li data-section-id=\"1ty743c\" data-start=\"1481\" data-end=\"1536\">Sistema de fecho: barras de seguran\u00e7a em cada porta<\/li>\n<\/ul>\n<p data-start=\"1538\" data-end=\"1555\"><strong data-start=\"1538\" data-end=\"1553\">Dimens\u00f5es :<\/strong><\/p>\n<ul data-start=\"1556\" data-end=\"1685\">\n<li data-section-id=\"yg9aat\" data-start=\"1556\" data-end=\"1590\">Exterior: 6,06 x 2,44 x 2,59 m<\/li>\n<li data-section-id=\"1p4kl9a\" data-start=\"1591\" data-end=\"1625\">Interior: 5,90 x 2,29 x 2,39 m<\/li>\n<li data-section-id=\"txht3d\" data-start=\"1626\" data-end=\"1659\">Largura porta lateral: 5,82 m<\/li>\n<li data-section-id=\"ytp77q\" data-start=\"1660\" data-end=\"1685\">Largura porta: 2,23 m<\/li>\n<\/ul>\n<p data-start=\"1687\" data-end=\"1806\" data-is-last-node=\"\" data-is-only-node=\"\">Este contentor open side usado \u00e9 uma solu\u00e7\u00e3o eficiente, flex\u00edvel e econ\u00f3mica para armazenamento e opera\u00e7\u00f5es log\u00edsticas.<\/p>\n<\/div>\n<\/div>\n<\/div>\n<\/div>\n<div class=\"z-0 flex min-h-[46px] justify-start\"><\/div>\n<div class=\"mt-3 w-full empty:hidden\">\n<div class=\"text-center\"><\/div>\n<\/div>\n<\/div>\n<\/div>\n<\/section>\n<div class=\"pointer-events-none -mt-px h-px translate-y-[calc(var(--scroll-root-safe-area-inset-bottom)-14*var(--spacing))]\" aria-hidden=\"true\"><\/div>\n","protected":false},"excerpt":{"rendered":"<p data-start=\"86\" data-end=\"199\">Contentor 20 p\u00e9s open side usado, com acesso lateral total e portas duplas, ideal para armazenamento e log\u00edstica.<\/p>\n<p data-start=\"1538\" data-end=\"1555\"><strong data-start=\"1538\" data-end=\"1553\">Dimens\u00f5es :<\/strong><\/p>\n<ul data-start=\"1556\" data-end=\"1685\">\n<li data-section-id=\"yg9aat\" data-start=\"1556\" data-end=\"1590\">Exterior: 6,06 x 2,44 x 2,59 m<\/li>\n<li data-section-id=\"1p4kl9a\" data-start=\"1591\" data-end=\"1625\">Interior: 5,90 x 2,29 x 2,39 m<\/li>\n<li data-section-id=\"txht3d\" data-start=\"1626\" data-end=\"1659\">Largura porta lateral: 5,82 m<\/li>\n<li data-section-id=\"ytp77q\" data-start=\"1660\" data-end=\"1685\">Largura porta: 2,23 m<\/li>\n<\/ul>\n<p data-start=\"1687\" data-end=\"1806\" data-is-last-node=\"\" data-is-only-node=\"\">Este contentor open side usado \u00e9 uma solu\u00e7\u00e3o eficiente, flex\u00edvel e econ\u00f3mica para armazenamento e opera\u00e7\u00f5es log\u00edsticas.<\/p>\n","protected":false},"featured_media":14151,"template":"","meta":[],"product_cat":[100,96],"product_tag":[],"class_list":{"0":"post-14275","1":"product","2":"type-product","3":"status-publish","4":"has-post-thumbnail","6":"product_cat-contentores-de-20-pes-e-6-metros","7":"product_cat-contentores-usados","9":"first","10":"instock","11":"taxable","12":"shipping-taxable","13":"purchasable","14":"product-type-simple"},"_links":{"self":[{"href":"https:\/\/liscontentores.com\/index.php\/wp-json\/wp\/v2\/product\/14275","targetHints":{"allow":["GET"]}}],"collection":[{"href":"https:\/\/liscontentores.com\/index.php\/wp-json\/wp\/v2\/product"}],"about":[{"href":"https:\/\/liscontentores.com\/index.php\/wp-json\/wp\/v2\/types\/product"}],"wp:featuredmedia":[{"embeddable":true,"href":"https:\/\/liscontentores.com\/index.php\/wp-json\/wp\/v2\/media\/14151"}],"wp:attachment":[{"href":"https:\/\/liscontentores.com\/index.php\/wp-json\/wp\/v2\/media?parent=14275"}],"wp:term":[{"taxonomy":"product_cat","embeddable":true,"href":"https:\/\/liscontentores.com\/index.php\/wp-json\/wp\/v2\/product_cat?post=14275"},{"taxonomy":"product_tag","embeddable":true,"href":"https:\/\/liscontentores.com\/index.php\/wp-json\/wp\/v2\/product_tag?post=14275"}],"curies":[{"name":"wp","href":"https:\/\/api.w.org\/{rel}","templated":true}]}}