{"id":14280,"date":"2026-04-21T20:31:44","date_gmt":"2026-04-21T20:31:44","guid":{"rendered":"https:\/\/liscontentores.com\/?post_type=product&#038;p=14280"},"modified":"2026-04-21T20:31:46","modified_gmt":"2026-04-21T20:31:46","slug":"contenitore-piatto-3-m-x-21-m-2","status":"publish","type":"product","link":"https:\/\/liscontentores.com\/index.php\/product\/contenitore-piatto-3-m-x-21-m-2\/","title":{"rendered":"Contenitore piatto 3 m x 2,1 m"},"content":{"rendered":"<section class=\"text-token-text-primary w-full focus:outline-none [--shadow-height:45px] has-data-writing-block:pointer-events-none has-data-writing-block:-mt-(--shadow-height) has-data-writing-block:pt-(--shadow-height) [&amp;:has([data-writing-block])&gt;*]:pointer-events-auto [content-visibility:auto] supports-[content-visibility:auto]:[contain-intrinsic-size:auto_100lvh] R6Vx5W_threadScrollVars scroll-mb-[calc(var(--scroll-root-safe-area-inset-bottom,0px)+var(--thread-response-height))] scroll-mt-[calc(var(--header-height)+min(200px,max(70px,20svh)))]\" dir=\"auto\" data-turn-id=\"request-69e7c3ca-622c-83ea-bfb3-4f71591ba9f8-44\" data-testid=\"conversation-turn-88\" data-scroll-anchor=\"false\" data-turn=\"assistant\">\n<div class=\"text-base my-auto mx-auto pb-10 [--thread-content-margin:var(--thread-content-margin-xs,calc(var(--spacing)*4))] @w-sm\/main:[--thread-content-margin:var(--thread-content-margin-sm,calc(var(--spacing)*6))] @w-lg\/main:[--thread-content-margin:var(--thread-content-margin-lg,calc(var(--spacing)*16))] px-(--thread-content-margin)\">\n<div class=\"[--thread-content-max-width:40rem] @w-lg\/main:[--thread-content-max-width:48rem] mx-auto max-w-(--thread-content-max-width) flex-1 group\/turn-messages focus-visible:outline-hidden relative flex w-full min-w-0 flex-col agent-turn\">\n<div class=\"flex max-w-full flex-col gap-4 grow\">\n<div class=\"min-h-8 text-message relative flex w-full flex-col items-end gap-2 text-start break-words whitespace-normal outline-none keyboard-focused:focus-ring [.text-message+&amp;]:mt-1\" dir=\"auto\" tabindex=\"0\" data-message-author-role=\"assistant\" data-message-id=\"0ac89447-564b-4238-b057-a5f904415cc2\" data-message-model-slug=\"gpt-5-3-mini\" data-turn-start-message=\"true\">\n<div class=\"flex w-full flex-col gap-1 empty:hidden\">\n<div class=\"markdown prose dark:prose-invert w-full wrap-break-word dark markdown-new-styling\">\n<p data-start=\"255\" data-end=\"455\">O contentor plano de 3 metros galvanizado \u00e9 uma solu\u00e7\u00e3o de armazenamento modular, pr\u00e1tica e econ\u00f3mica, concebida para oferecer seguran\u00e7a e facilidade de utiliza\u00e7\u00e3o mesmo em espa\u00e7os de acesso limitado.<\/p>\n<p data-start=\"457\" data-end=\"719\">Gra\u00e7as ao seu sistema flat pack, pode ser transportado e montado sem necessidade de gruas, empilhadores ou ferramentas especiais. Todos os componentes s\u00e3o leves e podem ser manuseados manualmente, permitindo a instala\u00e7\u00e3o em locais estreitos ou de dif\u00edcil acesso.<\/p>\n<p data-start=\"721\" data-end=\"974\">Uma vez montado, o contentor pode ser levantado atrav\u00e9s de pontos de eleva\u00e7\u00e3o, mesmo com carga no interior. A estrutura em a\u00e7o galvanizado garante elevada resist\u00eancia \u00e0 corros\u00e3o e longa durabilidade, tornando-o ideal para uso profissional ou industrial.<\/p>\n<p data-start=\"976\" data-end=\"1152\">Este modelo pode ser utilizado individualmente ou ligado a outras unidades, criando \u00e1reas de armazenamento maiores e totalmente modulares, tanto em largura como em comprimento.<\/p>\n<p data-start=\"1154\" data-end=\"1188\"><strong data-start=\"1154\" data-end=\"1186\">Caracter\u00edsticas principais :<\/strong><\/p>\n<ul data-start=\"1189\" data-end=\"1638\">\n<li data-section-id=\"11px6il\" data-start=\"1189\" data-end=\"1211\">Refer\u00eancia: 000464<\/li>\n<li data-section-id=\"1qnuhd2\" data-start=\"1212\" data-end=\"1241\">Tipo: contentor plano 3 m<\/li>\n<li data-section-id=\"1sgkohy\" data-start=\"1242\" data-end=\"1272\">Estrutura: a\u00e7o galvanizado<\/li>\n<li data-section-id=\"10d56j6\" data-start=\"1273\" data-end=\"1318\">Utiliza\u00e7\u00e3o: armazenamento, espa\u00e7o modular<\/li>\n<li data-section-id=\"1dw3r6u\" data-start=\"1319\" data-end=\"1364\">Montagem: simples, sem equipamento pesado<\/li>\n<li data-section-id=\"1ypt3td\" data-start=\"1365\" data-end=\"1417\">Modular: liga\u00e7\u00e3o lateral e longitudinal poss\u00edvel<\/li>\n<li data-section-id=\"16d9dvh\" data-start=\"1418\" data-end=\"1455\">Seguran\u00e7a: sistema de fecho duplo<\/li>\n<li data-section-id=\"v7bn5f\" data-start=\"1456\" data-end=\"1508\">Portabilidade: componentes f\u00e1ceis de transportar<\/li>\n<li data-section-id=\"1ukgz3m\" data-start=\"1509\" data-end=\"1535\">Piso: painel OSB 15 mm<\/li>\n<li data-section-id=\"19n1pme\" data-start=\"1536\" data-end=\"1578\">Revestimento interior: a\u00e7o galvanizado<\/li>\n<li data-section-id=\"uv2whh\" data-start=\"1579\" data-end=\"1638\">Capacidade de carga: 1500 kg distribu\u00eddos uniformemente<\/li>\n<\/ul>\n<p data-start=\"1640\" data-end=\"1657\"><strong data-start=\"1640\" data-end=\"1655\">Dimens\u00f5es :<\/strong><\/p>\n<ul data-start=\"1658\" data-end=\"1765\">\n<li data-section-id=\"e33a0b\" data-start=\"1658\" data-end=\"1692\">Exterior: 2,95 x 2,14 x 2,09 m<\/li>\n<li data-section-id=\"mdtd8e\" data-start=\"1693\" data-end=\"1727\">Interior: 2,80 x 2,07 x 2,00 m<\/li>\n<li data-section-id=\"1jbifbw\" data-start=\"1728\" data-end=\"1765\">Dimens\u00e3o flat pack: 2,95 x 2,14 m<\/li>\n<\/ul>\n<p data-start=\"1767\" data-end=\"1885\" data-is-last-node=\"\" data-is-only-node=\"\">Este contentor plano de 3 m \u00e9 uma solu\u00e7\u00e3o compacta, robusta e flex\u00edvel para armazenamento seguro em qualquer ambiente.<\/p>\n<\/div>\n<\/div>\n<\/div>\n<\/div>\n<div class=\"z-0 flex min-h-[46px] justify-start\"><\/div>\n<div class=\"mt-3 w-full empty:hidden\">\n<div class=\"text-center\"><\/div>\n<\/div>\n<\/div>\n<\/div>\n<\/section>\n<div class=\"pointer-events-none -mt-px h-px translate-y-[calc(var(--scroll-root-safe-area-inset-bottom)-14*var(--spacing))]\" aria-hidden=\"true\"><\/div>\n","protected":false},"excerpt":{"rendered":"<p data-start=\"85\" data-end=\"220\">Contentor flat pack 3 m galvanizado, modular e resistente, ideal para armazenamento seguro com montagem f\u00e1cil e sem equipamento pesado.<\/p>\n<p data-start=\"1640\" data-end=\"1657\"><strong data-start=\"1640\" data-end=\"1655\">Dimens\u00f5es :<\/strong><\/p>\n<ul data-start=\"1658\" data-end=\"1765\">\n<li data-section-id=\"e33a0b\" data-start=\"1658\" data-end=\"1692\">Exterior: 2,95 x 2,14 x 2,09 m<\/li>\n<li data-section-id=\"mdtd8e\" data-start=\"1693\" data-end=\"1727\">Interior: 2,80 x 2,07 x 2,00 m<\/li>\n<li data-section-id=\"1jbifbw\" data-start=\"1728\" data-end=\"1765\">Dimens\u00e3o flat pack: 2,95 x 2,14 m<\/li>\n<\/ul>\n<p data-start=\"1767\" data-end=\"1885\" data-is-last-node=\"\" data-is-only-node=\"\">Este contentor plano de 3 m \u00e9 uma solu\u00e7\u00e3o compacta, robusta e flex\u00edvel para armazenamento seguro em qualquer ambiente.<\/p>\n","protected":false},"featured_media":14173,"template":"","meta":[],"product_cat":[103,96],"product_tag":[],"class_list":{"0":"post-14280","1":"product","2":"type-product","3":"status-publish","4":"has-post-thumbnail","6":"product_cat-contentor-removivel","7":"product_cat-contentores-usados","9":"first","10":"instock","11":"taxable","12":"shipping-taxable","13":"purchasable","14":"product-type-simple"},"_links":{"self":[{"href":"https:\/\/liscontentores.com\/index.php\/wp-json\/wp\/v2\/product\/14280","targetHints":{"allow":["GET"]}}],"collection":[{"href":"https:\/\/liscontentores.com\/index.php\/wp-json\/wp\/v2\/product"}],"about":[{"href":"https:\/\/liscontentores.com\/index.php\/wp-json\/wp\/v2\/types\/product"}],"wp:featuredmedia":[{"embeddable":true,"href":"https:\/\/liscontentores.com\/index.php\/wp-json\/wp\/v2\/media\/14173"}],"wp:attachment":[{"href":"https:\/\/liscontentores.com\/index.php\/wp-json\/wp\/v2\/media?parent=14280"}],"wp:term":[{"taxonomy":"product_cat","embeddable":true,"href":"https:\/\/liscontentores.com\/index.php\/wp-json\/wp\/v2\/product_cat?post=14280"},{"taxonomy":"product_tag","embeddable":true,"href":"https:\/\/liscontentores.com\/index.php\/wp-json\/wp\/v2\/product_tag?post=14280"}],"curies":[{"name":"wp","href":"https:\/\/api.w.org\/{rel}","templated":true}]}}