{"id":14285,"date":"2026-04-21T20:31:44","date_gmt":"2026-04-21T20:31:44","guid":{"rendered":"https:\/\/liscontentores.com\/?post_type=product&#038;p=14285"},"modified":"2026-04-21T20:31:47","modified_gmt":"2026-04-21T20:31:47","slug":"cabine-de-vigilancia-individual-360-compacta-2","status":"publish","type":"product","link":"https:\/\/liscontentores.com\/index.php\/product\/cabine-de-vigilancia-individual-360-compacta-2\/","title":{"rendered":"Cabine de vigil\u00e2ncia individual 360\u00b0 compacta"},"content":{"rendered":"<section class=\"text-token-text-primary w-full focus:outline-none [--shadow-height:45px] has-data-writing-block:pointer-events-none has-data-writing-block:-mt-(--shadow-height) has-data-writing-block:pt-(--shadow-height) [&amp;:has([data-writing-block])&gt;*]:pointer-events-auto [content-visibility:auto] supports-[content-visibility:auto]:[contain-intrinsic-size:auto_100lvh] R6Vx5W_threadScrollVars scroll-mb-[calc(var(--scroll-root-safe-area-inset-bottom,0px)+var(--thread-response-height))] scroll-mt-[calc(var(--header-height)+min(200px,max(70px,20svh)))]\" dir=\"auto\" data-turn-id=\"request-69e7c3ca-622c-83ea-bfb3-4f71591ba9f8-35\" data-testid=\"conversation-turn-72\" data-scroll-anchor=\"false\" data-turn=\"assistant\">\n<div class=\"text-base my-auto mx-auto pb-10 [--thread-content-margin:var(--thread-content-margin-xs,calc(var(--spacing)*4))] @w-sm\/main:[--thread-content-margin:var(--thread-content-margin-sm,calc(var(--spacing)*6))] @w-lg\/main:[--thread-content-margin:var(--thread-content-margin-lg,calc(var(--spacing)*16))] px-(--thread-content-margin)\">\n<div class=\"[--thread-content-max-width:40rem] @w-lg\/main:[--thread-content-max-width:48rem] mx-auto max-w-(--thread-content-max-width) flex-1 group\/turn-messages focus-visible:outline-hidden relative flex w-full min-w-0 flex-col agent-turn\">\n<div class=\"flex max-w-full flex-col gap-4 grow\">\n<div class=\"min-h-8 text-message relative flex w-full flex-col items-end gap-2 text-start break-words whitespace-normal outline-none keyboard-focused:focus-ring [.text-message+&amp;]:mt-1\" dir=\"auto\" tabindex=\"0\" data-message-author-role=\"assistant\" data-message-id=\"46b5ad80-6dfb-4d8e-8140-1468c6cb9f9f\" data-message-model-slug=\"gpt-5-3-mini\" data-turn-start-message=\"true\">\n<div class=\"flex w-full flex-col gap-1 empty:hidden\">\n<div class=\"markdown prose dark:prose-invert w-full wrap-break-word dark markdown-new-styling\">\n<p data-start=\"265\" data-end=\"431\">A cabine de vigil\u00e2ncia individual \u00e9 uma solu\u00e7\u00e3o compacta e funcional, desenvolvida para controlo de acessos e tarefas de seguran\u00e7a em diferentes tipos de instala\u00e7\u00f5es.<\/p>\n<p data-start=\"433\" data-end=\"757\">A sua estrutura robusta e de pequenas dimens\u00f5es permite a instala\u00e7\u00e3o em espa\u00e7os reduzidos, oferecendo ao operador um ambiente de trabalho protegido, confort\u00e1vel e eficiente. Gra\u00e7as \u00e0s tr\u00eas janelas e \u00e0 janela integrada na porta, a unidade proporciona uma visibilidade de 360\u00b0, garantindo um controlo total da \u00e1rea envolvente.<\/p>\n<p data-start=\"759\" data-end=\"982\">O interior foi concebido para oferecer conforto e prote\u00e7\u00e3o em todas as condi\u00e7\u00f5es. Inclui isolamento, revestimento em placas de gesso com acabamento vin\u00edlico e pavimento em vinil, assegurando durabilidade e f\u00e1cil manuten\u00e7\u00e3o.<\/p>\n<p data-start=\"984\" data-end=\"1124\">Esta cabine \u00e9 ideal para seguran\u00e7a de acessos, eventos, instala\u00e7\u00f5es industriais e qualquer situa\u00e7\u00e3o que exija vigil\u00e2ncia constante e eficaz.<\/p>\n<p data-start=\"1126\" data-end=\"1160\"><strong data-start=\"1126\" data-end=\"1158\">Caracter\u00edsticas principais :<\/strong><\/p>\n<ul data-start=\"1161\" data-end=\"1643\">\n<li data-section-id=\"i3fyww\" data-start=\"1161\" data-end=\"1202\">Tipo: cabine de vigil\u00e2ncia individual<\/li>\n<li data-section-id=\"1j58iie\" data-start=\"1203\" data-end=\"1239\">Estrutura: compacta e resistente<\/li>\n<li data-section-id=\"1y9pde\" data-start=\"1240\" data-end=\"1295\">Utiliza\u00e7\u00e3o: controlo de acessos, seguran\u00e7a, eventos<\/li>\n<li data-section-id=\"fu5f6v\" data-start=\"1296\" data-end=\"1352\">Visibilidade: 360\u00b0 com 3 janelas + porta envidra\u00e7ada<\/li>\n<li data-section-id=\"1bwcapa\" data-start=\"1353\" data-end=\"1389\">Interior: espa\u00e7o para 1 operador<\/li>\n<li data-section-id=\"15z1dtr\" data-start=\"1390\" data-end=\"1439\">Piso: painel de part\u00edculas 18 mm + vinil 2 mm<\/li>\n<li data-section-id=\"1f5xslc\" data-start=\"1440\" data-end=\"1492\">Revestimento interior: placas de gesso com vinil<\/li>\n<li data-section-id=\"1hpkxl9\" data-start=\"1493\" data-end=\"1531\">Aquecimento: 1 aquecedor de parede<\/li>\n<li data-section-id=\"ctvz99\" data-start=\"1532\" data-end=\"1557\">Ilumina\u00e7\u00e3o: 1 luz LED<\/li>\n<li data-section-id=\"12cto5b\" data-start=\"1558\" data-end=\"1589\">Tomadas: 1 tomada dupla 13A<\/li>\n<li data-section-id=\"1iezbti\" data-start=\"1590\" data-end=\"1626\">Requisitos el\u00e9tricos: 32 amperes<\/li>\n<li data-section-id=\"juzgm9\" data-start=\"1627\" data-end=\"1643\">Peso: 350 kg<\/li>\n<\/ul>\n<p data-start=\"1645\" data-end=\"1662\"><strong data-start=\"1645\" data-end=\"1660\">Dimens\u00f5es :<\/strong><\/p>\n<ul data-start=\"1663\" data-end=\"1757\">\n<li data-section-id=\"fo9ut\" data-start=\"1663\" data-end=\"1697\">Exterior: 1,83 x 1,25 x 2,75 m<\/li>\n<li data-section-id=\"sk8vg6\" data-start=\"1698\" data-end=\"1732\">Interior: 1,60 x 1,00 x 2,23 m<\/li>\n<li data-section-id=\"1y62gr7\" data-start=\"1733\" data-end=\"1757\">Porta: 0,81 x 2,07 m<\/li>\n<\/ul>\n<p data-start=\"1759\" data-end=\"1882\" data-is-last-node=\"\" data-is-only-node=\"\">Esta cabine de vigil\u00e2ncia \u00e9 uma solu\u00e7\u00e3o pr\u00e1tica, segura e eficiente para controlo de acessos e prote\u00e7\u00e3o de \u00e1reas sens\u00edveis.<\/p>\n<\/div>\n<\/div>\n<\/div>\n<\/div>\n<div class=\"z-0 flex min-h-[46px] justify-start\"><\/div>\n<div class=\"mt-3 w-full empty:hidden\">\n<div class=\"text-center\"><\/div>\n<\/div>\n<\/div>\n<\/div>\n<\/section>\n<div class=\"pointer-events-none -mt-px h-px translate-y-[calc(var(--scroll-root-safe-area-inset-bottom)-14*var(--spacing))]\" aria-hidden=\"true\"><\/div>\n","protected":false},"excerpt":{"rendered":"<p data-start=\"99\" data-end=\"230\">Cabine de vigil\u00e2ncia individual compacta com vis\u00e3o 360\u00b0, ideal para controlo de acessos, seguran\u00e7a de eventos e prote\u00e7\u00e3o de locais.<\/p>\n<p data-start=\"1645\" data-end=\"1662\"><strong data-start=\"1645\" data-end=\"1660\">Dimens\u00f5es :<\/strong><\/p>\n<ul data-start=\"1663\" data-end=\"1757\">\n<li data-section-id=\"fo9ut\" data-start=\"1663\" data-end=\"1697\">Exterior: 1,83 x 1,25 x 2,75 m<\/li>\n<li data-section-id=\"sk8vg6\" data-start=\"1698\" data-end=\"1732\">Interior: 1,60 x 1,00 x 2,23 m<\/li>\n<li data-section-id=\"1y62gr7\" data-start=\"1733\" data-end=\"1757\">Porta: 0,81 x 2,07 m<\/li>\n<\/ul>\n","protected":false},"featured_media":14205,"template":"","meta":[],"product_cat":[104,105,101,99,96],"product_tag":[],"class_list":{"0":"post-14285","1":"product","2":"type-product","3":"status-publish","4":"has-post-thumbnail","6":"product_cat-cabines-e-servicos-sanitarios","7":"product_cat-cabines-jackleg","8":"product_cat-casa-de-contentores","9":"product_cat-contentores-de-8-e-10-pes-3-e-4-m","10":"product_cat-contentores-usados","12":"first","13":"instock","14":"taxable","15":"shipping-taxable","16":"purchasable","17":"product-type-simple"},"_links":{"self":[{"href":"https:\/\/liscontentores.com\/index.php\/wp-json\/wp\/v2\/product\/14285","targetHints":{"allow":["GET"]}}],"collection":[{"href":"https:\/\/liscontentores.com\/index.php\/wp-json\/wp\/v2\/product"}],"about":[{"href":"https:\/\/liscontentores.com\/index.php\/wp-json\/wp\/v2\/types\/product"}],"wp:featuredmedia":[{"embeddable":true,"href":"https:\/\/liscontentores.com\/index.php\/wp-json\/wp\/v2\/media\/14205"}],"wp:attachment":[{"href":"https:\/\/liscontentores.com\/index.php\/wp-json\/wp\/v2\/media?parent=14285"}],"wp:term":[{"taxonomy":"product_cat","embeddable":true,"href":"https:\/\/liscontentores.com\/index.php\/wp-json\/wp\/v2\/product_cat?post=14285"},{"taxonomy":"product_tag","embeddable":true,"href":"https:\/\/liscontentores.com\/index.php\/wp-json\/wp\/v2\/product_tag?post=14285"}],"curies":[{"name":"wp","href":"https:\/\/api.w.org\/{rel}","templated":true}]}}