{"id":14288,"date":"2026-04-21T20:31:44","date_gmt":"2026-04-21T20:31:44","guid":{"rendered":"https:\/\/liscontentores.com\/?post_type=product&#038;p=14288"},"modified":"2026-04-21T20:31:47","modified_gmt":"2026-04-21T20:31:47","slug":"contentor-20-pes-dry-classe-b-azul-2","status":"publish","type":"product","link":"https:\/\/liscontentores.com\/index.php\/product\/contentor-20-pes-dry-classe-b-azul-2\/","title":{"rendered":"Contentor 20 p\u00e9s Dry Classe B azul"},"content":{"rendered":"<p data-start=\"170\" data-end=\"411\">O contentor mar\u00edtimo 20 p\u00e9s Dry Classe B azul \u00e9 uma solu\u00e7\u00e3o fi\u00e1vel e econ\u00f3mica para armazenamento e transporte de mercadorias. Projetado para utiliza\u00e7\u00e3o intensiva, oferece uma estrutura resistente em a\u00e7o, garantindo seguran\u00e7a e durabilidade.<\/p>\n<p data-start=\"413\" data-end=\"711\">Este modelo pertence \u00e0 classe B, o que significa que se trata de um equipamento revisto e funcional, totalmente estanque e conforme os regulamentos mar\u00edtimos. Apresenta sinais normais de utiliza\u00e7\u00e3o, como marcas de manuseamento e vest\u00edgios vis\u00edveis de ferrugem, sem comprometer a sua funcionalidade.<\/p>\n<p data-start=\"713\" data-end=\"950\">As portas permanecem operacionais e garantem um fecho seguro, permitindo um acesso f\u00e1cil ao interior. Com um volume de 33 m\u00b3 e uma capacidade de carga elevada, este contentor \u00e9 adequado para m\u00faltiplos tipos de armazenamento profissional.<\/p>\n<p data-start=\"952\" data-end=\"986\"><strong data-start=\"952\" data-end=\"984\">Caracter\u00edsticas principais :<\/strong><\/p>\n<ul data-start=\"987\" data-end=\"1314\">\n<li data-section-id=\"11okl25\" data-start=\"987\" data-end=\"1009\">Refer\u00eancia: 000611<\/li>\n<li data-section-id=\"rpmksk\" data-start=\"1010\" data-end=\"1038\">Modelo: 20\u2032 DRY Classe B<\/li>\n<li data-section-id=\"1smy6vw\" data-start=\"1039\" data-end=\"1079\">Estrutura: contentor mar\u00edtimo em a\u00e7o<\/li>\n<li data-section-id=\"cnirot\" data-start=\"1080\" data-end=\"1120\">Estado: revisto, estanque, funcional<\/li>\n<li data-section-id=\"d7lmha\" data-start=\"1121\" data-end=\"1134\">Cor: azul<\/li>\n<li data-section-id=\"icm55q\" data-start=\"1135\" data-end=\"1150\">\u00c1rea: 15 m\u00b2<\/li>\n<li data-section-id=\"1jzdclg\" data-start=\"1151\" data-end=\"1168\">Volume: 33 m\u00b3<\/li>\n<li data-section-id=\"1354svn\" data-start=\"1169\" data-end=\"1193\">Peso vazio: 2.300 kg<\/li>\n<li data-section-id=\"1gftnr4\" data-start=\"1194\" data-end=\"1228\">Capacidade de carga: 28.000 kg<\/li>\n<li data-section-id=\"1g0k85x\" data-start=\"1229\" data-end=\"1261\">Portas: funcionais e seguras<\/li>\n<li data-section-id=\"560gn2\" data-start=\"1262\" data-end=\"1314\">Utiliza\u00e7\u00e3o: armazenamento, transporte, log\u00edstica<\/li>\n<\/ul>\n<p data-start=\"1316\" data-end=\"1333\"><strong data-start=\"1316\" data-end=\"1331\">Dimens\u00f5es :<\/strong><\/p>\n<ul data-start=\"1334\" data-end=\"1403\">\n<li data-section-id=\"qvfbqe\" data-start=\"1334\" data-end=\"1368\">Exterior: 6,05 x 2,44 x 2,59 m<\/li>\n<li data-section-id=\"x8bzir\" data-start=\"1369\" data-end=\"1403\">Interior: 5,90 x 2,35 x 2,39 m<\/li>\n<\/ul>\n<p data-start=\"1405\" data-end=\"1519\" data-is-last-node=\"\" data-is-only-node=\"\">Este contentor 20\u2032 Dry Classe B \u00e9 uma solu\u00e7\u00e3o pr\u00e1tica e resistente para armazenamento seguro a um custo otimizado.<\/p>\n","protected":false},"excerpt":{"rendered":"<p data-start=\"28\" data-end=\"135\">Contentor 20\u2032 Dry Classe B azul, robusto e estanque, ideal para armazenamento e transporte de carga pesada.<\/p>\n<p data-start=\"1316\" data-end=\"1333\"><strong data-start=\"1316\" data-end=\"1331\">Dimens\u00f5es :<\/strong><\/p>\n<ul data-start=\"1334\" data-end=\"1403\">\n<li data-section-id=\"qvfbqe\" data-start=\"1334\" data-end=\"1368\">Exterior: 6,05 x 2,44 x 2,59 m<\/li>\n<li data-section-id=\"x8bzir\" data-start=\"1369\" data-end=\"1403\">Interior: 5,90 x 2,35 x 2,39 m<\/li>\n<\/ul>\n","protected":false},"featured_media":14217,"template":"","meta":[],"product_cat":[100,96],"product_tag":[],"class_list":{"0":"post-14288","1":"product","2":"type-product","3":"status-publish","4":"has-post-thumbnail","6":"product_cat-contentores-de-20-pes-e-6-metros","7":"product_cat-contentores-usados","9":"first","10":"instock","11":"taxable","12":"shipping-taxable","13":"purchasable","14":"product-type-simple"},"_links":{"self":[{"href":"https:\/\/liscontentores.com\/index.php\/wp-json\/wp\/v2\/product\/14288","targetHints":{"allow":["GET"]}}],"collection":[{"href":"https:\/\/liscontentores.com\/index.php\/wp-json\/wp\/v2\/product"}],"about":[{"href":"https:\/\/liscontentores.com\/index.php\/wp-json\/wp\/v2\/types\/product"}],"wp:featuredmedia":[{"embeddable":true,"href":"https:\/\/liscontentores.com\/index.php\/wp-json\/wp\/v2\/media\/14217"}],"wp:attachment":[{"href":"https:\/\/liscontentores.com\/index.php\/wp-json\/wp\/v2\/media?parent=14288"}],"wp:term":[{"taxonomy":"product_cat","embeddable":true,"href":"https:\/\/liscontentores.com\/index.php\/wp-json\/wp\/v2\/product_cat?post=14288"},{"taxonomy":"product_tag","embeddable":true,"href":"https:\/\/liscontentores.com\/index.php\/wp-json\/wp\/v2\/product_tag?post=14288"}],"curies":[{"name":"wp","href":"https:\/\/api.w.org\/{rel}","templated":true}]}}