{"id":14296,"date":"2026-04-21T20:31:50","date_gmt":"2026-04-21T20:31:50","guid":{"rendered":"https:\/\/liscontentores.com\/?post_type=product&#038;p=14296"},"modified":"2026-04-21T20:31:50","modified_gmt":"2026-04-21T20:31:50","slug":"contenedor-vivienda-6-m-habitacional-modular-2","status":"publish","type":"product","link":"https:\/\/liscontentores.com\/index.php\/product\/contenedor-vivienda-6-m-habitacional-modular-2\/","title":{"rendered":"Contenedor vivienda 6 m habitacional modular"},"content":{"rendered":"<p data-start=\"332\" data-end=\"630\">O contentor residencial de 6 metros \u00e9 uma solu\u00e7\u00e3o modular vers\u00e1til, concebida para diversos usos como habita\u00e7\u00e3o, escrit\u00f3rio, oficina, armaz\u00e9m ou espa\u00e7o hoteleiro. Fabricado com uma estrutura em a\u00e7o soldado e pain\u00e9is sandu\u00edche isolantes, garante elevada resist\u00eancia, durabilidade e conforto t\u00e9rmico.<\/p>\n<p data-start=\"632\" data-end=\"887\">Totalmente personaliz\u00e1vel de acordo com as suas necessidades, este contentor adapta-se perfeitamente a projetos profissionais e particulares. A sua constru\u00e7\u00e3o robusta e os materiais de alta qualidade asseguram excelente desempenho em diferentes condi\u00e7\u00f5es.<\/p>\n<p data-start=\"889\" data-end=\"1091\">Este modelo est\u00e1 equipado com uma porta em liga de a\u00e7o\/alum\u00ednio, proporcionando seguran\u00e7a e longa vida \u00fatil. Inclui ainda servi\u00e7o p\u00f3s-venda com apoio t\u00e9cnico online, garantindo um acompanhamento fi\u00e1vel.<\/p>\n<p data-start=\"1093\" data-end=\"1127\"><strong data-start=\"1093\" data-end=\"1125\">Caracter\u00edsticas principais :<\/strong><\/p>\n<ul data-start=\"1128\" data-end=\"1427\">\n<li data-section-id=\"11fngin\" data-start=\"1128\" data-end=\"1150\">Refer\u00eancia: 000994<\/li>\n<li data-section-id=\"12x8soe\" data-start=\"1151\" data-end=\"1197\">Estrutura: a\u00e7o soldado de alta resist\u00eancia<\/li>\n<li data-section-id=\"10j8vt2\" data-start=\"1198\" data-end=\"1239\">Material: pain\u00e9is sandu\u00edche isolantes<\/li>\n<li data-section-id=\"jg9mnk\" data-start=\"1240\" data-end=\"1302\">Utiliza\u00e7\u00e3o: habita\u00e7\u00e3o, escrit\u00f3rio, hotel, armaz\u00e9m, oficina<\/li>\n<li data-section-id=\"7lz8v9\" data-start=\"1303\" data-end=\"1327\">Tipo: personaliz\u00e1vel<\/li>\n<li data-section-id=\"mycgah\" data-start=\"1328\" data-end=\"1351\">Cor: personaliz\u00e1vel<\/li>\n<li data-section-id=\"1kd274u\" data-start=\"1352\" data-end=\"1383\">Porta: liga de a\u00e7o\/alum\u00ednio<\/li>\n<li data-section-id=\"1ce8ns6\" data-start=\"1384\" data-end=\"1427\">Servi\u00e7o p\u00f3s-venda: apoio t\u00e9cnico online<\/li>\n<\/ul>\n<p data-start=\"1429\" data-end=\"1446\"><strong data-start=\"1429\" data-end=\"1444\">Dimens\u00f5es :<\/strong><\/p>\n<ul data-start=\"1447\" data-end=\"1520\">\n<li data-section-id=\"zruq0n\" data-start=\"1447\" data-end=\"1483\">Exteriores: 6,05 x 2,43 x 2,59 m<\/li>\n<li data-section-id=\"13b1sv9\" data-start=\"1484\" data-end=\"1520\">Interiores: 5,90 x 2,35 x 2,39 m<\/li>\n<\/ul>\n<p data-start=\"1522\" data-end=\"1648\" data-is-last-node=\"\" data-is-only-node=\"\">Este contentor modular \u00e9 a solu\u00e7\u00e3o ideal para criar rapidamente um espa\u00e7o funcional, moderno e adapt\u00e1vel \u00e0s suas necessidades.<\/p>\n","protected":false},"excerpt":{"rendered":"<p data-start=\"123\" data-end=\"297\">Contentor habitacional de 6 m com estrutura em a\u00e7o e pain\u00e9is sandu\u00edche isolantes, ideal para habita\u00e7\u00e3o, escrit\u00f3rio ou uso modular. Solu\u00e7\u00e3o robusta, personaliz\u00e1vel e vers\u00e1til.<\/p>\n","protected":false},"featured_media":14249,"template":"","meta":[],"product_cat":[101,96],"product_tag":[],"class_list":{"0":"post-14296","1":"product","2":"type-product","3":"status-publish","4":"has-post-thumbnail","6":"product_cat-casa-de-contentores","7":"product_cat-contentores-usados","9":"first","10":"instock","11":"taxable","12":"shipping-taxable","13":"purchasable","14":"product-type-simple"},"_links":{"self":[{"href":"https:\/\/liscontentores.com\/index.php\/wp-json\/wp\/v2\/product\/14296","targetHints":{"allow":["GET"]}}],"collection":[{"href":"https:\/\/liscontentores.com\/index.php\/wp-json\/wp\/v2\/product"}],"about":[{"href":"https:\/\/liscontentores.com\/index.php\/wp-json\/wp\/v2\/types\/product"}],"wp:featuredmedia":[{"embeddable":true,"href":"https:\/\/liscontentores.com\/index.php\/wp-json\/wp\/v2\/media\/14249"}],"wp:attachment":[{"href":"https:\/\/liscontentores.com\/index.php\/wp-json\/wp\/v2\/media?parent=14296"}],"wp:term":[{"taxonomy":"product_cat","embeddable":true,"href":"https:\/\/liscontentores.com\/index.php\/wp-json\/wp\/v2\/product_cat?post=14296"},{"taxonomy":"product_tag","embeddable":true,"href":"https:\/\/liscontentores.com\/index.php\/wp-json\/wp\/v2\/product_tag?post=14296"}],"curies":[{"name":"wp","href":"https:\/\/api.w.org\/{rel}","templated":true}]}}